{"id":13967,"date":"2021-01-21T15:01:00","date_gmt":"2021-01-21T15:01:00","guid":{"rendered":"https:\/\/i-moments.com\/p\/sense%20categoria\/clauers-vehicle\/"},"modified":"2025-12-29T09:38:00","modified_gmt":"2025-12-29T08:38:00","slug":"clauers-vehicle","status":"publish","type":"product","link":"https:\/\/i-moments.com\/ca\/p\/clauers-vehicle\/","title":{"rendered":"Clauers Vehicle Personalitzats"},"content":{"rendered":"<h2 style=\"text-align: center;\"><strong>CLAUERS VEHICLE PERSONALITZATS<\/strong><\/h2>\n<p>Clauers originals per al teu vehicle. S\u00f3n ideals per portar les claus del teu autom\u00f2bil, moto o les que desitges. Tamb\u00e9 com a publicitat de la teva empresa.<\/p>\n<h3><strong>Caracter\u00edstiques:<\/strong><\/h3>\n<p>Models Disponibles:<\/p>\n<ul>\n<li>Llavero Met\u00e1lico Furgoneta 1 cara. Mesura imatge: 4&#215;2 cm<\/li>\n<li>Llavero Met\u00e1lico Rueda 1 cara. Mesura imatge: 2,5&#215;2,5 cm<\/li>\n<\/ul>\n","protected":false},"excerpt":{"rendered":"<p>Models Disponibles<\/p>\n<ul>\n<li>Llavero Met\u00e1lico Furgoneta 1 cara. Mesura imatge: 4&#215;2 cm<\/li>\n<li>Llavero Met\u00e1lico Rueda 1 cara. Mesura imatge: 2,5&#215;2,5 cm<\/li>\n<\/ul>\n<div><\/div>\n","protected":false},"featured_media":10782,"comment_status":"open","ping_status":"closed","template":"","meta":[],"product_brand":[],"product_cat":[911,609,610],"product_tag":[636,638,650,707,1159],"class_list":{"0":"post-13967","1":"product","2":"type-product","3":"status-publish","4":"has-post-thumbnail","6":"product_cat-clauers-personalitzats","7":"product_cat-regala-productes-personalitzats","8":"product_cat-accessoris-personalitzables","9":"product_tag-per-a-ell","10":"product_tag-per-a-esportistes","11":"product_tag-graduacions","12":"product_tag-amic-invisible","13":"product_tag-esdeveniments","15":"first","16":"instock","17":"taxable","18":"shipping-taxable","19":"purchasable","20":"product-type-simple"},"_links":{"self":[{"href":"https:\/\/i-moments.com\/ca\/wp-json\/wp\/v2\/product\/13967","targetHints":{"allow":["GET"]}}],"collection":[{"href":"https:\/\/i-moments.com\/ca\/wp-json\/wp\/v2\/product"}],"about":[{"href":"https:\/\/i-moments.com\/ca\/wp-json\/wp\/v2\/types\/product"}],"replies":[{"embeddable":true,"href":"https:\/\/i-moments.com\/ca\/wp-json\/wp\/v2\/comments?post=13967"}],"wp:featuredmedia":[{"embeddable":true,"href":"https:\/\/i-moments.com\/ca\/wp-json\/wp\/v2\/media\/10782"}],"wp:attachment":[{"href":"https:\/\/i-moments.com\/ca\/wp-json\/wp\/v2\/media?parent=13967"}],"wp:term":[{"taxonomy":"product_brand","embeddable":true,"href":"https:\/\/i-moments.com\/ca\/wp-json\/wp\/v2\/product_brand?post=13967"},{"taxonomy":"product_cat","embeddable":true,"href":"https:\/\/i-moments.com\/ca\/wp-json\/wp\/v2\/product_cat?post=13967"},{"taxonomy":"product_tag","embeddable":true,"href":"https:\/\/i-moments.com\/ca\/wp-json\/wp\/v2\/product_tag?post=13967"}],"curies":[{"name":"wp","href":"https:\/\/api.w.org\/{rel}","templated":true}]}}