{"id":13977,"date":"2021-02-12T12:24:12","date_gmt":"2021-02-12T12:24:12","guid":{"rendered":"https:\/\/i-moments.com\/p\/sense%20categoria\/tassa-de-plastic-personalitzada\/"},"modified":"2025-09-30T15:39:59","modified_gmt":"2025-09-30T13:39:59","slug":"tassa-de-plastic","status":"publish","type":"product","link":"https:\/\/i-moments.com\/ca\/p\/tassa-de-plastic\/","title":{"rendered":"Tassa de Pl\u00e0stic Personalitzada"},"content":{"rendered":"<h2 style=\"text-align: center;\"><strong>TASSA DE PL\u00c0STIC PERSONALITZADA<\/strong><\/h2>\n<p>Crea, dissenya i personalitza una tassa de pl\u00e0stic amb els teus millors moments i les teves fotos favorites. Com que \u00e9s de pl\u00e0stic, \u00e9s el model ideal per a nens, per portar a la llar d&#8217;infants i al<\/p>\n<h3><strong>Caracter\u00edstiques:<\/strong><\/h3>\n<ul>\n<li>Material: Pl\u00e0stic<\/li>\n<li>Capacitat: 325 ml<\/li>\n<li>Mida: \u00f88 \u00d7 9,5 cm<\/li>\n<li>Apta per a rentaplats i microones<\/li>\n<li>Caixa regal opcional<\/li>\n<\/ul>\n","protected":false},"excerpt":{"rendered":"<ul>\n<li>Material: Pl\u00e0stic<\/li>\n<li>Capacitat: 325 ml<\/li>\n<li>Mida: \u00f88 \u00d7 9,5 cm<\/li>\n<li>Apta per a rentaplats i microones<\/li>\n<li>Caixa regal opcional<\/li>\n<\/ul>\n","protected":false},"featured_media":18826,"comment_status":"open","ping_status":"closed","template":"","meta":[],"product_brand":[],"product_cat":[571,572],"product_tag":[706,707,854,636,650,698],"class_list":{"0":"post-13977","1":"product","2":"type-product","3":"status-publish","4":"has-post-thumbnail","6":"product_cat-tasses-personalitzades","7":"product_cat-tasses","8":"product_tag-per-a-ella","9":"product_tag-amic-invisible","10":"product_tag-tornada-al-colle","11":"product_tag-per-a-ell","12":"product_tag-graduacions","13":"product_tag-primera-comunio","15":"first","16":"instock","17":"taxable","18":"shipping-taxable","19":"purchasable","20":"product-type-simple"},"_links":{"self":[{"href":"https:\/\/i-moments.com\/ca\/wp-json\/wp\/v2\/product\/13977","targetHints":{"allow":["GET"]}}],"collection":[{"href":"https:\/\/i-moments.com\/ca\/wp-json\/wp\/v2\/product"}],"about":[{"href":"https:\/\/i-moments.com\/ca\/wp-json\/wp\/v2\/types\/product"}],"replies":[{"embeddable":true,"href":"https:\/\/i-moments.com\/ca\/wp-json\/wp\/v2\/comments?post=13977"}],"wp:featuredmedia":[{"embeddable":true,"href":"https:\/\/i-moments.com\/ca\/wp-json\/wp\/v2\/media\/18826"}],"wp:attachment":[{"href":"https:\/\/i-moments.com\/ca\/wp-json\/wp\/v2\/media?parent=13977"}],"wp:term":[{"taxonomy":"product_brand","embeddable":true,"href":"https:\/\/i-moments.com\/ca\/wp-json\/wp\/v2\/product_brand?post=13977"},{"taxonomy":"product_cat","embeddable":true,"href":"https:\/\/i-moments.com\/ca\/wp-json\/wp\/v2\/product_cat?post=13977"},{"taxonomy":"product_tag","embeddable":true,"href":"https:\/\/i-moments.com\/ca\/wp-json\/wp\/v2\/product_tag?post=13977"}],"curies":[{"name":"wp","href":"https:\/\/api.w.org\/{rel}","templated":true}]}}