{"id":13991,"date":"2021-01-21T15:47:32","date_gmt":"2021-01-21T15:47:32","guid":{"rendered":"https:\/\/i-moments.com\/p\/sense%20categoria\/foto-ceramica-marbre-o-granit-personalitzada\/"},"modified":"2025-09-30T15:40:58","modified_gmt":"2025-09-30T13:40:58","slug":"foto-ceramica-marmol-o-granit-personalitzada","status":"publish","type":"product","link":"https:\/\/i-moments.com\/ca\/p\/foto-ceramica-marmol-o-granit-personalitzada\/","title":{"rendered":"Foto Cer\u00e0mica Marbre o Granit Personalitzada"},"content":{"rendered":"<h2 style=\"text-align: center;\"><strong>FOTO CER\u00c0MICA MARBRE O GRANIT PERSONALITZADA<\/strong><\/h2>\n<p>Producte ideat per enganxar a les l\u00e0pides mitjan\u00e7ant silicones d&#8217; exterior. Les Cer\u00e0miques d&#8217;i-moments estan fabricades amb la millor porcellana d&#8217;It\u00e0lia. El proc\u00e9s d&#8217;impressi\u00f3 de les fotos digitals es realitza per pigments cer\u00e0mics (no per tinta).<\/p>\n<h3><strong>Caracter\u00edstiques de la Foto Cer\u00e0mica Marbre o Granit Personalitzada<\/strong>:<\/h3>\n<ul>\n<li>Format: Ovalat o Rectangular<\/li>\n<li>Acabat: Marbre o Granit<\/li>\n<li>Orientaci\u00f3: Vertical i Horitzontal<\/li>\n<li>Impressi\u00f3 per pigments cer\u00e0mics<\/li>\n<li>Proc\u00e9s de vitrificat per cocci\u00f3 a m\u00e9s de 1.000\u00baC<\/li>\n<li>Producte ideal per enganxar en l\u00e0pides<\/li>\n<li>Mida: 11 x 15 cm<\/li>\n<\/ul>\n","protected":false},"excerpt":{"rendered":"<p>Coneix les caracter\u00edstiques principals d&#8217; aquesta Foto Cer\u00e0mica Marbre o Granit Personalitzada:<\/p>\n<ul>\n<li>Format: Ovalat o Rectangular<\/li>\n<li>Acabat: Marbre o Granit<\/li>\n<li>Orientaci\u00f3: Vertical i Horitzontal<\/li>\n<li>Impressi\u00f3 per pigments cer\u00e0mics<\/li>\n<li>Proc\u00e9s de vitrificat per cocci\u00f3 a m\u00e9s de 1.000\u00baC<\/li>\n<li>Producte ideal per enganxar en l\u00e0pides<\/li>\n<li>Mida: 11 x 15 cm<\/li>\n<\/ul>\n","protected":false},"featured_media":10558,"comment_status":"open","ping_status":"closed","template":"","meta":[],"product_brand":[],"product_cat":[743,741],"product_tag":[],"class_list":{"0":"post-13991","1":"product","2":"type-product","3":"status-publish","4":"has-post-thumbnail","6":"product_cat-ceramiques-personalitzades","7":"product_cat-decora-ca","9":"first","10":"instock","11":"taxable","12":"shipping-taxable","13":"purchasable","14":"product-type-variable"},"_links":{"self":[{"href":"https:\/\/i-moments.com\/ca\/wp-json\/wp\/v2\/product\/13991","targetHints":{"allow":["GET"]}}],"collection":[{"href":"https:\/\/i-moments.com\/ca\/wp-json\/wp\/v2\/product"}],"about":[{"href":"https:\/\/i-moments.com\/ca\/wp-json\/wp\/v2\/types\/product"}],"replies":[{"embeddable":true,"href":"https:\/\/i-moments.com\/ca\/wp-json\/wp\/v2\/comments?post=13991"}],"wp:featuredmedia":[{"embeddable":true,"href":"https:\/\/i-moments.com\/ca\/wp-json\/wp\/v2\/media\/10558"}],"wp:attachment":[{"href":"https:\/\/i-moments.com\/ca\/wp-json\/wp\/v2\/media?parent=13991"}],"wp:term":[{"taxonomy":"product_brand","embeddable":true,"href":"https:\/\/i-moments.com\/ca\/wp-json\/wp\/v2\/product_brand?post=13991"},{"taxonomy":"product_cat","embeddable":true,"href":"https:\/\/i-moments.com\/ca\/wp-json\/wp\/v2\/product_cat?post=13991"},{"taxonomy":"product_tag","embeddable":true,"href":"https:\/\/i-moments.com\/ca\/wp-json\/wp\/v2\/product_tag?post=13991"}],"curies":[{"name":"wp","href":"https:\/\/api.w.org\/{rel}","templated":true}]}}