{"id":14001,"date":"2021-02-12T08:07:36","date_gmt":"2021-02-12T08:07:36","guid":{"rendered":"https:\/\/i-moments.com\/p\/sense%20categoria\/gorro-cuiner\/"},"modified":"2025-09-30T15:40:17","modified_gmt":"2025-09-30T13:40:17","slug":"gorra-cuiner","status":"publish","type":"product","link":"https:\/\/i-moments.com\/ca\/p\/gorra-cuiner\/","title":{"rendered":"Gorro de Cuiner Personalitzat amb Foto"},"content":{"rendered":"<h2 style=\"text-align: center;\"><strong>GORRO DE CUINER PERSONALITZAT AMB FOTO<\/strong><\/h2>\n<p class=\"\" data-start=\"1118\" data-end=\"1433\">Ets un apassionat de la cuina o coneixes alg\u00fa que ho sigui? El <g id=\"gid_0\">got de cuiner personalitzat<\/g> \u00e9s el complement perfecte per als qui gaudeixen entre fogons. Pots afegir el teu nom, logo, foto o missatge divertit, convertint-lo en un article \u00fanic que reflecteixi la teva personalitat o la de qui el rep.  <\/p>\n<p class=\"\" data-start=\"1435\" data-end=\"1630\">Fabricat en poli\u00e8ster blanc amb tacte cot\u00f3, \u00e9s c\u00f2mode, resistent i rentable. Gr\u00e0cies a la seva \u00e0rea d&#8217; impressi\u00f3 de 12 x 7,5 cm, ofereix espai suficient per personalitzar amb qualitat i detall. <\/p>\n<p class=\"\" data-start=\"1632\" data-end=\"1824\">Perfecte per a xefs professionals, estudiants de cuina o aficionats culinaris, aquest got \u00e9s tamb\u00e9 un <strong data-start=\"1740\" data-end=\"1771\">regal original i exclusiu<\/strong> per a aniversaris, Nadal o celebracions especials.<\/p>\n<h3><strong>Caracter\u00edstiques:<\/strong><\/h3>\n<ul>\n<li>Material: Poli\u00e8ster Blanc<\/li>\n<li>Tacte Cot\u00f3<\/li>\n<li>Mida 25 x 27 cm<\/li>\n<li>Mida impressi\u00f3: 12 x 7,5 cm<\/li>\n<li>Apte per a Rentadora<\/li>\n<\/ul>\n","protected":false},"excerpt":{"rendered":"<p>Crea el teu propi got de cuiner personalitzat amb la teva foto, nom, logo o missatge. Ideal per a xefs, aficionats a la cuina o com a regal \u00fanic. <\/p>\n","protected":false},"featured_media":25796,"comment_status":"open","ping_status":"closed","template":"","meta":[],"product_brand":[1265],"product_cat":[604,603,605],"product_tag":[627,636,637,1318,1371],"class_list":{"0":"post-14001","1":"product","2":"type-product","3":"status-publish","4":"has-post-thumbnail","6":"product_brand-i-moments","7":"product_cat-davantals-personalitzats","8":"product_cat-llar","9":"product_cat-cuina-i-bany","10":"product_tag-dia-del-pare","11":"product_tag-per-a-ell","12":"product_tag-per-a-la-llar","13":"product_tag-regal-original","14":"product_tag-per-a-cuinetes","16":"first","17":"instock","18":"taxable","19":"shipping-taxable","20":"purchasable","21":"product-type-simple"},"_links":{"self":[{"href":"https:\/\/i-moments.com\/ca\/wp-json\/wp\/v2\/product\/14001","targetHints":{"allow":["GET"]}}],"collection":[{"href":"https:\/\/i-moments.com\/ca\/wp-json\/wp\/v2\/product"}],"about":[{"href":"https:\/\/i-moments.com\/ca\/wp-json\/wp\/v2\/types\/product"}],"replies":[{"embeddable":true,"href":"https:\/\/i-moments.com\/ca\/wp-json\/wp\/v2\/comments?post=14001"}],"wp:featuredmedia":[{"embeddable":true,"href":"https:\/\/i-moments.com\/ca\/wp-json\/wp\/v2\/media\/25796"}],"wp:attachment":[{"href":"https:\/\/i-moments.com\/ca\/wp-json\/wp\/v2\/media?parent=14001"}],"wp:term":[{"taxonomy":"product_brand","embeddable":true,"href":"https:\/\/i-moments.com\/ca\/wp-json\/wp\/v2\/product_brand?post=14001"},{"taxonomy":"product_cat","embeddable":true,"href":"https:\/\/i-moments.com\/ca\/wp-json\/wp\/v2\/product_cat?post=14001"},{"taxonomy":"product_tag","embeddable":true,"href":"https:\/\/i-moments.com\/ca\/wp-json\/wp\/v2\/product_tag?post=14001"}],"curies":[{"name":"wp","href":"https:\/\/api.w.org\/{rel}","templated":true}]}}