{"id":14011,"date":"2021-01-21T15:31:06","date_gmt":"2021-01-21T15:31:06","guid":{"rendered":"https:\/\/i-moments.com\/p\/sense%20categoria\/bola-de-neu-ovalada-corazones\/"},"modified":"2025-09-30T15:40:49","modified_gmt":"2025-09-30T13:40:49","slug":"bola-de-neu-ovalada-cor","status":"publish","type":"product","link":"https:\/\/i-moments.com\/ca\/p\/bola-de-neu-ovalada-cor\/","title":{"rendered":"Bola de Neu Ovalada Corazones"},"content":{"rendered":"<h2 style=\"text-align: center;\"><strong>BOLA DE NEU OVALADA CORAZONES<\/strong><\/h2>\n<p>S\u00f3n m\u00e0giques i divertides! Il\u00b7lusiona regalant una original Bola de Neu personalitzada. Aquesta bola de neu fotogr\u00e0fica est\u00e0 feta de pl\u00e0stic transparent d&#8217;alta qualitat, cont\u00e9 un l\u00edquid transparent en el qual giren els destells vermells del cor.<\/p>\n<p>Impreses a dues cares i amb cors flotant&#8230; \u00a1Encertar\u00e0s segur!<\/p>\n<h3><strong>Caracter\u00edstiques:<\/strong><\/h3>\n<ul>\n<li>Mides: 7,5 x 10 cm<\/li>\n<li>Material: Pl\u00e0stic<\/li>\n<li>Caixa de regal opcional<\/li>\n<\/ul>\n","protected":false},"excerpt":{"rendered":"<ul>\n<li>Mides: 7,5 x 10 cm<\/li>\n<li>Material: Pl\u00e0stic<\/li>\n<li>Caixa de regal opcional<\/li>\n<\/ul>\n","protected":false},"featured_media":22880,"comment_status":"open","ping_status":"closed","template":"","meta":[],"product_brand":[],"product_cat":[620,619,795],"product_tag":[621,707],"class_list":{"0":"post-14011","1":"product","2":"type-product","3":"status-publish","4":"has-post-thumbnail","6":"product_cat-adorns-de-nadal","7":"product_cat-nadal","8":"product_cat-boles-de-neu","9":"product_tag-nadal","10":"product_tag-amic-invisible","12":"first","13":"instock","14":"taxable","15":"shipping-taxable","16":"purchasable","17":"product-type-simple"},"_links":{"self":[{"href":"https:\/\/i-moments.com\/ca\/wp-json\/wp\/v2\/product\/14011","targetHints":{"allow":["GET"]}}],"collection":[{"href":"https:\/\/i-moments.com\/ca\/wp-json\/wp\/v2\/product"}],"about":[{"href":"https:\/\/i-moments.com\/ca\/wp-json\/wp\/v2\/types\/product"}],"replies":[{"embeddable":true,"href":"https:\/\/i-moments.com\/ca\/wp-json\/wp\/v2\/comments?post=14011"}],"wp:featuredmedia":[{"embeddable":true,"href":"https:\/\/i-moments.com\/ca\/wp-json\/wp\/v2\/media\/22880"}],"wp:attachment":[{"href":"https:\/\/i-moments.com\/ca\/wp-json\/wp\/v2\/media?parent=14011"}],"wp:term":[{"taxonomy":"product_brand","embeddable":true,"href":"https:\/\/i-moments.com\/ca\/wp-json\/wp\/v2\/product_brand?post=14011"},{"taxonomy":"product_cat","embeddable":true,"href":"https:\/\/i-moments.com\/ca\/wp-json\/wp\/v2\/product_cat?post=14011"},{"taxonomy":"product_tag","embeddable":true,"href":"https:\/\/i-moments.com\/ca\/wp-json\/wp\/v2\/product_tag?post=14011"}],"curies":[{"name":"wp","href":"https:\/\/api.w.org\/{rel}","templated":true}]}}