{"id":14019,"date":"2021-01-21T15:16:02","date_gmt":"2021-01-21T15:16:02","guid":{"rendered":"https:\/\/i-moments.com\/p\/sense%20categoria\/bola-de-neu-ovalada-neu\/"},"modified":"2025-09-30T15:41:09","modified_gmt":"2025-09-30T13:41:09","slug":"bola-de-neu-ovalada-neu","status":"publish","type":"product","link":"https:\/\/i-moments.com\/ca\/p\/bola-de-neu-ovalada-neu\/","title":{"rendered":"Bola de Neu Ovalada Neu"},"content":{"rendered":"<h2 style=\"text-align: center;\"><strong>BOLA DE NEU OVALADA NEU<\/strong><\/h2>\n<p>S\u00f3n m\u00e0giques i divertides! Il\u00b7lusiona regalant una original bola de neu personalitzada.<br \/>\nImpreses a una o dues cares i amb neu&#8230; Encertar\u00e0s segur!<br \/>\nBola de Neu feta de pl\u00e0stic transparent d&#8217;alta qualitat, cont\u00e9 un l\u00edquid transparent en el qual la neu s&#8217;arremolina.<\/p>\n<h3><strong>Caracter\u00edstiques:<\/strong><\/h3>\n<ul>\n<li>Mida: 9 x 7,5 cm<\/li>\n<li>Material: Pl\u00e0stic<\/li>\n<li>Caixa de regal opcional<\/li>\n<\/ul>\n","protected":false},"excerpt":{"rendered":"<ul>\n<li>Mida: 9 x 7,5 cm<\/li>\n<li>Material: Pl\u00e0stic<\/li>\n<li>Caixa de regal opcional<\/li>\n<\/ul>\n","protected":false},"featured_media":22874,"comment_status":"open","ping_status":"closed","template":"","meta":[],"product_brand":[],"product_cat":[620,795,619],"product_tag":[621,707],"class_list":{"0":"post-14019","1":"product","2":"type-product","3":"status-publish","4":"has-post-thumbnail","6":"product_cat-adorns-de-nadal","7":"product_cat-boles-de-neu","8":"product_cat-nadal","9":"product_tag-nadal","10":"product_tag-amic-invisible","12":"first","13":"instock","14":"taxable","15":"shipping-taxable","16":"purchasable","17":"product-type-simple"},"_links":{"self":[{"href":"https:\/\/i-moments.com\/ca\/wp-json\/wp\/v2\/product\/14019","targetHints":{"allow":["GET"]}}],"collection":[{"href":"https:\/\/i-moments.com\/ca\/wp-json\/wp\/v2\/product"}],"about":[{"href":"https:\/\/i-moments.com\/ca\/wp-json\/wp\/v2\/types\/product"}],"replies":[{"embeddable":true,"href":"https:\/\/i-moments.com\/ca\/wp-json\/wp\/v2\/comments?post=14019"}],"wp:featuredmedia":[{"embeddable":true,"href":"https:\/\/i-moments.com\/ca\/wp-json\/wp\/v2\/media\/22874"}],"wp:attachment":[{"href":"https:\/\/i-moments.com\/ca\/wp-json\/wp\/v2\/media?parent=14019"}],"wp:term":[{"taxonomy":"product_brand","embeddable":true,"href":"https:\/\/i-moments.com\/ca\/wp-json\/wp\/v2\/product_brand?post=14019"},{"taxonomy":"product_cat","embeddable":true,"href":"https:\/\/i-moments.com\/ca\/wp-json\/wp\/v2\/product_cat?post=14019"},{"taxonomy":"product_tag","embeddable":true,"href":"https:\/\/i-moments.com\/ca\/wp-json\/wp\/v2\/product_tag?post=14019"}],"curies":[{"name":"wp","href":"https:\/\/api.w.org\/{rel}","templated":true}]}}