{"id":14027,"date":"2021-01-21T15:49:32","date_gmt":"2021-01-21T15:49:32","guid":{"rendered":"https:\/\/i-moments.com\/p\/sense%20categoria\/foto-ceramica-llibre-personalitzada\/"},"modified":"2025-09-30T15:40:41","modified_gmt":"2025-09-30T13:40:41","slug":"foto-ceramica-llibre-personalitzada","status":"publish","type":"product","link":"https:\/\/i-moments.com\/ca\/p\/foto-ceramica-llibre-personalitzada\/","title":{"rendered":"Foto Cer\u00e0mica Llibre Personalitzada"},"content":{"rendered":"<h2 style=\"text-align: center;\"><strong>FOTO CER\u00c0MICA LLIBRE PERSONALITZADA<\/strong><\/h2>\n<p>La teva cer\u00e0mica llibre personalitzada digital est\u00e0 ideada per recordar els m\u00e9s volguts amb una foto i un text recordatori. Aquesta foto cer\u00e0mica \u00e9s ideal per pegar a les l\u00e0pides dels cementiris. En i-moments fabriquem les cer\u00e0miques amb la millor porcellana d&#8217;It\u00e0lia.<\/p>\n<h3><strong>Caracter\u00edstiques d&#8217; aquesta Foto Cer\u00e0mica Llibre personalitzada<\/strong>:<\/h3>\n<ul>\n<li>Producte ideal per enganxar en l\u00e0pides<\/li>\n<li>Impressi\u00f3 per pigments cer\u00e0mics<\/li>\n<li>Proc\u00e9s de vitrificat per cocci\u00f3 a m\u00e9s de 1.000\u00baC<\/li>\n<li>Es poden afegir textos a les imatges<\/li>\n<li>Mida: 16&#215;14 cm<\/li>\n<\/ul>\n","protected":false},"excerpt":{"rendered":"<p>Coneix les caracter\u00edstiques principals d&#8217; aquesta Foto Cer\u00e0mica llibre personalitzada:<\/p>\n<ul>\n<li>Producte ideal per enganxar en l\u00e0pides<\/li>\n<li>Impressi\u00f3 per pigments cer\u00e0mics<\/li>\n<li>Proc\u00e9s de vitrificat per cocci\u00f3 a m\u00e9s de 1.000\u00baC<\/li>\n<li>Es poden afegir textos a les imatges<\/li>\n<li>Mida: 16&#215;14 cm<\/li>\n<\/ul>\n","protected":false},"featured_media":15892,"comment_status":"open","ping_status":"closed","template":"","meta":[],"product_brand":[],"product_cat":[743,741],"product_tag":[],"class_list":{"0":"post-14027","1":"product","2":"type-product","3":"status-publish","4":"has-post-thumbnail","6":"product_cat-ceramiques-personalitzades","7":"product_cat-decora-ca","9":"first","10":"instock","11":"taxable","12":"shipping-taxable","13":"purchasable","14":"product-type-simple"},"_links":{"self":[{"href":"https:\/\/i-moments.com\/ca\/wp-json\/wp\/v2\/product\/14027","targetHints":{"allow":["GET"]}}],"collection":[{"href":"https:\/\/i-moments.com\/ca\/wp-json\/wp\/v2\/product"}],"about":[{"href":"https:\/\/i-moments.com\/ca\/wp-json\/wp\/v2\/types\/product"}],"replies":[{"embeddable":true,"href":"https:\/\/i-moments.com\/ca\/wp-json\/wp\/v2\/comments?post=14027"}],"wp:featuredmedia":[{"embeddable":true,"href":"https:\/\/i-moments.com\/ca\/wp-json\/wp\/v2\/media\/15892"}],"wp:attachment":[{"href":"https:\/\/i-moments.com\/ca\/wp-json\/wp\/v2\/media?parent=14027"}],"wp:term":[{"taxonomy":"product_brand","embeddable":true,"href":"https:\/\/i-moments.com\/ca\/wp-json\/wp\/v2\/product_brand?post=14027"},{"taxonomy":"product_cat","embeddable":true,"href":"https:\/\/i-moments.com\/ca\/wp-json\/wp\/v2\/product_cat?post=14027"},{"taxonomy":"product_tag","embeddable":true,"href":"https:\/\/i-moments.com\/ca\/wp-json\/wp\/v2\/product_tag?post=14027"}],"curies":[{"name":"wp","href":"https:\/\/api.w.org\/{rel}","templated":true}]}}