{"id":14049,"date":"2021-01-21T12:46:32","date_gmt":"2021-01-21T12:46:32","guid":{"rendered":"https:\/\/i-moments.com\/p\/sense%20categoria\/landyard-personalitzat\/"},"modified":"2025-09-30T15:42:49","modified_gmt":"2025-09-30T13:42:49","slug":"landyards","status":"publish","type":"product","link":"https:\/\/i-moments.com\/ca\/p\/landyards\/","title":{"rendered":"Landyard Personalitzat"},"content":{"rendered":"<h2 style=\"text-align: center;\"><strong>LANDYARD PERSONALITZAT<\/strong><\/h2>\n<p>Fes tu mateix de forma senzilla Lanyards personalitzats i originals per portar en esdeveniments, fires, congressos, concerts o viatges d&#8217;empresa. Poseu-li el logo d&#8217;una empresa, el nom de la persona que assisteix a l&#8217;esdeveniment o la imatge d&#8217;un article a promocionar i fes que els clients que assisteixen recordin millor la persona que veuen i la marca que representa. El seu cord\u00f3 de cot\u00f3 el fa molt c\u00f2mode de portar.<\/p>\n<h3><strong>Caracter\u00edstiques:<\/strong><\/h3>\n<ul>\n<li>Color: Vermell \/ Blau<\/li>\n<li>Cord\u00f3: Cot\u00f3<\/li>\n<li>Mida imatge: \u00f8 2,5 cm.<\/li>\n<\/ul>\n","protected":false},"excerpt":{"rendered":"<ul>\n<li>Color: Vermell \/ Blau<\/li>\n<li>Cord\u00f3: Cot\u00f3<\/li>\n<li>Mida imatge: \u00f8 2,5 cm.<\/li>\n<\/ul>\n","protected":false},"featured_media":10664,"comment_status":"open","ping_status":"closed","template":"","meta":[],"product_brand":[],"product_cat":[911,609,610],"product_tag":[638,650,636],"class_list":{"0":"post-14049","1":"product","2":"type-product","3":"status-publish","4":"has-post-thumbnail","6":"product_cat-clauers-personalitzats","7":"product_cat-regala-productes-personalitzats","8":"product_cat-accessoris-personalitzables","9":"product_tag-per-a-esportistes","10":"product_tag-graduacions","11":"product_tag-per-a-ell","13":"first","14":"instock","15":"taxable","16":"shipping-taxable","17":"purchasable","18":"product-type-variable"},"_links":{"self":[{"href":"https:\/\/i-moments.com\/ca\/wp-json\/wp\/v2\/product\/14049","targetHints":{"allow":["GET"]}}],"collection":[{"href":"https:\/\/i-moments.com\/ca\/wp-json\/wp\/v2\/product"}],"about":[{"href":"https:\/\/i-moments.com\/ca\/wp-json\/wp\/v2\/types\/product"}],"replies":[{"embeddable":true,"href":"https:\/\/i-moments.com\/ca\/wp-json\/wp\/v2\/comments?post=14049"}],"wp:featuredmedia":[{"embeddable":true,"href":"https:\/\/i-moments.com\/ca\/wp-json\/wp\/v2\/media\/10664"}],"wp:attachment":[{"href":"https:\/\/i-moments.com\/ca\/wp-json\/wp\/v2\/media?parent=14049"}],"wp:term":[{"taxonomy":"product_brand","embeddable":true,"href":"https:\/\/i-moments.com\/ca\/wp-json\/wp\/v2\/product_brand?post=14049"},{"taxonomy":"product_cat","embeddable":true,"href":"https:\/\/i-moments.com\/ca\/wp-json\/wp\/v2\/product_cat?post=14049"},{"taxonomy":"product_tag","embeddable":true,"href":"https:\/\/i-moments.com\/ca\/wp-json\/wp\/v2\/product_tag?post=14049"}],"curies":[{"name":"wp","href":"https:\/\/api.w.org\/{rel}","templated":true}]}}