{"id":14051,"date":"2021-01-21T12:01:18","date_gmt":"2021-01-21T12:01:18","guid":{"rendered":"https:\/\/i-moments.com\/p\/sense%20categoria\/funda-samsung-galaxy-s6\/"},"modified":"2025-09-30T14:46:59","modified_gmt":"2025-09-30T12:46:59","slug":"samsung-galaxy-s6","status":"publish","type":"product","link":"https:\/\/i-moments.com\/ca\/p\/samsung-galaxy-s6\/","title":{"rendered":"Funda Samsung Galaxy S6"},"content":{"rendered":"<h2 style=\"text-align: center;\"><strong>FUNDA SAMSUNG GALAXY S6<\/strong><\/h2>\n<p>Amb la funda d&#8217;i-moments, la teva pantalla quedar\u00e0 totalment protegida, compta amb butxaques interiors per a targetes de cr\u00e8dit. Aquesta luxosa funda no nom\u00e9s \u00e9s pr\u00e0ctica, sin\u00f3 que suposa una excel\u00b7lent protecci\u00f3 contra caigudes i rascades.<\/p>\n<h3><strong>Caracter\u00edstiques:<\/strong><\/h3>\n<ul>\n<li>Funda simil pell amb tancament<\/li>\n<li>Butxaques interiors per a targetes<\/li>\n<li>Mida Impressi\u00f3: 7,3 x 15 cm<\/li>\n<\/ul>\n","protected":false},"excerpt":{"rendered":"<ul>\n<li>Funda simil pell amb tancament<\/li>\n<li>Butxaques interiors per a targetes<\/li>\n<li>Mida Impressi\u00f3: 7,3 x 15 cm<\/li>\n<\/ul>\n","protected":false},"featured_media":12636,"comment_status":"open","ping_status":"closed","template":"","meta":[],"product_brand":[],"product_cat":[863,609,610,723],"product_tag":[],"class_list":{"0":"post-14051","1":"product","2":"type-product","3":"status-publish","4":"has-post-thumbnail","6":"product_cat-per-al-teu-samsung-galaxy","7":"product_cat-regala-productes-personalitzats","8":"product_cat-accessoris-personalitzables","9":"product_cat-carcasses-personalitzades-per-al-teu-mobil-ca","11":"first","12":"instock","13":"taxable","14":"shipping-taxable","15":"purchasable","16":"product-type-simple"},"_links":{"self":[{"href":"https:\/\/i-moments.com\/ca\/wp-json\/wp\/v2\/product\/14051","targetHints":{"allow":["GET"]}}],"collection":[{"href":"https:\/\/i-moments.com\/ca\/wp-json\/wp\/v2\/product"}],"about":[{"href":"https:\/\/i-moments.com\/ca\/wp-json\/wp\/v2\/types\/product"}],"replies":[{"embeddable":true,"href":"https:\/\/i-moments.com\/ca\/wp-json\/wp\/v2\/comments?post=14051"}],"wp:featuredmedia":[{"embeddable":true,"href":"https:\/\/i-moments.com\/ca\/wp-json\/wp\/v2\/media\/12636"}],"wp:attachment":[{"href":"https:\/\/i-moments.com\/ca\/wp-json\/wp\/v2\/media?parent=14051"}],"wp:term":[{"taxonomy":"product_brand","embeddable":true,"href":"https:\/\/i-moments.com\/ca\/wp-json\/wp\/v2\/product_brand?post=14051"},{"taxonomy":"product_cat","embeddable":true,"href":"https:\/\/i-moments.com\/ca\/wp-json\/wp\/v2\/product_cat?post=14051"},{"taxonomy":"product_tag","embeddable":true,"href":"https:\/\/i-moments.com\/ca\/wp-json\/wp\/v2\/product_tag?post=14051"}],"curies":[{"name":"wp","href":"https:\/\/api.w.org\/{rel}","templated":true}]}}