{"id":14061,"date":"2021-01-21T12:36:46","date_gmt":"2021-01-21T12:36:46","guid":{"rendered":"https:\/\/i-moments.com\/p\/sense%20categoria\/etiquetes-personalitzades\/"},"modified":"2025-09-30T15:43:23","modified_gmt":"2025-09-30T13:43:23","slug":"etiquetes-personalitzades","status":"publish","type":"product","link":"https:\/\/i-moments.com\/ca\/p\/etiquetes-personalitzades\/","title":{"rendered":"Etiquetes Personalitzades"},"content":{"rendered":"<h2 style=\"text-align: center;\"><strong>ETIQUETES PERSONALITZADES<\/strong><\/h2>\n<p>Que els teus fills perdin un llibre de text, material escolar, etc. et fa perdre temps, esfor\u00e7 i diners. Per aix\u00f2 en i-moments volem facilitar la tasca d&#8217;identificar d&#8217;una manera f\u00e0cil, r\u00e0pida, c\u00f2moda i divertida tot all\u00f2 que puguin extraviar. Crea les teves pr\u00f2pies i exclusives etiquetes al teu gust per identificar-ho tot. Amb la seva foto, amb les teves dades i amb el nom del col\u00b7legi.<\/p>\n<h3><strong>Caracter\u00edstiques:<\/strong><\/h3>\n<ul>\n<li>Mida: 9 x 5 cm<\/li>\n<li>Paper adhesiu de 90 g + vern\u00eds brillantor<\/li>\n<li>Pack m\u00ednim (20 Unitats)<\/li>\n<\/ul>\n","protected":false},"excerpt":{"rendered":"<ul>\n<li>Mida: 9 x 5 cm<\/li>\n<li>Paper adhesiu de 90 g + vern\u00eds brillantor<\/li>\n<li>Pack m\u00ednim (20 Unitats)<\/li>\n<\/ul>\n","protected":false},"featured_media":10310,"comment_status":"open","ping_status":"closed","template":"","meta":[],"product_brand":[],"product_cat":[811,797,803],"product_tag":[841,854],"class_list":{"0":"post-14061","1":"product","2":"type-product","3":"status-publish","4":"has-post-thumbnail","6":"product_cat-etiquetes-personalitzades","7":"product_cat-nens","8":"product_cat-per-a-nens","9":"product_tag-per-a-nens","10":"product_tag-tornada-al-colle","12":"first","13":"instock","14":"taxable","15":"shipping-taxable","16":"purchasable","17":"product-type-simple"},"_links":{"self":[{"href":"https:\/\/i-moments.com\/ca\/wp-json\/wp\/v2\/product\/14061","targetHints":{"allow":["GET"]}}],"collection":[{"href":"https:\/\/i-moments.com\/ca\/wp-json\/wp\/v2\/product"}],"about":[{"href":"https:\/\/i-moments.com\/ca\/wp-json\/wp\/v2\/types\/product"}],"replies":[{"embeddable":true,"href":"https:\/\/i-moments.com\/ca\/wp-json\/wp\/v2\/comments?post=14061"}],"wp:featuredmedia":[{"embeddable":true,"href":"https:\/\/i-moments.com\/ca\/wp-json\/wp\/v2\/media\/10310"}],"wp:attachment":[{"href":"https:\/\/i-moments.com\/ca\/wp-json\/wp\/v2\/media?parent=14061"}],"wp:term":[{"taxonomy":"product_brand","embeddable":true,"href":"https:\/\/i-moments.com\/ca\/wp-json\/wp\/v2\/product_brand?post=14061"},{"taxonomy":"product_cat","embeddable":true,"href":"https:\/\/i-moments.com\/ca\/wp-json\/wp\/v2\/product_cat?post=14061"},{"taxonomy":"product_tag","embeddable":true,"href":"https:\/\/i-moments.com\/ca\/wp-json\/wp\/v2\/product_tag?post=14061"}],"curies":[{"name":"wp","href":"https:\/\/api.w.org\/{rel}","templated":true}]}}