{"id":14065,"date":"2021-01-21T12:34:50","date_gmt":"2021-01-21T12:34:50","guid":{"rendered":"https:\/\/i-moments.com\/p\/sense%20categoria\/motxilla-personalitzades\/"},"modified":"2025-09-30T15:43:32","modified_gmt":"2025-09-30T13:43:32","slug":"motxilla-personalitzades","status":"publish","type":"product","link":"https:\/\/i-moments.com\/ca\/p\/motxilla-personalitzades\/","title":{"rendered":"Motxilla Personalitzada"},"content":{"rendered":"<h2 style=\"text-align: center;\"><strong>MOTXILLA PERSONALITZADA<\/strong><\/h2>\n<p>\u00a1Bonita motxilla escolar per a nens, resistent i pots personalitzar la solapa! \u00c9s un producte divertit amb el nom del nen o una imatge del seu superheroi.<br \/>\nDissenyada exclusivament per tu, amb els teus millors moments o dissenys que m\u00e9s t&#8217;agraden. A trav\u00e9s del nostre editor online podr\u00e0s editar la foto com al teu gust, afegint filtres i textos, d&#8217;una manera molt f\u00e0cil i r\u00e0pida.<\/p>\n<h3><strong>Caracter\u00edstiques:<\/strong><\/h3>\n<ul>\n<li>Mida: 25&#215;30 cm<\/li>\n<li>Material: Poli\u00e8ster<\/li>\n<li>Solapa Personalitzada: 30&#215;30 cm<\/li>\n<li>Color: Negre<\/li>\n<li>Es pot rentar a la rentadora<\/li>\n<\/ul>\n","protected":false},"excerpt":{"rendered":"<ul>\n<li>Mida: 25&#215;30 cm<\/li>\n<li>Material: Poli\u00e8ster<\/li>\n<li>Solapa Personalitzada: 30&#215;30 cm<\/li>\n<li>Color: Negre<\/li>\n<li>Es pot rentar a la rentadora<\/li>\n<\/ul>\n","protected":false},"featured_media":10318,"comment_status":"open","ping_status":"closed","template":"","meta":[],"product_brand":[],"product_cat":[797,803,915],"product_tag":[841,854,1159],"class_list":{"0":"post-14065","1":"product","2":"type-product","3":"status-publish","4":"has-post-thumbnail","6":"product_cat-nens","7":"product_cat-per-a-nens","8":"product_cat-motxilles-personalitzades","9":"product_tag-per-a-nens","10":"product_tag-tornada-al-colle","11":"product_tag-esdeveniments","13":"first","14":"instock","15":"taxable","16":"shipping-taxable","17":"purchasable","18":"product-type-simple"},"_links":{"self":[{"href":"https:\/\/i-moments.com\/ca\/wp-json\/wp\/v2\/product\/14065","targetHints":{"allow":["GET"]}}],"collection":[{"href":"https:\/\/i-moments.com\/ca\/wp-json\/wp\/v2\/product"}],"about":[{"href":"https:\/\/i-moments.com\/ca\/wp-json\/wp\/v2\/types\/product"}],"replies":[{"embeddable":true,"href":"https:\/\/i-moments.com\/ca\/wp-json\/wp\/v2\/comments?post=14065"}],"wp:featuredmedia":[{"embeddable":true,"href":"https:\/\/i-moments.com\/ca\/wp-json\/wp\/v2\/media\/10318"}],"wp:attachment":[{"href":"https:\/\/i-moments.com\/ca\/wp-json\/wp\/v2\/media?parent=14065"}],"wp:term":[{"taxonomy":"product_brand","embeddable":true,"href":"https:\/\/i-moments.com\/ca\/wp-json\/wp\/v2\/product_brand?post=14065"},{"taxonomy":"product_cat","embeddable":true,"href":"https:\/\/i-moments.com\/ca\/wp-json\/wp\/v2\/product_cat?post=14065"},{"taxonomy":"product_tag","embeddable":true,"href":"https:\/\/i-moments.com\/ca\/wp-json\/wp\/v2\/product_tag?post=14065"}],"curies":[{"name":"wp","href":"https:\/\/api.w.org\/{rel}","templated":true}]}}