{"id":14069,"date":"2021-01-21T12:28:56","date_gmt":"2021-01-21T12:28:56","guid":{"rendered":"https:\/\/i-moments.com\/p\/sense%20categoria\/llibretes-personalitzades\/"},"modified":"2026-02-20T10:43:49","modified_gmt":"2026-02-20T09:43:49","slug":"llibretes-personalitzades","status":"publish","type":"product","link":"https:\/\/i-moments.com\/ca\/p\/llibretes-personalitzades\/","title":{"rendered":"Llibretes Personalitzades"},"content":{"rendered":"<h2 style=\"text-align: center;\"><strong>LLIBRETES PERSONALITZADES<\/strong><\/h2>\n<p>Les llibretes personalitzades s\u00f3n molt \u00fatils per a professors, estudiants. A m\u00e9s, podr\u00e0s prendre notes en reunions o fer apunts de classe.<br \/>\nPodr\u00e0s triar entre Tapa Dura o Tapa Blanda, 100 o 200 Fulls i tipus de fulla Cuadriculada, L\u00ednies o Blanques.<\/p>\n<h3><strong>Caracter\u00edstiques:<\/strong><\/h3>\n<p><strong>Mides:<\/strong><\/p>\n<ul>\n<li>A5 (15 x 21 cm)<\/li>\n<li>A4 (21 x 30 cm)<\/li>\n<\/ul>\n<p><strong>Opcions Tapa:<\/strong><\/p>\n<ul>\n<li>Tapa Dura: Cartr\u00f3 folrat amb una impressi\u00f3 d&#8217;alta qualitat + Barniz<\/li>\n<li>Tapa Blanda: Impresa en cartr\u00f3 de 400 gr, laminada per les 2 cares<\/li>\n<\/ul>\n<p><strong>Interior:<\/strong><\/p>\n<ul>\n<li>Nombre de p\u00e0gines: 100 o 200<\/li>\n<\/ul>\n<p><strong>Opcions Fulles:<\/strong><\/p>\n<ul>\n<li>Fulles Quadriculades, de L\u00ednies o Blanques<\/li>\n<li>Paper 80 gr.<\/li>\n<\/ul>\n<p><strong>Enquadernaci\u00f3:  <\/strong><\/p>\n<ul>\n<li>Espiral Transparent<\/li>\n<\/ul>\n","protected":false},"excerpt":{"rendered":"<p><strong>Mides:<\/strong><\/p>\n<ul>\n<li>A5 (15 x 21 cm)<\/li>\n<li>A4 (21 x 30 cm)<\/li>\n<\/ul>\n<p><strong>Opcions Tapa:<\/strong><\/p>\n<ul>\n<li>Tapa Dura: Cartr\u00f3 folrat amb una impressi\u00f3 d&#8217;alta qualitat + Barniz<\/li>\n<li>Tapa Blanda: Impresa en cartr\u00f3 de 400 gr, laminada per les 2 cares<\/li>\n<\/ul>\n<p><strong>Interior:<\/strong><\/p>\n<ul>\n<li>Nombre de p\u00e0gines: 100 o 200<\/li>\n<\/ul>\n<p><strong>Opcions Fulles:<\/strong><\/p>\n<ul>\n<li>Fulles Quadriculades, de L\u00ednies o Blanques<\/li>\n<li>Paper 80 gr.<\/li>\n<\/ul>\n<p><strong>Enquadernaci\u00f3:<\/strong><\/p>\n<ul>\n<li>Espiral Transparent<\/li>\n<\/ul>\n","protected":false},"featured_media":19926,"comment_status":"open","ping_status":"closed","template":"","meta":[],"product_brand":[],"product_cat":[672,831],"product_tag":[639,707,854,627],"class_list":{"0":"post-14069","1":"product","2":"type-product","3":"status-publish","4":"has-post-thumbnail","6":"product_cat-papereria-personalitzada","7":"product_cat-llibretes-personalitzades","8":"product_tag-regals-per-a-profes","9":"product_tag-amic-invisible","10":"product_tag-tornada-al-colle","11":"product_tag-dia-del-pare","13":"first","14":"instock","15":"taxable","16":"shipping-taxable","17":"purchasable","18":"product-type-variable"},"_links":{"self":[{"href":"https:\/\/i-moments.com\/ca\/wp-json\/wp\/v2\/product\/14069","targetHints":{"allow":["GET"]}}],"collection":[{"href":"https:\/\/i-moments.com\/ca\/wp-json\/wp\/v2\/product"}],"about":[{"href":"https:\/\/i-moments.com\/ca\/wp-json\/wp\/v2\/types\/product"}],"replies":[{"embeddable":true,"href":"https:\/\/i-moments.com\/ca\/wp-json\/wp\/v2\/comments?post=14069"}],"wp:featuredmedia":[{"embeddable":true,"href":"https:\/\/i-moments.com\/ca\/wp-json\/wp\/v2\/media\/19926"}],"wp:attachment":[{"href":"https:\/\/i-moments.com\/ca\/wp-json\/wp\/v2\/media?parent=14069"}],"wp:term":[{"taxonomy":"product_brand","embeddable":true,"href":"https:\/\/i-moments.com\/ca\/wp-json\/wp\/v2\/product_brand?post=14069"},{"taxonomy":"product_cat","embeddable":true,"href":"https:\/\/i-moments.com\/ca\/wp-json\/wp\/v2\/product_cat?post=14069"},{"taxonomy":"product_tag","embeddable":true,"href":"https:\/\/i-moments.com\/ca\/wp-json\/wp\/v2\/product_tag?post=14069"}],"curies":[{"name":"wp","href":"https:\/\/api.w.org\/{rel}","templated":true}]}}