{"id":14073,"date":"2021-01-21T11:56:22","date_gmt":"2021-01-21T11:56:22","guid":{"rendered":"https:\/\/i-moments.com\/p\/sense%20categoria\/carcasa-samsung-galaxy-s7-edge\/"},"modified":"2025-09-30T14:47:12","modified_gmt":"2025-09-30T12:47:12","slug":"samsung-galaxy-s7-edge","status":"publish","type":"product","link":"https:\/\/i-moments.com\/ca\/p\/samsung-galaxy-s7-edge\/","title":{"rendered":"Carcasa Samsung Galaxy S7 Edge"},"content":{"rendered":"<h2 style=\"text-align: center;\"><strong>SAMSUNG GALAXY S7 EDGE<\/strong><\/h2>\n<p>Personalitza&#8217;l i prot\u00e9gelo amb les carcasses d&#8217;i-moments, podr\u00e0s triar entre carcasses de pl\u00e0stic o de silicona.<\/p>\n<h3><strong>Caracter\u00edstiques:<\/strong><\/h3>\n<p>Carcasses Pl\u00e0stic:<\/p>\n<ul>\n<li>Color: Blanc \/ Negre<\/li>\n<li>Mida Impressi\u00f3: 7,x 15 cm<\/li>\n<\/ul>\n<p>Carcassa Silicona Transparent:<\/p>\n<ul>\n<li>Mida Impressi\u00f3: 8 x 15,4 cm<\/li>\n<\/ul>\n<ul>\n<li style=\"list-style-type: none;\">\n<\/li>\n<\/ul>\n","protected":false},"excerpt":{"rendered":"<p>Carcasses Pl\u00e0stic:<\/p>\n<ul>\n<li>Color: Blanc \/ Negre<\/li>\n<li>Mida Impressi\u00f3: 7,x 15 cm<\/li>\n<\/ul>\n<p>Carcassa Silicona Transparent:<\/p>\n<ul>\n<li>Mida Impressi\u00f3: 8 x 15,4 cm<\/li>\n<\/ul>\n","protected":false},"featured_media":10088,"comment_status":"open","ping_status":"closed","template":"","meta":[],"product_brand":[],"product_cat":[723,609,610,863],"product_tag":[],"class_list":{"0":"post-14073","1":"product","2":"type-product","3":"status-publish","4":"has-post-thumbnail","6":"product_cat-carcasses-personalitzades-per-al-teu-mobil-ca","7":"product_cat-regala-productes-personalitzats","8":"product_cat-accessoris-personalitzables","9":"product_cat-per-al-teu-samsung-galaxy","11":"first","12":"instock","13":"taxable","14":"shipping-taxable","15":"purchasable","16":"product-type-variable"},"_links":{"self":[{"href":"https:\/\/i-moments.com\/ca\/wp-json\/wp\/v2\/product\/14073","targetHints":{"allow":["GET"]}}],"collection":[{"href":"https:\/\/i-moments.com\/ca\/wp-json\/wp\/v2\/product"}],"about":[{"href":"https:\/\/i-moments.com\/ca\/wp-json\/wp\/v2\/types\/product"}],"replies":[{"embeddable":true,"href":"https:\/\/i-moments.com\/ca\/wp-json\/wp\/v2\/comments?post=14073"}],"wp:featuredmedia":[{"embeddable":true,"href":"https:\/\/i-moments.com\/ca\/wp-json\/wp\/v2\/media\/10088"}],"wp:attachment":[{"href":"https:\/\/i-moments.com\/ca\/wp-json\/wp\/v2\/media?parent=14073"}],"wp:term":[{"taxonomy":"product_brand","embeddable":true,"href":"https:\/\/i-moments.com\/ca\/wp-json\/wp\/v2\/product_brand?post=14073"},{"taxonomy":"product_cat","embeddable":true,"href":"https:\/\/i-moments.com\/ca\/wp-json\/wp\/v2\/product_cat?post=14073"},{"taxonomy":"product_tag","embeddable":true,"href":"https:\/\/i-moments.com\/ca\/wp-json\/wp\/v2\/product_tag?post=14073"}],"curies":[{"name":"wp","href":"https:\/\/api.w.org\/{rel}","templated":true}]}}