{"id":14083,"date":"2021-01-21T12:22:14","date_gmt":"2021-01-21T12:22:14","guid":{"rendered":"https:\/\/i-moments.com\/p\/sense%20categoria\/funda-tablet-personalitzada\/"},"modified":"2025-12-03T16:23:01","modified_gmt":"2025-12-03T15:23:01","slug":"fundes-tablets-personalitzades","status":"publish","type":"product","link":"https:\/\/i-moments.com\/ca\/p\/fundes-tablets-personalitzades\/","title":{"rendered":"Funda Tablet Personalitzada"},"content":{"rendered":"<h2 style=\"text-align: center;\"><strong>FUNDA TABLET PERSONALITZADA<\/strong><\/h2>\n<p>Fabricada en tela de neopr\u00e8, encoixada i resistent a l&#8217;aigua, aquesta funda per a port\u00e0til o tablet personalitzada \u00e9s la millor opci\u00f3 per protegir els teus dispositius de ratllades, cops o la pluja. Un accessori \u00fanic que pots dissenyar amb les teves fotos, els teus propis estampats o missatges creatius.<\/p>\n<h3><strong>Caracter\u00edstiques:<\/strong><\/h3>\n<ul>\n<li>Material: Neopr\u00e8<\/li>\n<li>Resistent a l&#8217; aigua<\/li>\n<\/ul>\n<p>Mides Disponibles:<\/p>\n<ul>\n<li>Gran: 39 x 29,4 x 2 cm (17&#8243;)<\/li>\n<li>Mitj\u00e0: 36 x 27 x 2 cm ( 15&#8243;)<\/li>\n<\/ul>\n","protected":false},"excerpt":{"rendered":"<ul>\n<li>Material: Neopr\u00e8<\/li>\n<li>Resistent a l&#8217; aigua<\/li>\n<\/ul>\n<p>Mides Disponibles:<\/p>\n<ul>\n<li>Gran: 39 x 29,4 x 2 cm (17&#8243;)<\/li>\n<li>Mitj\u00e0: 36 x 27 x 2 cm ( 15&#8243;)<\/li>\n<\/ul>\n","protected":false},"featured_media":16991,"comment_status":"open","ping_status":"closed","template":"","meta":[],"product_brand":[],"product_cat":[933,609,610],"product_tag":[639,854],"class_list":{"0":"post-14083","1":"product","2":"type-product","3":"status-publish","4":"has-post-thumbnail","6":"product_cat-per-a-la-teva-tauleta","7":"product_cat-regala-productes-personalitzats","8":"product_cat-accessoris-personalitzables","9":"product_tag-regals-per-a-profes","10":"product_tag-tornada-al-colle","12":"first","13":"instock","14":"taxable","15":"shipping-taxable","16":"purchasable","17":"product-type-simple"},"_links":{"self":[{"href":"https:\/\/i-moments.com\/ca\/wp-json\/wp\/v2\/product\/14083","targetHints":{"allow":["GET"]}}],"collection":[{"href":"https:\/\/i-moments.com\/ca\/wp-json\/wp\/v2\/product"}],"about":[{"href":"https:\/\/i-moments.com\/ca\/wp-json\/wp\/v2\/types\/product"}],"replies":[{"embeddable":true,"href":"https:\/\/i-moments.com\/ca\/wp-json\/wp\/v2\/comments?post=14083"}],"wp:featuredmedia":[{"embeddable":true,"href":"https:\/\/i-moments.com\/ca\/wp-json\/wp\/v2\/media\/16991"}],"wp:attachment":[{"href":"https:\/\/i-moments.com\/ca\/wp-json\/wp\/v2\/media?parent=14083"}],"wp:term":[{"taxonomy":"product_brand","embeddable":true,"href":"https:\/\/i-moments.com\/ca\/wp-json\/wp\/v2\/product_brand?post=14083"},{"taxonomy":"product_cat","embeddable":true,"href":"https:\/\/i-moments.com\/ca\/wp-json\/wp\/v2\/product_cat?post=14083"},{"taxonomy":"product_tag","embeddable":true,"href":"https:\/\/i-moments.com\/ca\/wp-json\/wp\/v2\/product_tag?post=14083"}],"curies":[{"name":"wp","href":"https:\/\/api.w.org\/{rel}","templated":true}]}}