{"id":14097,"date":"2021-01-21T12:38:42","date_gmt":"2021-01-21T12:38:42","guid":{"rendered":"https:\/\/i-moments.com\/p\/sense%20categoria\/catifa-mouse-personalitzada\/"},"modified":"2025-09-30T15:43:09","modified_gmt":"2025-09-30T13:43:09","slug":"catifa-de-raton-personalitzada","status":"publish","type":"product","link":"https:\/\/i-moments.com\/ca\/p\/catifa-de-raton-personalitzada\/","title":{"rendered":"Catifa Mouse Personalitzada"},"content":{"rendered":"<h2 style=\"text-align: center;\"><strong>CATIFA MOUSE PERSONALITZADA<\/strong><\/h2>\n<p>La Catifa Mouse Personalitzada a m\u00e9s de ser pr\u00e0ctica, aportar\u00e0 un toc m\u00e9s personal al teu escriptori.<br \/>\nTria un disseny entre les nostres diferents plantilles, crea el teu propi o carrega el que ja hagis creat. A m\u00e9s, pots personalitzar-la amb la teva millor foto.<\/p>\n<h3><strong>Caracter\u00edstiques:<\/strong><\/h3>\n<ul>\n<li>Mida: 26,5 x 19 cm<\/li>\n<li>0,3 cm de gruix<\/li>\n<li>Material: Cautx\u00fa<\/li>\n<li>Antilliscant<\/li>\n<\/ul>\n<p>&nbsp;<\/p>\n","protected":false},"excerpt":{"rendered":"<h5 class=\"serp-title\">Caracter\u00edstiques Catifa Mouse Personalitzada o catifa de ratol\u00ed personalitzada:<\/h5>\n<ul>\n<li>Mida: 26,5 x 19 cm<\/li>\n<li>3 mm de gruix<\/li>\n<li>Material: Cautx\u00fa<\/li>\n<li>Antilliscant<\/li>\n<\/ul>\n","protected":false},"featured_media":12234,"comment_status":"open","ping_status":"closed","template":"","meta":[],"product_brand":[],"product_cat":[805,797,803],"product_tag":[841,854,627,628,636,639,706],"class_list":{"0":"post-14097","1":"product","2":"type-product","3":"status-publish","4":"has-post-thumbnail","6":"product_cat-catifeta-de-ratoli-personalitzada","7":"product_cat-nens","8":"product_cat-per-a-nens","9":"product_tag-per-a-nens","10":"product_tag-tornada-al-colle","11":"product_tag-dia-del-pare","12":"product_tag-dia-de-la-mare","13":"product_tag-per-a-ell","14":"product_tag-regals-per-a-profes","15":"product_tag-per-a-ella","17":"first","18":"instock","19":"taxable","20":"shipping-taxable","21":"purchasable","22":"product-type-simple"},"_links":{"self":[{"href":"https:\/\/i-moments.com\/ca\/wp-json\/wp\/v2\/product\/14097","targetHints":{"allow":["GET"]}}],"collection":[{"href":"https:\/\/i-moments.com\/ca\/wp-json\/wp\/v2\/product"}],"about":[{"href":"https:\/\/i-moments.com\/ca\/wp-json\/wp\/v2\/types\/product"}],"replies":[{"embeddable":true,"href":"https:\/\/i-moments.com\/ca\/wp-json\/wp\/v2\/comments?post=14097"}],"wp:featuredmedia":[{"embeddable":true,"href":"https:\/\/i-moments.com\/ca\/wp-json\/wp\/v2\/media\/12234"}],"wp:attachment":[{"href":"https:\/\/i-moments.com\/ca\/wp-json\/wp\/v2\/media?parent=14097"}],"wp:term":[{"taxonomy":"product_brand","embeddable":true,"href":"https:\/\/i-moments.com\/ca\/wp-json\/wp\/v2\/product_brand?post=14097"},{"taxonomy":"product_cat","embeddable":true,"href":"https:\/\/i-moments.com\/ca\/wp-json\/wp\/v2\/product_cat?post=14097"},{"taxonomy":"product_tag","embeddable":true,"href":"https:\/\/i-moments.com\/ca\/wp-json\/wp\/v2\/product_tag?post=14097"}],"curies":[{"name":"wp","href":"https:\/\/api.w.org\/{rel}","templated":true}]}}