{"id":14117,"date":"2021-01-21T14:53:37","date_gmt":"2021-01-21T14:53:37","guid":{"rendered":"https:\/\/i-moments.com\/p\/sense%20categoria\/llavers-portamoneda-carro\/"},"modified":"2025-09-30T15:41:47","modified_gmt":"2025-09-30T13:41:47","slug":"clauers-portamoneda-carro","status":"publish","type":"product","link":"https:\/\/i-moments.com\/ca\/p\/clauers-portamoneda-carro\/","title":{"rendered":"Llavers portamoneda carro"},"content":{"rendered":"<h2 style=\"text-align: center;\"><strong>CLAUERS PORTAMONEDA CARRO<\/strong><\/h2>\n<p>Ets dels que mai porten monedes per al carro de la compra? Si la teva resposta \u00e9s s\u00ed, aquest clauver personalitzat \u00e9s per a tu. Personalitza&#8217;t per una cara amb la teva foto preferida i per l&#8217;altra t\u00e9 una moneda que podr\u00e0s fer servir als carrets del supermercat.<\/p>\n<h3><strong>Caracter\u00edstiques:<\/strong><\/h3>\n<p>Diferents models disponibles:<\/p>\n<ul>\n<li>Llavero Portamoneda Carro Simil Piel. Mida imatge: \u00f82,5 cm<\/li>\n<li>Llavero Portamoneda Carro Met\u00e1lico. Mida imatge: \u00f82,5 cm<\/li>\n<li>Llavero Portamoneda Carro Acr\u00edlic Taronja. Mida imatge: \u00f82,5 cm<\/li>\n<li>Llavero Portamoneda Carro Acr\u00edlic Blau. Mida imatge: \u00f82,5 cm<\/li>\n<\/ul>\n<p>&nbsp;<\/p>\n","protected":false},"excerpt":{"rendered":"<p>Diferents models disponibles:<\/p>\n<ul>\n<li>Llavero Portamoneda Carro Simil Piel. Mida imatge: \u00f82,5 cm<\/li>\n<li>Llavero Portamoneda Carro Met\u00e1lico. Mida imatge: \u00f82,5 cm<\/li>\n<li>Llavero Portamoneda Carro Acr\u00edlic Taronja. Mida imatge: \u00f82,5 cm<\/li>\n<li>Llavero Portamoneda Carro Acr\u00edlic Blau. Mida imatge: \u00f82,5 cm<\/li>\n<\/ul>\n","protected":false},"featured_media":10754,"comment_status":"open","ping_status":"closed","template":"","meta":[],"product_brand":[],"product_cat":[911,609,610],"product_tag":[1159,636,638,650,707],"class_list":{"0":"post-14117","1":"product","2":"type-product","3":"status-publish","4":"has-post-thumbnail","6":"product_cat-clauers-personalitzats","7":"product_cat-regala-productes-personalitzats","8":"product_cat-accessoris-personalitzables","9":"product_tag-esdeveniments","10":"product_tag-per-a-ell","11":"product_tag-per-a-esportistes","12":"product_tag-graduacions","13":"product_tag-amic-invisible","15":"first","16":"instock","17":"taxable","18":"shipping-taxable","19":"purchasable","20":"product-type-simple"},"_links":{"self":[{"href":"https:\/\/i-moments.com\/ca\/wp-json\/wp\/v2\/product\/14117","targetHints":{"allow":["GET"]}}],"collection":[{"href":"https:\/\/i-moments.com\/ca\/wp-json\/wp\/v2\/product"}],"about":[{"href":"https:\/\/i-moments.com\/ca\/wp-json\/wp\/v2\/types\/product"}],"replies":[{"embeddable":true,"href":"https:\/\/i-moments.com\/ca\/wp-json\/wp\/v2\/comments?post=14117"}],"wp:featuredmedia":[{"embeddable":true,"href":"https:\/\/i-moments.com\/ca\/wp-json\/wp\/v2\/media\/10754"}],"wp:attachment":[{"href":"https:\/\/i-moments.com\/ca\/wp-json\/wp\/v2\/media?parent=14117"}],"wp:term":[{"taxonomy":"product_brand","embeddable":true,"href":"https:\/\/i-moments.com\/ca\/wp-json\/wp\/v2\/product_brand?post=14117"},{"taxonomy":"product_cat","embeddable":true,"href":"https:\/\/i-moments.com\/ca\/wp-json\/wp\/v2\/product_cat?post=14117"},{"taxonomy":"product_tag","embeddable":true,"href":"https:\/\/i-moments.com\/ca\/wp-json\/wp\/v2\/product_tag?post=14117"}],"curies":[{"name":"wp","href":"https:\/\/api.w.org\/{rel}","templated":true}]}}