{"id":14125,"date":"2021-01-21T14:45:31","date_gmt":"2021-01-21T14:45:31","guid":{"rendered":"https:\/\/i-moments.com\/p\/sense%20categoria\/clauers-quadrats\/"},"modified":"2026-02-20T12:36:59","modified_gmt":"2026-02-20T11:36:59","slug":"clauers-quadrats","status":"publish","type":"product","link":"https:\/\/i-moments.com\/ca\/p\/clauers-quadrats\/","title":{"rendered":"Clauers Quadrats Personalitzats"},"content":{"rendered":"<h2 style=\"text-align: center;\"><strong>CLAUERS QUADRATS PERSONALITZATS<\/strong><\/h2>\n<p>Amb un disseny al teu gust, amb les fotos que esculles. Dissorteu-ho online amb les fotos que m\u00e9s t&#8217;agraden des del teu ordinador o el teu tel\u00e8fon m\u00f2bil.<\/p>\n<h3><strong>Caracter\u00edstiques:<\/strong><\/h3>\n<p>Tria entre els diferents models que t&#8217;oferim, met\u00e0l\u00b7lics, pl\u00e0stic o s\u00edmil pell.<\/p>\n<p>Diferents models:<\/p>\n<ul>\n<li>Clau Merr Met\u00e0l\u00b7lic 2 cares. Mida imatge: 2,5&#215;2,5 cm<\/li>\n<li>Claue S\u00edmil pell 1 cara. Mida imatge: 2,5&#215;2,5 cm<\/li>\n<li>Clau Llaver Pl\u00e0stic 1 cara. Mida imatge: 5,5&#215;5,5 cm<\/li>\n<\/ul>\n<p>&nbsp;<\/p>\n","protected":false},"excerpt":{"rendered":"<p>Diferents models:<\/p>\n<ul>\n<li>Clau Merr Met\u00e0l\u00b7lic 2 cares. Mida imatge: 2,5&#215;2,5 cm<\/li>\n<li>Claue S\u00edmil pell 1 cara. Mida imatge: 2,5&#215;2,5 cm<\/li>\n<li>Clau Llaver Pl\u00e0stic 1 cara. Mida imatge: 5,5&#215;5,5 cm<\/li>\n<\/ul>\n","protected":false},"featured_media":10728,"comment_status":"open","ping_status":"closed","template":"","meta":[],"product_brand":[],"product_cat":[609,610,911],"product_tag":[636,638,650,707,1159],"class_list":{"0":"post-14125","1":"product","2":"type-product","3":"status-publish","4":"has-post-thumbnail","6":"product_cat-regala-productes-personalitzats","7":"product_cat-accessoris-personalitzables","8":"product_cat-clauers-personalitzats","9":"product_tag-per-a-ell","10":"product_tag-per-a-esportistes","11":"product_tag-graduacions","12":"product_tag-amic-invisible","13":"product_tag-esdeveniments","15":"first","16":"instock","17":"taxable","18":"shipping-taxable","19":"purchasable","20":"product-type-variable"},"_links":{"self":[{"href":"https:\/\/i-moments.com\/ca\/wp-json\/wp\/v2\/product\/14125","targetHints":{"allow":["GET"]}}],"collection":[{"href":"https:\/\/i-moments.com\/ca\/wp-json\/wp\/v2\/product"}],"about":[{"href":"https:\/\/i-moments.com\/ca\/wp-json\/wp\/v2\/types\/product"}],"replies":[{"embeddable":true,"href":"https:\/\/i-moments.com\/ca\/wp-json\/wp\/v2\/comments?post=14125"}],"wp:featuredmedia":[{"embeddable":true,"href":"https:\/\/i-moments.com\/ca\/wp-json\/wp\/v2\/media\/10728"}],"wp:attachment":[{"href":"https:\/\/i-moments.com\/ca\/wp-json\/wp\/v2\/media?parent=14125"}],"wp:term":[{"taxonomy":"product_brand","embeddable":true,"href":"https:\/\/i-moments.com\/ca\/wp-json\/wp\/v2\/product_brand?post=14125"},{"taxonomy":"product_cat","embeddable":true,"href":"https:\/\/i-moments.com\/ca\/wp-json\/wp\/v2\/product_cat?post=14125"},{"taxonomy":"product_tag","embeddable":true,"href":"https:\/\/i-moments.com\/ca\/wp-json\/wp\/v2\/product_tag?post=14125"}],"curies":[{"name":"wp","href":"https:\/\/api.w.org\/{rel}","templated":true}]}}