{"id":14169,"date":"2021-01-21T11:22:35","date_gmt":"2021-01-21T11:22:35","guid":{"rendered":"https:\/\/i-moments.com\/p\/sense%20categoria\/carcasa-iphone-7-plus\/"},"modified":"2025-09-30T14:48:34","modified_gmt":"2025-09-30T12:48:34","slug":"iphone-7-plus","status":"publish","type":"product","link":"https:\/\/i-moments.com\/ca\/p\/iphone-7-plus\/","title":{"rendered":"Carcasa iPhone 7 Plus"},"content":{"rendered":"<h2 style=\"text-align: center;\"><strong>Carcasa IPhone 7 Plus<\/strong><\/h2>\n<p>Necessites protegir el teu m\u00f2bil i est\u00e0s a la recerca d&#8217;una carcassa personalitzada per a iPhone 7 Plus? Des d&#8217;i-moments t&#8217;oferim carcasses r\u00edgides o de silicona. Per al teu iPhone 7 Plus, amb el nostre editor online podr\u00e0s afegir la teva millor foto, text o disseny en tres senzills passos.<\/p>\n<h3><strong>Caracter\u00edstiques:<\/strong><\/h3>\n<p>Carcasses Pl\u00e0stic:<\/p>\n<ul>\n<li>Color: Blanc \/ Negre<\/li>\n<li>Mida Impressi\u00f3: 7,4,x 15,4 cm<\/li>\n<\/ul>\n<p>Carcassa Silicona Transparent:<\/p>\n<ul>\n<li>Mida Impressi\u00f3: 8,5 x 16,5 cm<\/li>\n<\/ul>\n","protected":false},"excerpt":{"rendered":"<p>Carcasses Pl\u00e0stic:<\/p>\n<ul>\n<li>Color: Blanc \/ Negre<\/li>\n<li>Mida Impressi\u00f3: 7,4,x 15,4 cm<\/li>\n<\/ul>\n<p>Carcassa Silicona Transparent:<\/p>\n<ul>\n<li>Mida Impressi\u00f3: 8,5 x 16,5 cm<\/li>\n<\/ul>\n","protected":false},"featured_media":9928,"comment_status":"open","ping_status":"closed","template":"","meta":[],"product_brand":[],"product_cat":[723,609,610,867],"product_tag":[],"class_list":{"0":"post-14169","1":"product","2":"type-product","3":"status-publish","4":"has-post-thumbnail","6":"product_cat-carcasses-personalitzades-per-al-teu-mobil-ca","7":"product_cat-regala-productes-personalitzats","8":"product_cat-accessoris-personalitzables","9":"product_cat-per-al-teu-iphone","11":"first","12":"instock","13":"taxable","14":"shipping-taxable","15":"purchasable","16":"product-type-variable"},"_links":{"self":[{"href":"https:\/\/i-moments.com\/ca\/wp-json\/wp\/v2\/product\/14169","targetHints":{"allow":["GET"]}}],"collection":[{"href":"https:\/\/i-moments.com\/ca\/wp-json\/wp\/v2\/product"}],"about":[{"href":"https:\/\/i-moments.com\/ca\/wp-json\/wp\/v2\/types\/product"}],"replies":[{"embeddable":true,"href":"https:\/\/i-moments.com\/ca\/wp-json\/wp\/v2\/comments?post=14169"}],"wp:featuredmedia":[{"embeddable":true,"href":"https:\/\/i-moments.com\/ca\/wp-json\/wp\/v2\/media\/9928"}],"wp:attachment":[{"href":"https:\/\/i-moments.com\/ca\/wp-json\/wp\/v2\/media?parent=14169"}],"wp:term":[{"taxonomy":"product_brand","embeddable":true,"href":"https:\/\/i-moments.com\/ca\/wp-json\/wp\/v2\/product_brand?post=14169"},{"taxonomy":"product_cat","embeddable":true,"href":"https:\/\/i-moments.com\/ca\/wp-json\/wp\/v2\/product_cat?post=14169"},{"taxonomy":"product_tag","embeddable":true,"href":"https:\/\/i-moments.com\/ca\/wp-json\/wp\/v2\/product_tag?post=14169"}],"curies":[{"name":"wp","href":"https:\/\/api.w.org\/{rel}","templated":true}]}}