{"id":14175,"date":"2021-01-21T11:00:32","date_gmt":"2021-01-21T11:00:32","guid":{"rendered":"https:\/\/i-moments.com\/p\/sense%20categoria\/carcasa-huawei-p8\/"},"modified":"2025-09-30T14:49:21","modified_gmt":"2025-09-30T12:49:21","slug":"huawei-p8","status":"publish","type":"product","link":"https:\/\/i-moments.com\/ca\/p\/huawei-p8\/","title":{"rendered":"Carcasa Huawei P8"},"content":{"rendered":"<h2 style=\"text-align: center;\"><strong>HUAWEI P8<\/strong><\/h2>\n<p>Personalitza-ho al teu gust amb una carcassa de silicona, tria la teva millor foto, dibuix, logo&#8230; Podr\u00e0s posar-li un text i a m\u00e9s el protegir\u00e0s de cops i ratllades.<\/p>\n<h3><strong>Caracter\u00edstiques:<\/strong><\/h3>\n<ul>\n<li>Material: Silicona Transparent<\/li>\n<li>Mida Impressi\u00f3: 8,5 x 15,5 cm<\/li>\n<\/ul>\n","protected":false},"excerpt":{"rendered":"<ul>\n<li>Material: Silicona Transparent<\/li>\n<li>Mida Impressi\u00f3: 8,5 x 15,5 cm<\/li>\n<\/ul>\n<div>\n<div>\n<div class=\"b-portfolio_image\">\n<div class=\"b-portfolio_image_box view view-sixth\"><\/div>\n<\/div>\n<\/div>\n<\/div>\n","protected":false},"featured_media":10024,"comment_status":"open","ping_status":"closed","template":"","meta":[],"product_brand":[],"product_cat":[724,609,610,723],"product_tag":[],"class_list":{"0":"post-14175","1":"product","2":"type-product","3":"status-publish","4":"has-post-thumbnail","6":"product_cat-per-al-teu-huawei-ca","7":"product_cat-regala-productes-personalitzats","8":"product_cat-accessoris-personalitzables","9":"product_cat-carcasses-personalitzades-per-al-teu-mobil-ca","11":"first","12":"instock","13":"taxable","14":"shipping-taxable","15":"purchasable","16":"product-type-variable"},"_links":{"self":[{"href":"https:\/\/i-moments.com\/ca\/wp-json\/wp\/v2\/product\/14175","targetHints":{"allow":["GET"]}}],"collection":[{"href":"https:\/\/i-moments.com\/ca\/wp-json\/wp\/v2\/product"}],"about":[{"href":"https:\/\/i-moments.com\/ca\/wp-json\/wp\/v2\/types\/product"}],"replies":[{"embeddable":true,"href":"https:\/\/i-moments.com\/ca\/wp-json\/wp\/v2\/comments?post=14175"}],"wp:featuredmedia":[{"embeddable":true,"href":"https:\/\/i-moments.com\/ca\/wp-json\/wp\/v2\/media\/10024"}],"wp:attachment":[{"href":"https:\/\/i-moments.com\/ca\/wp-json\/wp\/v2\/media?parent=14175"}],"wp:term":[{"taxonomy":"product_brand","embeddable":true,"href":"https:\/\/i-moments.com\/ca\/wp-json\/wp\/v2\/product_brand?post=14175"},{"taxonomy":"product_cat","embeddable":true,"href":"https:\/\/i-moments.com\/ca\/wp-json\/wp\/v2\/product_cat?post=14175"},{"taxonomy":"product_tag","embeddable":true,"href":"https:\/\/i-moments.com\/ca\/wp-json\/wp\/v2\/product_tag?post=14175"}],"curies":[{"name":"wp","href":"https:\/\/api.w.org\/{rel}","templated":true}]}}