{"id":14193,"date":"2021-01-21T11:51:59","date_gmt":"2021-01-21T11:51:59","guid":{"rendered":"https:\/\/i-moments.com\/p\/sense%20categoria\/carcasa-samsung-galaxy-s8\/"},"modified":"2025-09-30T14:47:33","modified_gmt":"2025-09-30T12:47:33","slug":"samsung-galaxy-s8","status":"publish","type":"product","link":"https:\/\/i-moments.com\/ca\/p\/samsung-galaxy-s8\/","title":{"rendered":"Carcasa Samsung Galaxy S8"},"content":{"rendered":"<h2 style=\"text-align: center;\"><strong>SAMSUNG GALAXY S8<\/strong><\/h2>\n<p>Personalitza&#8217;l i prot\u00e9gelo amb les carcasses d&#8217;i-moments, podr\u00e0s triar entre carcasses de pl\u00e0stic o de silicona.<\/p>\n<h3><strong>Caracter\u00edstiques:<\/strong><\/h3>\n<ul>\n<li>Carcasses Pl\u00e0stic:<\/li>\n<li>Color: Blanc \/ Negre<\/li>\n<li>Mida Impressi\u00f3: 6,7,x 14,7 cm<\/li>\n<li>Carcassa Silicona Transparent:<\/li>\n<li>Mida Impressi\u00f3: 7,5 x 15,5 cm<\/li>\n<\/ul>\n","protected":false},"excerpt":{"rendered":"<p>Carcasses Pl\u00e0stic:<\/p>\n<ul>\n<li>Color: Blanc \/ Negre<\/li>\n<li>Mida Impressi\u00f3: 6,7,x 14,7 cm<\/li>\n<\/ul>\n<p>Carcassa Silicona Transparent:<\/p>\n<ul>\n<li>Mida Impressi\u00f3: 7,5 x 15,5 cm<\/li>\n<\/ul>\n","protected":false},"featured_media":10096,"comment_status":"open","ping_status":"closed","template":"","meta":[],"product_brand":[],"product_cat":[863,609,610,723],"product_tag":[],"class_list":{"0":"post-14193","1":"product","2":"type-product","3":"status-publish","4":"has-post-thumbnail","6":"product_cat-per-al-teu-samsung-galaxy","7":"product_cat-regala-productes-personalitzats","8":"product_cat-accessoris-personalitzables","9":"product_cat-carcasses-personalitzades-per-al-teu-mobil-ca","11":"first","12":"instock","13":"taxable","14":"shipping-taxable","15":"purchasable","16":"product-type-variable"},"_links":{"self":[{"href":"https:\/\/i-moments.com\/ca\/wp-json\/wp\/v2\/product\/14193","targetHints":{"allow":["GET"]}}],"collection":[{"href":"https:\/\/i-moments.com\/ca\/wp-json\/wp\/v2\/product"}],"about":[{"href":"https:\/\/i-moments.com\/ca\/wp-json\/wp\/v2\/types\/product"}],"replies":[{"embeddable":true,"href":"https:\/\/i-moments.com\/ca\/wp-json\/wp\/v2\/comments?post=14193"}],"wp:featuredmedia":[{"embeddable":true,"href":"https:\/\/i-moments.com\/ca\/wp-json\/wp\/v2\/media\/10096"}],"wp:attachment":[{"href":"https:\/\/i-moments.com\/ca\/wp-json\/wp\/v2\/media?parent=14193"}],"wp:term":[{"taxonomy":"product_brand","embeddable":true,"href":"https:\/\/i-moments.com\/ca\/wp-json\/wp\/v2\/product_brand?post=14193"},{"taxonomy":"product_cat","embeddable":true,"href":"https:\/\/i-moments.com\/ca\/wp-json\/wp\/v2\/product_cat?post=14193"},{"taxonomy":"product_tag","embeddable":true,"href":"https:\/\/i-moments.com\/ca\/wp-json\/wp\/v2\/product_tag?post=14193"}],"curies":[{"name":"wp","href":"https:\/\/api.w.org\/{rel}","templated":true}]}}