{"id":14215,"date":"2021-01-21T11:12:53","date_gmt":"2021-01-21T11:12:53","guid":{"rendered":"https:\/\/i-moments.com\/p\/sense%20categoria\/carcasa-iphone-x\/"},"modified":"2025-09-30T14:48:53","modified_gmt":"2025-09-30T12:48:53","slug":"iphone-x","status":"publish","type":"product","link":"https:\/\/i-moments.com\/ca\/p\/iphone-x\/","title":{"rendered":"Carcasa iPhone X"},"content":{"rendered":"<h1>Carcasa IPhone X<\/h1>\n<p>Necessites protegir el teu m\u00f2bil i est\u00e0s a la recerca d&#8217;una carcassa personalitzada per a iPhone X? Des d&#8217;i-moments t&#8217;oferim carcasses r\u00edgides o de silicona.<br \/>\nPer al teu iPhone X, amb el nostre editor online podr\u00e0s afegir la teva millor foto, text o disseny en tres senzills passos.<\/p>\n<h3>Caracter\u00edstiques:<\/h3>\n<ul>\n<li>Carcasses Pl\u00e0stic:<\/li>\n<li>Color: Blanc \/ Negre<\/li>\n<li>Mida Impressi\u00f3: 6,8 x 14,2 cm<\/li>\n<li>Carcassa Silicona Transparent:<\/li>\n<li>Mida Impressi\u00f3: 8 x 15 cm<\/li>\n<\/ul>\n","protected":false},"excerpt":{"rendered":"<p>Carcasses Pl\u00e0stic:<\/p>\n<ul>\n<li>Color: Blanc \/ Negre<\/li>\n<li>Mida Impressi\u00f3: 6,8 x 14,2 cm<\/li>\n<\/ul>\n<p>Carcassa Silicona Transparent:<\/p>\n<ul>\n<li>Mida Impressi\u00f3: 8 x 15 cm<\/li>\n<\/ul>\n","protected":false},"featured_media":9992,"comment_status":"open","ping_status":"closed","template":"","meta":[],"product_brand":[],"product_cat":[867,609,610,723],"product_tag":[],"class_list":{"0":"post-14215","1":"product","2":"type-product","3":"status-publish","4":"has-post-thumbnail","6":"product_cat-per-al-teu-iphone","7":"product_cat-regala-productes-personalitzats","8":"product_cat-accessoris-personalitzables","9":"product_cat-carcasses-personalitzades-per-al-teu-mobil-ca","11":"first","12":"instock","13":"taxable","14":"shipping-taxable","15":"purchasable","16":"product-type-variable"},"_links":{"self":[{"href":"https:\/\/i-moments.com\/ca\/wp-json\/wp\/v2\/product\/14215","targetHints":{"allow":["GET"]}}],"collection":[{"href":"https:\/\/i-moments.com\/ca\/wp-json\/wp\/v2\/product"}],"about":[{"href":"https:\/\/i-moments.com\/ca\/wp-json\/wp\/v2\/types\/product"}],"replies":[{"embeddable":true,"href":"https:\/\/i-moments.com\/ca\/wp-json\/wp\/v2\/comments?post=14215"}],"wp:featuredmedia":[{"embeddable":true,"href":"https:\/\/i-moments.com\/ca\/wp-json\/wp\/v2\/media\/9992"}],"wp:attachment":[{"href":"https:\/\/i-moments.com\/ca\/wp-json\/wp\/v2\/media?parent=14215"}],"wp:term":[{"taxonomy":"product_brand","embeddable":true,"href":"https:\/\/i-moments.com\/ca\/wp-json\/wp\/v2\/product_brand?post=14215"},{"taxonomy":"product_cat","embeddable":true,"href":"https:\/\/i-moments.com\/ca\/wp-json\/wp\/v2\/product_cat?post=14215"},{"taxonomy":"product_tag","embeddable":true,"href":"https:\/\/i-moments.com\/ca\/wp-json\/wp\/v2\/product_tag?post=14215"}],"curies":[{"name":"wp","href":"https:\/\/api.w.org\/{rel}","templated":true}]}}