{"id":14243,"date":"2021-01-21T10:05:28","date_gmt":"2021-01-21T10:05:28","guid":{"rendered":"https:\/\/i-moments.com\/p\/sense%20categoria\/samarreta-unisex-personalitzada\/"},"modified":"2025-09-30T14:51:24","modified_gmt":"2025-09-30T12:51:24","slug":"samarreta-unisex-personalitzada","status":"publish","type":"product","link":"https:\/\/i-moments.com\/ca\/p\/samarreta-unisex-personalitzada\/","title":{"rendered":"Samarreta Unisex Personalitzada"},"content":{"rendered":"<h1 style=\"text-align: center;\"><strong>SAMARRETA UNISEX PERSONALITZADA<\/strong><\/h1>\n<p>Ideal per a comiats de Solter@, Festes, o senzillament perqu\u00e8 vols ser diferent i exclusiu.<br \/>\nJa pots dissenyar i personalitzar les teves pr\u00f2pies samarretes, podr\u00e0s imprimir-les a 1 o dues cares (Pecho-Espalda), imprimeix-les amb les teves fotos, logos, textos.<br \/>\nImpreses amb la tecnologia de Sublimaci\u00f3 T\u00e8rmica, per m\u00e9s que la laves els colors queden vius i brillants.<\/p>\n<h3><strong>Caracter\u00edstiques:<\/strong><\/h3>\n<ul>\n<li>Color: Blanc<\/li>\n<li>Teixit: 100% poli\u00e8ster de 140 g\/m\u00b2<\/li>\n<li>Tacte cot\u00f3<\/li>\n<li>Imprimible a 1 o dues cares<\/li>\n<li>Impressi\u00f3: Sublimaci\u00f3 T\u00e8rmica<\/li>\n<li>Talles: S \u2013 M \u2013 L \u2013 XL \u2013 XXL<\/li>\n<\/ul>\n","protected":false},"excerpt":{"rendered":"<ul>\n<li>Color: Blanc<\/li>\n<li>Teixit: 100% poli\u00e8ster de 140 g\/m\u00b2<\/li>\n<li>Tacte cot\u00f3<\/li>\n<li>Imprimible a 1 o dues cares<\/li>\n<li>Impressi\u00f3: Sublimaci\u00f3 T\u00e8rmica<\/li>\n<li>Talles: S \u2013 M \u2013 L \u2013 XL \u2013 XXL<\/li>\n<\/ul>\n","protected":false},"featured_media":12438,"comment_status":"open","ping_status":"closed","template":"","meta":[],"product_brand":[],"product_cat":[848,852,856,609,610],"product_tag":[854,1159,636,638,639],"class_list":{"0":"post-14243","1":"product","2":"type-product","3":"status-publish","4":"has-post-thumbnail","6":"product_cat-samarretes-personalitzades","7":"product_cat-samarretes-personalitzades-per-a-home","8":"product_cat-samarretes-personalitzades-per-a-dona","9":"product_cat-regala-productes-personalitzats","10":"product_cat-accessoris-personalitzables","11":"product_tag-tornada-al-colle","12":"product_tag-esdeveniments","13":"product_tag-per-a-ell","14":"product_tag-per-a-esportistes","15":"product_tag-regals-per-a-profes","17":"first","18":"instock","19":"taxable","20":"shipping-taxable","21":"purchasable","22":"product-type-simple"},"_links":{"self":[{"href":"https:\/\/i-moments.com\/ca\/wp-json\/wp\/v2\/product\/14243","targetHints":{"allow":["GET"]}}],"collection":[{"href":"https:\/\/i-moments.com\/ca\/wp-json\/wp\/v2\/product"}],"about":[{"href":"https:\/\/i-moments.com\/ca\/wp-json\/wp\/v2\/types\/product"}],"replies":[{"embeddable":true,"href":"https:\/\/i-moments.com\/ca\/wp-json\/wp\/v2\/comments?post=14243"}],"wp:featuredmedia":[{"embeddable":true,"href":"https:\/\/i-moments.com\/ca\/wp-json\/wp\/v2\/media\/12438"}],"wp:attachment":[{"href":"https:\/\/i-moments.com\/ca\/wp-json\/wp\/v2\/media?parent=14243"}],"wp:term":[{"taxonomy":"product_brand","embeddable":true,"href":"https:\/\/i-moments.com\/ca\/wp-json\/wp\/v2\/product_brand?post=14243"},{"taxonomy":"product_cat","embeddable":true,"href":"https:\/\/i-moments.com\/ca\/wp-json\/wp\/v2\/product_cat?post=14243"},{"taxonomy":"product_tag","embeddable":true,"href":"https:\/\/i-moments.com\/ca\/wp-json\/wp\/v2\/product_tag?post=14243"}],"curies":[{"name":"wp","href":"https:\/\/api.w.org\/{rel}","templated":true}]}}