{"id":14247,"date":"2021-01-21T10:00:50","date_gmt":"2021-01-21T10:00:50","guid":{"rendered":"https:\/\/i-moments.com\/p\/sense%20categoria\/samarreta-tecnica-unisex-m-l\/"},"modified":"2025-09-30T14:51:12","modified_gmt":"2025-09-30T12:51:12","slug":"samarreta-tecnica-unisex-m-l","status":"publish","type":"product","link":"https:\/\/i-moments.com\/ca\/p\/samarreta-tecnica-unisex-m-l\/","title":{"rendered":"Samarreta T\u00e8cnica Personalitzada Unisex Manga Llarga"},"content":{"rendered":"<h2 style=\"text-align: center;\"><strong>SAMARRETA T\u00c8CNICA PERSONALITZADA UNISEX MANGA LLARGA<\/strong><\/h2>\n<p>Futbolers, Runners, Bikers, per al gimn\u00e0s o un esdeveniment esportiu, per passejar. Ja pots dissenyar i personalitzar les teves pr\u00f2pies samarretes t\u00e8cniques.<br \/>\nImpr\u00edmeles a 1 o 2 cares (Pit-Espalda) amb les teves fotos, logos, textos.<br \/>\nImpreses amb la millor tecnologia de Sublimaci\u00f3 T\u00e8rmica, perqu\u00e8, per m\u00e9s que laves els colors quedin vius i brillants.<\/p>\n<h3><strong>Caracter\u00edstiques:<\/strong><\/h3>\n<ul>\n<li>Teixit: 100% poli\u00e8ster texturat<\/li>\n<li>Transpirable anti-bacteris<\/li>\n<li>Tecnologia Mesh Yarn Dry Fit<\/li>\n<li>Color: Blanc (Manga Llarga)<\/li>\n<li>Impressi\u00f3: 1 o 2 cares (Pit \/ Esquena)<\/li>\n<li>Talles: S \/ M \/ L \/ XL \/ XXL<\/li>\n<\/ul>\n","protected":false},"excerpt":{"rendered":"<ul>\n<li>Teixit: 100% poli\u00e8ster texturat<\/li>\n<li>Transpirable anti-bacteris<\/li>\n<li>Tecnologia Mesh Yarn Dry Fit<\/li>\n<li>Color: Blanc (Manga Llarga)<\/li>\n<li>Impressi\u00f3: 1 o 2 cares (Pit \/ Esquena)<\/li>\n<li>Talles: S \/ M \/ L \/ XL \/ XXL<\/li>\n<\/ul>\n","protected":false},"featured_media":11300,"comment_status":"open","ping_status":"closed","template":"","meta":[],"product_brand":[],"product_cat":[856,609,610,848,852],"product_tag":[1159,636,638,854],"class_list":{"0":"post-14247","1":"product","2":"type-product","3":"status-publish","4":"has-post-thumbnail","6":"product_cat-samarretes-personalitzades-per-a-dona","7":"product_cat-regala-productes-personalitzats","8":"product_cat-accessoris-personalitzables","9":"product_cat-samarretes-personalitzades","10":"product_cat-samarretes-personalitzades-per-a-home","11":"product_tag-esdeveniments","12":"product_tag-per-a-ell","13":"product_tag-per-a-esportistes","14":"product_tag-tornada-al-colle","16":"first","17":"instock","18":"taxable","19":"shipping-taxable","20":"purchasable","21":"product-type-simple"},"_links":{"self":[{"href":"https:\/\/i-moments.com\/ca\/wp-json\/wp\/v2\/product\/14247","targetHints":{"allow":["GET"]}}],"collection":[{"href":"https:\/\/i-moments.com\/ca\/wp-json\/wp\/v2\/product"}],"about":[{"href":"https:\/\/i-moments.com\/ca\/wp-json\/wp\/v2\/types\/product"}],"replies":[{"embeddable":true,"href":"https:\/\/i-moments.com\/ca\/wp-json\/wp\/v2\/comments?post=14247"}],"wp:featuredmedia":[{"embeddable":true,"href":"https:\/\/i-moments.com\/ca\/wp-json\/wp\/v2\/media\/11300"}],"wp:attachment":[{"href":"https:\/\/i-moments.com\/ca\/wp-json\/wp\/v2\/media?parent=14247"}],"wp:term":[{"taxonomy":"product_brand","embeddable":true,"href":"https:\/\/i-moments.com\/ca\/wp-json\/wp\/v2\/product_brand?post=14247"},{"taxonomy":"product_cat","embeddable":true,"href":"https:\/\/i-moments.com\/ca\/wp-json\/wp\/v2\/product_cat?post=14247"},{"taxonomy":"product_tag","embeddable":true,"href":"https:\/\/i-moments.com\/ca\/wp-json\/wp\/v2\/product_tag?post=14247"}],"curies":[{"name":"wp","href":"https:\/\/api.w.org\/{rel}","templated":true}]}}