{"id":14253,"date":"2021-01-21T09:50:30","date_gmt":"2021-01-21T09:50:30","guid":{"rendered":"https:\/\/i-moments.com\/p\/sense%20categoria\/braga-de-coll-personalitzada\/"},"modified":"2025-09-30T14:51:58","modified_gmt":"2025-09-30T12:51:58","slug":"braga-de-coll-personalitzada","status":"publish","type":"product","link":"https:\/\/i-moments.com\/ca\/p\/braga-de-coll-personalitzada\/","title":{"rendered":"Braga de Coll Personalitzada"},"content":{"rendered":"<h2 style=\"text-align: center;\"><strong>BRAGA DE COLL PERSONALITZADA<\/strong><\/h2>\n<p>Bragues de coll Personalitzades multinacional tamb\u00e9 conegudes com a braga bandana o mocadors multifuncionals. \u00c9s una pe\u00e7a ideal com a regal promocional per als esportistes i per a activitats a l&#8217;aire lliure. Amb la calor seca la humitat, mant\u00e9 sec i fresc. Amb el fred pot ser utilitzat com a bufanda, com a m\u00e0scara de la cara per mantenir cara i coll calent. Suaus, el\u00e0stiques i flexibles, adaptant-se perfectament a qualsevol temperatura.<\/p>\n<h3><strong>Caracter\u00edstiques:<\/strong><\/h3>\n<ul>\n<li>Teixit: Poli\u00e8ster<\/li>\n<li>Sense costures per evitar fregades a la pell<\/li>\n<li>Impressi\u00f3 2 cares<\/li>\n<\/ul>\n<p>Mida:<\/p>\n<ul>\n<li>Infantil: 24 x 50 cm<\/li>\n<li>Adult: 27 x 55 cm<\/li>\n<\/ul>\n","protected":false},"excerpt":{"rendered":"<ul>\n<li>Teixit: Poli\u00e8ster<\/li>\n<li>Sense costures per evitar fregades a la pell<\/li>\n<li>Impressi\u00f3 2 cares<\/li>\n<\/ul>\n<p>Mida:<\/p>\n<ul>\n<li>Infantil: 24 x 50 cm<\/li>\n<li>Adult: 27 x 55 cm<\/li>\n<\/ul>\n","protected":false},"featured_media":11402,"comment_status":"open","ping_status":"closed","template":"","meta":[],"product_brand":[],"product_cat":[609,610,842],"product_tag":[636,638,1159],"class_list":{"0":"post-14253","1":"product","2":"type-product","3":"status-publish","4":"has-post-thumbnail","6":"product_cat-regala-productes-personalitzats","7":"product_cat-accessoris-personalitzables","8":"product_cat-calces-de-coll-personalitzades","9":"product_tag-per-a-ell","10":"product_tag-per-a-esportistes","11":"product_tag-esdeveniments","13":"first","14":"instock","15":"taxable","16":"shipping-taxable","17":"purchasable","18":"product-type-variable"},"_links":{"self":[{"href":"https:\/\/i-moments.com\/ca\/wp-json\/wp\/v2\/product\/14253","targetHints":{"allow":["GET"]}}],"collection":[{"href":"https:\/\/i-moments.com\/ca\/wp-json\/wp\/v2\/product"}],"about":[{"href":"https:\/\/i-moments.com\/ca\/wp-json\/wp\/v2\/types\/product"}],"replies":[{"embeddable":true,"href":"https:\/\/i-moments.com\/ca\/wp-json\/wp\/v2\/comments?post=14253"}],"wp:featuredmedia":[{"embeddable":true,"href":"https:\/\/i-moments.com\/ca\/wp-json\/wp\/v2\/media\/11402"}],"wp:attachment":[{"href":"https:\/\/i-moments.com\/ca\/wp-json\/wp\/v2\/media?parent=14253"}],"wp:term":[{"taxonomy":"product_brand","embeddable":true,"href":"https:\/\/i-moments.com\/ca\/wp-json\/wp\/v2\/product_brand?post=14253"},{"taxonomy":"product_cat","embeddable":true,"href":"https:\/\/i-moments.com\/ca\/wp-json\/wp\/v2\/product_cat?post=14253"},{"taxonomy":"product_tag","embeddable":true,"href":"https:\/\/i-moments.com\/ca\/wp-json\/wp\/v2\/product_tag?post=14253"}],"curies":[{"name":"wp","href":"https:\/\/api.w.org\/{rel}","templated":true}]}}