{"id":14257,"date":"2021-01-21T09:47:58","date_gmt":"2021-01-21T09:47:58","guid":{"rendered":"https:\/\/i-moments.com\/p\/sense%20categoria\/xancletes-personalitzades\/"},"modified":"2025-09-30T14:51:44","modified_gmt":"2025-09-30T12:51:44","slug":"xancletes-personalitzades","status":"publish","type":"product","link":"https:\/\/i-moments.com\/ca\/p\/xancletes-personalitzades\/","title":{"rendered":"Xancletes Personalitzades"},"content":{"rendered":"<h2 style=\"text-align: center;\"><strong>XANCLETES PERSONALITZADES<\/strong><\/h2>\n<p>T&#8217;agradaria tenir unes xancletes exclusives?<br \/>\nDoncs crea i dissenya les teves, ning\u00fa m\u00e9s en tindr\u00e0 unes d&#8217;iguals. Per a la platja, per al gimn\u00e0s o senzillament per a casa teva.<br \/>\nLes xancletes d&#8217;i-moments, estan impreses amb la millor tecnologia del mercat en impressi\u00f3 digital.<br \/>\nAquest estiu es diferent amb les teves xancletes d&#8217;i-moments.<\/p>\n<h3><strong>Caracter\u00edstiques:<\/strong><\/h3>\n<ul>\n<li>Sola: 1 cm de gruix<\/li>\n<li>Talla S (n\u00ba 37-38) 25 cm Llarg<\/li>\n<li>Talla M (n\u00ba 39-40) 27 cm Llarg<\/li>\n<li>Talla L (n\u00ba 42-44) 29 cm Llarg<\/li>\n<li>Talla XL (n\u00ba 46-48) 31 cm Llarg<\/li>\n<\/ul>\n<p>&nbsp;<\/p>\n","protected":false},"excerpt":{"rendered":"<ul>\n<li>Sola: 1 cm de gruix<\/li>\n<li>Talla S (n\u00ba 37-38) 25 cm Llarg<\/li>\n<li>Talla M (n\u00ba 39-40) 27 cm Llarg<\/li>\n<li>Talla L (n\u00ba 42-44) 29 cm Llarg<\/li>\n<li>Talla XL (n\u00ba 46-48) 31 cm Llarg<\/li>\n<\/ul>\n<p>&nbsp;<\/p>\n","protected":false},"featured_media":21194,"comment_status":"open","ping_status":"closed","template":"","meta":[],"product_brand":[],"product_cat":[609,610,869],"product_tag":[612],"class_list":{"0":"post-14257","1":"product","2":"type-product","3":"status-publish","4":"has-post-thumbnail","6":"product_cat-regala-productes-personalitzats","7":"product_cat-accessoris-personalitzables","8":"product_cat-xancletes-personalitzades","9":"product_tag-summer-vibes-ca","11":"first","12":"instock","13":"taxable","14":"shipping-taxable","15":"purchasable","16":"product-type-simple"},"_links":{"self":[{"href":"https:\/\/i-moments.com\/ca\/wp-json\/wp\/v2\/product\/14257","targetHints":{"allow":["GET"]}}],"collection":[{"href":"https:\/\/i-moments.com\/ca\/wp-json\/wp\/v2\/product"}],"about":[{"href":"https:\/\/i-moments.com\/ca\/wp-json\/wp\/v2\/types\/product"}],"replies":[{"embeddable":true,"href":"https:\/\/i-moments.com\/ca\/wp-json\/wp\/v2\/comments?post=14257"}],"wp:featuredmedia":[{"embeddable":true,"href":"https:\/\/i-moments.com\/ca\/wp-json\/wp\/v2\/media\/21194"}],"wp:attachment":[{"href":"https:\/\/i-moments.com\/ca\/wp-json\/wp\/v2\/media?parent=14257"}],"wp:term":[{"taxonomy":"product_brand","embeddable":true,"href":"https:\/\/i-moments.com\/ca\/wp-json\/wp\/v2\/product_brand?post=14257"},{"taxonomy":"product_cat","embeddable":true,"href":"https:\/\/i-moments.com\/ca\/wp-json\/wp\/v2\/product_cat?post=14257"},{"taxonomy":"product_tag","embeddable":true,"href":"https:\/\/i-moments.com\/ca\/wp-json\/wp\/v2\/product_tag?post=14257"}],"curies":[{"name":"wp","href":"https:\/\/api.w.org\/{rel}","templated":true}]}}