{"id":14261,"date":"2021-01-21T09:43:24","date_gmt":"2021-01-21T09:43:24","guid":{"rendered":"https:\/\/i-moments.com\/p\/sense%20categoria\/para-sol-de-cotxe-personalitzat\/"},"modified":"2025-09-30T14:51:53","modified_gmt":"2025-09-30T12:51:53","slug":"para-sol-de-cotxe-personalitzat","status":"publish","type":"product","link":"https:\/\/i-moments.com\/ca\/p\/para-sol-de-cotxe-personalitzat\/","title":{"rendered":"Para-sol de Cotxe Personalitzat"},"content":{"rendered":"<h2 style=\"text-align: center;\"><strong>PARASOL DE COTXE PERSONALITZAT<\/strong><\/h2>\n<p>El Para-sol de Cotxe Personalitzat \u00e9s un regal pr\u00e0ctic que mant\u00e9 el cotxe fresc i protegit en els dies m\u00e9s calorosos de l&#8217;any.<br \/>\nI si el decores amb una foto teva, de fam\u00edlia, amb la teva parella, amics, es converteix en el para-sol m\u00e9s especial del m\u00f3n. El protector m\u00e9s original!<\/p>\n<h3><strong>Caracter\u00edstiques:<\/strong><\/h3>\n<ul>\n<li>Mida: 44 x 36 cm<\/li>\n<li>Material: Poli\u00e8ster<\/li>\n<li>Inclou ventoses<\/li>\n<\/ul>\n","protected":false},"excerpt":{"rendered":"<ul>\n<li>Mida: 44 x 36 cm<\/li>\n<li>Material: Poli\u00e8ster<\/li>\n<li>Inclou ventoses<\/li>\n<\/ul>\n","protected":false},"featured_media":21217,"comment_status":"open","ping_status":"closed","template":"","meta":[],"product_brand":[],"product_cat":[797,803,817],"product_tag":[612,841],"class_list":{"0":"post-14261","1":"product","2":"type-product","3":"status-publish","4":"has-post-thumbnail","6":"product_cat-nens","7":"product_cat-per-a-nens","8":"product_cat-para-sol-de-cotxe-personalitzat","9":"product_tag-summer-vibes-ca","10":"product_tag-per-a-nens","12":"first","13":"instock","14":"taxable","15":"shipping-taxable","16":"purchasable","17":"product-type-simple"},"_links":{"self":[{"href":"https:\/\/i-moments.com\/ca\/wp-json\/wp\/v2\/product\/14261","targetHints":{"allow":["GET"]}}],"collection":[{"href":"https:\/\/i-moments.com\/ca\/wp-json\/wp\/v2\/product"}],"about":[{"href":"https:\/\/i-moments.com\/ca\/wp-json\/wp\/v2\/types\/product"}],"replies":[{"embeddable":true,"href":"https:\/\/i-moments.com\/ca\/wp-json\/wp\/v2\/comments?post=14261"}],"wp:featuredmedia":[{"embeddable":true,"href":"https:\/\/i-moments.com\/ca\/wp-json\/wp\/v2\/media\/21217"}],"wp:attachment":[{"href":"https:\/\/i-moments.com\/ca\/wp-json\/wp\/v2\/media?parent=14261"}],"wp:term":[{"taxonomy":"product_brand","embeddable":true,"href":"https:\/\/i-moments.com\/ca\/wp-json\/wp\/v2\/product_brand?post=14261"},{"taxonomy":"product_cat","embeddable":true,"href":"https:\/\/i-moments.com\/ca\/wp-json\/wp\/v2\/product_cat?post=14261"},{"taxonomy":"product_tag","embeddable":true,"href":"https:\/\/i-moments.com\/ca\/wp-json\/wp\/v2\/product_tag?post=14261"}],"curies":[{"name":"wp","href":"https:\/\/api.w.org\/{rel}","templated":true}]}}