{"id":14265,"date":"2021-01-21T10:15:11","date_gmt":"2021-01-21T10:15:11","guid":{"rendered":"https:\/\/i-moments.com\/p\/sense%20categoria\/dessuadora-caputxeta-personalitzada\/"},"modified":"2025-09-30T14:50:51","modified_gmt":"2025-09-30T12:50:51","slug":"dessuadora-caputxa-personalitzada","status":"publish","type":"product","link":"https:\/\/i-moments.com\/ca\/p\/dessuadora-caputxa-personalitzada\/","title":{"rendered":"Dessuadora Caputxeta Personalitzada"},"content":{"rendered":"<h2 style=\"text-align: center;\"><strong>SUDADERA CAPUTXA PERSONALITZADA<\/strong><\/h2>\n<p>Dissenyar i personalitzar la teva dessuadora amb caputxa i butxaca davantera, \u00e9s s\u00faper f\u00e0cil, podr\u00e0s imprimir-les a 1 o 2 cares (Pit-Esquena), impr\u00edmeles amb les teves fotos, logos, textos.<br \/>\nAmb la impressi\u00f3 per Sublimaci\u00f3 T\u00e8rmica, per m\u00e9s que laves la teva dessuadora els colors queden vius i brillants.<br \/>\nTotes les dessuadores i-moments, s\u00f3n d&#8217;alta qualitat de i confeccionades a Espanya.<\/p>\n<h3><strong>Caracter\u00edstiques:<\/strong><\/h3>\n<ul>\n<li>Dessuadora amb Caputxeta i Butxaca davantera<\/li>\n<li>Color: Blanc<\/li>\n<li>Impressi\u00f3: 1 o 2 cares<\/li>\n<li>Confeccionada a Espanya, 75% sint\u00e8tic, 25% cot\u00f3 (interior)<\/li>\n<li>Impressi\u00f3 per sublimaci\u00f3 T\u00e8rmica<\/li>\n<\/ul>\n<p>Talla:<\/p>\n<ul>\n<li>Infantil: 6 \/ 10 \/ 14 anys<\/li>\n<li>Adult: XS \/ S \/ M \/ L \/ XL \/ XXL \/ XXXL<\/li>\n<\/ul>\n","protected":false},"excerpt":{"rendered":"<ul>\n<li>Dessuadora amb Caputxeta i Butxaca davantera<\/li>\n<li>Color: Blanc<\/li>\n<li>Impressi\u00f3: 1 o 2 cares<\/li>\n<li>Confeccionada a Espanya, 75% sint\u00e8tic, 25% cot\u00f3 (interior)<\/li>\n<li>Impressi\u00f3 per sublimaci\u00f3 T\u00e8rmica<\/li>\n<\/ul>\n<p>Talla:<\/p>\n<ul>\n<li>Infantil: 6 \/ 10 \/ 14 anys<\/li>\n<li>Adult: XS \/ S \/ M \/ L \/ XL \/ XXL \/ XXXL<\/li>\n<\/ul>\n","protected":false},"featured_media":12894,"comment_status":"open","ping_status":"closed","template":"","meta":[],"product_brand":[],"product_cat":[609,610,938],"product_tag":[627,636,638,854,1159],"class_list":{"0":"post-14265","1":"product","2":"type-product","3":"status-publish","4":"has-post-thumbnail","6":"product_cat-regala-productes-personalitzats","7":"product_cat-accessoris-personalitzables","8":"product_cat-dessuadores-personalitzades","9":"product_tag-dia-del-pare","10":"product_tag-per-a-ell","11":"product_tag-per-a-esportistes","12":"product_tag-tornada-al-colle","13":"product_tag-esdeveniments","15":"first","16":"instock","17":"taxable","18":"shipping-taxable","19":"purchasable","20":"product-type-simple"},"_links":{"self":[{"href":"https:\/\/i-moments.com\/ca\/wp-json\/wp\/v2\/product\/14265","targetHints":{"allow":["GET"]}}],"collection":[{"href":"https:\/\/i-moments.com\/ca\/wp-json\/wp\/v2\/product"}],"about":[{"href":"https:\/\/i-moments.com\/ca\/wp-json\/wp\/v2\/types\/product"}],"replies":[{"embeddable":true,"href":"https:\/\/i-moments.com\/ca\/wp-json\/wp\/v2\/comments?post=14265"}],"wp:featuredmedia":[{"embeddable":true,"href":"https:\/\/i-moments.com\/ca\/wp-json\/wp\/v2\/media\/12894"}],"wp:attachment":[{"href":"https:\/\/i-moments.com\/ca\/wp-json\/wp\/v2\/media?parent=14265"}],"wp:term":[{"taxonomy":"product_brand","embeddable":true,"href":"https:\/\/i-moments.com\/ca\/wp-json\/wp\/v2\/product_brand?post=14265"},{"taxonomy":"product_cat","embeddable":true,"href":"https:\/\/i-moments.com\/ca\/wp-json\/wp\/v2\/product_cat?post=14265"},{"taxonomy":"product_tag","embeddable":true,"href":"https:\/\/i-moments.com\/ca\/wp-json\/wp\/v2\/product_tag?post=14265"}],"curies":[{"name":"wp","href":"https:\/\/api.w.org\/{rel}","templated":true}]}}