{"id":14269,"date":"2021-01-21T10:13:16","date_gmt":"2021-01-21T10:13:16","guid":{"rendered":"https:\/\/i-moments.com\/p\/sense%20categoria\/motxilla-de-cordes-personalitzada\/"},"modified":"2025-09-30T14:51:00","modified_gmt":"2025-09-30T12:51:00","slug":"motxilla-de-cordes-personalitzada","status":"publish","type":"product","link":"https:\/\/i-moments.com\/ca\/p\/motxilla-de-cordes-personalitzada\/","title":{"rendered":"Motxilla De Cordes Personalitzada"},"content":{"rendered":"<h2 style=\"text-align: center;\"><strong>MOTXILLA DE CORDES PERSONALITZADA<\/strong><\/h2>\n<p>La motxilla de cordes \u00e9s el regal ideal per promocionar qualsevol negoci. Gr\u00e0cies a la seva gran mida, podr\u00e0s guardar el que vulguis, des d&#8217;un equip esportiu fins a roba de canvi.<br \/>\nPersonalitza-la amb el teu logotip o la foto que m\u00e9s t&#8217;agrada.<\/p>\n<h3><strong>Caracter\u00edstiques:<\/strong><\/h3>\n<ul>\n<li>Mida: 35 x 45 cm<\/li>\n<li>Color: Blanc \/ Cantoneres gris<\/li>\n<li>Teixit: 100% Poli\u00e8ster<\/li>\n<li>Mida Impressi\u00f3: 15 x 20 cm<\/li>\n<li>Cordons d&#8217; ajust a l&#8217; esquena<\/li>\n<li>Butxaca inclinada frontal amb cremallera<\/li>\n<li>Sortida per a cables<\/li>\n<li>Cantonades refor\u00e7ades<\/li>\n<\/ul>\n","protected":false},"excerpt":{"rendered":"<ul>\n<li>Mida: 35 x 45 cm<\/li>\n<li>Color: Blanc \/ Cantoneres gris<\/li>\n<li>Teixit: 100% Poli\u00e8ster<\/li>\n<li>Mida Impressi\u00f3: 15 x 20 cm<\/li>\n<li>Cordons d&#8217; ajust a l&#8217; esquena<\/li>\n<li>Butxaca inclinada frontal amb cremallera<\/li>\n<li>Sortida per a cables<\/li>\n<li>Cantonades refor\u00e7ades<\/li>\n<\/ul>\n","protected":false},"featured_media":12860,"comment_status":"open","ping_status":"closed","template":"","meta":[],"product_brand":[],"product_cat":[609,610,915],"product_tag":[638,841,854,1159],"class_list":{"0":"post-14269","1":"product","2":"type-product","3":"status-publish","4":"has-post-thumbnail","6":"product_cat-regala-productes-personalitzats","7":"product_cat-accessoris-personalitzables","8":"product_cat-motxilles-personalitzades","9":"product_tag-per-a-esportistes","10":"product_tag-per-a-nens","11":"product_tag-tornada-al-colle","12":"product_tag-esdeveniments","14":"first","15":"instock","16":"taxable","17":"shipping-taxable","18":"purchasable","19":"product-type-simple"},"_links":{"self":[{"href":"https:\/\/i-moments.com\/ca\/wp-json\/wp\/v2\/product\/14269","targetHints":{"allow":["GET"]}}],"collection":[{"href":"https:\/\/i-moments.com\/ca\/wp-json\/wp\/v2\/product"}],"about":[{"href":"https:\/\/i-moments.com\/ca\/wp-json\/wp\/v2\/types\/product"}],"replies":[{"embeddable":true,"href":"https:\/\/i-moments.com\/ca\/wp-json\/wp\/v2\/comments?post=14269"}],"wp:featuredmedia":[{"embeddable":true,"href":"https:\/\/i-moments.com\/ca\/wp-json\/wp\/v2\/media\/12860"}],"wp:attachment":[{"href":"https:\/\/i-moments.com\/ca\/wp-json\/wp\/v2\/media?parent=14269"}],"wp:term":[{"taxonomy":"product_brand","embeddable":true,"href":"https:\/\/i-moments.com\/ca\/wp-json\/wp\/v2\/product_brand?post=14269"},{"taxonomy":"product_cat","embeddable":true,"href":"https:\/\/i-moments.com\/ca\/wp-json\/wp\/v2\/product_cat?post=14269"},{"taxonomy":"product_tag","embeddable":true,"href":"https:\/\/i-moments.com\/ca\/wp-json\/wp\/v2\/product_tag?post=14269"}],"curies":[{"name":"wp","href":"https:\/\/api.w.org\/{rel}","templated":true}]}}