{"id":14275,"date":"2021-01-21T09:55:40","date_gmt":"2021-01-21T09:55:40","guid":{"rendered":"https:\/\/i-moments.com\/p\/sense%20categoria\/samarreta-tecnica-infantil-m-l\/"},"modified":"2025-09-30T14:51:31","modified_gmt":"2025-09-30T12:51:31","slug":"samarreta-tecnica-infantil-m-l","status":"publish","type":"product","link":"https:\/\/i-moments.com\/ca\/p\/samarreta-tecnica-infantil-m-l\/","title":{"rendered":"Samarreta T\u00e8cnica Infantil M\u00e0nega Llarga"},"content":{"rendered":"<h2 style=\"text-align: center;\"><strong>SAMARRETA T\u00c8CNICA INFANTIL M\u00c0NIGA LLARGA<\/strong><\/h2>\n<p>Futbolers, Runners, Bikers, per a les activitats esportives, per passejar. Ja pots dissenyar i personalitzar les teves pr\u00f2pies samarretes t\u00e8cniques.<br \/>\nImpr\u00edmeles a 1 o 2 cares (Pit-Espalda), impr\u00edmeles amb les teves fotos, logos, textos&#8230;<br \/>\nImpreses amb la millor tecnologia de Sublimaci\u00f3 T\u00e8rmica, perqu\u00e8, per m\u00e9s que laves els colors quedessin vius i brillants.<\/p>\n<h3><strong>Caracter\u00edstiques:<\/strong><\/h3>\n<ul>\n<li>Teixit: 100% poli\u00e8ster texturat<\/li>\n<li>Transpirable anti-bacteris<\/li>\n<li>Tecnologia Mesh Yarn Dry Fit<\/li>\n<li>Color: Blanc (Manga Llarga)<\/li>\n<li>Impressi\u00f3: 1 o 2 cares (Pit \/ Esquena)<\/li>\n<li>Talles: 4\/6 \u2013 8\/10 \u2013 12\/14 anys<\/li>\n<\/ul>\n<p>&nbsp;<\/p>\n<p>&nbsp;<\/p>\n","protected":false},"excerpt":{"rendered":"<ul>\n<li>Teixit: 100% poli\u00e8ster texturat<\/li>\n<li>Transpirable anti-bacteris<\/li>\n<li>Tecnologia Mesh Yarn Dry Fit<\/li>\n<li>Color: Blanc (Manga Llarga)<\/li>\n<li>Impressi\u00f3: 1 o 2 cares (Pit \/ Esquena)<\/li>\n<li>Talles: 4\/6 \u2013 8\/10 \u2013 12\/14 anys<\/li>\n<\/ul>\n","protected":false},"featured_media":11336,"comment_status":"open","ping_status":"closed","template":"","meta":[],"product_brand":[],"product_cat":[848,859,609,610],"product_tag":[854,1159,638],"class_list":{"0":"post-14275","1":"product","2":"type-product","3":"status-publish","4":"has-post-thumbnail","6":"product_cat-samarretes-personalitzades","7":"product_cat-samarretes-personalitzades-per-a-nen","8":"product_cat-regala-productes-personalitzats","9":"product_cat-accessoris-personalitzables","10":"product_tag-tornada-al-colle","11":"product_tag-esdeveniments","12":"product_tag-per-a-esportistes","14":"first","15":"instock","16":"taxable","17":"shipping-taxable","18":"purchasable","19":"product-type-simple"},"_links":{"self":[{"href":"https:\/\/i-moments.com\/ca\/wp-json\/wp\/v2\/product\/14275","targetHints":{"allow":["GET"]}}],"collection":[{"href":"https:\/\/i-moments.com\/ca\/wp-json\/wp\/v2\/product"}],"about":[{"href":"https:\/\/i-moments.com\/ca\/wp-json\/wp\/v2\/types\/product"}],"replies":[{"embeddable":true,"href":"https:\/\/i-moments.com\/ca\/wp-json\/wp\/v2\/comments?post=14275"}],"wp:featuredmedia":[{"embeddable":true,"href":"https:\/\/i-moments.com\/ca\/wp-json\/wp\/v2\/media\/11336"}],"wp:attachment":[{"href":"https:\/\/i-moments.com\/ca\/wp-json\/wp\/v2\/media?parent=14275"}],"wp:term":[{"taxonomy":"product_brand","embeddable":true,"href":"https:\/\/i-moments.com\/ca\/wp-json\/wp\/v2\/product_brand?post=14275"},{"taxonomy":"product_cat","embeddable":true,"href":"https:\/\/i-moments.com\/ca\/wp-json\/wp\/v2\/product_cat?post=14275"},{"taxonomy":"product_tag","embeddable":true,"href":"https:\/\/i-moments.com\/ca\/wp-json\/wp\/v2\/product_tag?post=14275"}],"curies":[{"name":"wp","href":"https:\/\/api.w.org\/{rel}","templated":true}]}}