{"id":14279,"date":"2021-01-21T09:52:36","date_gmt":"2021-01-21T09:52:36","guid":{"rendered":"https:\/\/i-moments.com\/p\/sense%20categoria\/samarreta-tecnica-infantil-m-c\/"},"modified":"2025-09-30T14:51:49","modified_gmt":"2025-09-30T12:51:49","slug":"samarreta-tecnica-infantil-m-c","status":"publish","type":"product","link":"https:\/\/i-moments.com\/ca\/p\/samarreta-tecnica-infantil-m-c\/","title":{"rendered":"Samarreta T\u00e8cnica Personalitzada Infantil M\u00e0nega Curta"},"content":{"rendered":"<h2 style=\"text-align: center;\"><strong>SAMARRETA T\u00c8CNICA PERSONALITZADA INFANTIL M\u00c0NIGA CURTA<\/strong><\/h2>\n<p>Futbolers, Runners, Bikers, per a les activitats esportives, per passejar. Ja pots dissenyar i personalitzar les teves pr\u00f2pies samarretes t\u00e8cniques, imprimeix-les a 1 o 2 cares (Pecho-Espalda).<br \/>\nImprimeix-les amb les teves fotos, logos, textos.<br \/>\nImpreses amb la millor tecnologia de Sublimaci\u00f3 T\u00e8rmica, perqu\u00e8, per m\u00e9s que laves els colors quedessin vius i brillants.<\/p>\n<h3><strong>Caracter\u00edstiques Samarreta T\u00e8cnica Personalitzada Infantil M\u00e0nega Curta:<\/strong><\/h3>\n<ul>\n<li>Totes les samarretes t\u00e8cniques d&#8217; i-moments, s\u00f3n d&#8217; alta qualitat.<\/li>\n<li>100% poli\u00e8ster texturat transpirable anti-bacteris.<\/li>\n<li>Amb tecnologia Mesh Yarn Dry Fit.<\/li>\n<li>A l&#8217;esquena Niu d&#8217;abella per a una major transpiraci\u00f3.<\/li>\n<li>Disponible en color Blanc.<\/li>\n<li>Imprimible a 1 o dues cares, per impressi\u00f3 en sublimaci\u00f3 T\u00e8rmica<\/li>\n<li>Disponible en talles:<br \/>\nTalla 2\/3 \u2013 Talla 4\/6 \u2013 Talla 8\/10 \u2013 Talla 12\/14<\/li>\n<\/ul>\n","protected":false},"excerpt":{"rendered":"<ul>\n<li>Totes les samarretes t\u00e8cniques d&#8217; i-moments, s\u00f3n d&#8217; alta qualitat.<\/li>\n<li>100% poli\u00e8ster texturat transpirable anti-bacteris.<\/li>\n<li>Amb tecnologia Mesh Yarn Dry Fit.<\/li>\n<li>A l&#8217;esquena Niu d&#8217;abella per a una major transpiraci\u00f3.<\/li>\n<li>Disponible en color Blanc.<\/li>\n<li>Imprimible a 1 o dues cares, per impressi\u00f3 en sublimaci\u00f3 T\u00e8rmica<\/li>\n<li>Disponible en talles:<br \/>\nTalla 2\/3 \u2013 Talla 4\/6 \u2013 Talla 8\/10 \u2013 Talla 12\/14<\/li>\n<\/ul>\n","protected":false},"featured_media":11326,"comment_status":"open","ping_status":"closed","template":"","meta":[],"product_brand":[],"product_cat":[848,859,609,610],"product_tag":[854,1159,612,638],"class_list":{"0":"post-14279","1":"product","2":"type-product","3":"status-publish","4":"has-post-thumbnail","6":"product_cat-samarretes-personalitzades","7":"product_cat-samarretes-personalitzades-per-a-nen","8":"product_cat-regala-productes-personalitzats","9":"product_cat-accessoris-personalitzables","10":"product_tag-tornada-al-colle","11":"product_tag-esdeveniments","12":"product_tag-summer-vibes-ca","13":"product_tag-per-a-esportistes","15":"first","16":"instock","17":"taxable","18":"shipping-taxable","19":"purchasable","20":"product-type-simple"},"_links":{"self":[{"href":"https:\/\/i-moments.com\/ca\/wp-json\/wp\/v2\/product\/14279","targetHints":{"allow":["GET"]}}],"collection":[{"href":"https:\/\/i-moments.com\/ca\/wp-json\/wp\/v2\/product"}],"about":[{"href":"https:\/\/i-moments.com\/ca\/wp-json\/wp\/v2\/types\/product"}],"replies":[{"embeddable":true,"href":"https:\/\/i-moments.com\/ca\/wp-json\/wp\/v2\/comments?post=14279"}],"wp:featuredmedia":[{"embeddable":true,"href":"https:\/\/i-moments.com\/ca\/wp-json\/wp\/v2\/media\/11326"}],"wp:attachment":[{"href":"https:\/\/i-moments.com\/ca\/wp-json\/wp\/v2\/media?parent=14279"}],"wp:term":[{"taxonomy":"product_brand","embeddable":true,"href":"https:\/\/i-moments.com\/ca\/wp-json\/wp\/v2\/product_brand?post=14279"},{"taxonomy":"product_cat","embeddable":true,"href":"https:\/\/i-moments.com\/ca\/wp-json\/wp\/v2\/product_cat?post=14279"},{"taxonomy":"product_tag","embeddable":true,"href":"https:\/\/i-moments.com\/ca\/wp-json\/wp\/v2\/product_tag?post=14279"}],"curies":[{"name":"wp","href":"https:\/\/api.w.org\/{rel}","templated":true}]}}