{"id":14285,"date":"2021-01-21T09:17:55","date_gmt":"2021-01-21T09:17:55","guid":{"rendered":"https:\/\/i-moments.com\/p\/sense%20categoria\/polseres-personalitzades\/"},"modified":"2025-09-30T14:52:35","modified_gmt":"2025-09-30T12:52:35","slug":"polseres-personalitzades","status":"publish","type":"product","link":"https:\/\/i-moments.com\/ca\/p\/polseres-personalitzades\/","title":{"rendered":"Polseres personalitzades"},"content":{"rendered":"<h2 style=\"text-align: center;\"><strong>POLSERES PERSONALITZADES<\/strong><\/h2>\n<p>Res m\u00e9s personal que una Polsera Personalitzada per regalar a un \u00e9sser estimat.<br \/>\nEt proposem una \u00e0mplia gamma de polseres, podr\u00e0s personalitzar-la amb les teves fotos favorites donant-li un toc encara m\u00e9s personal i valu\u00f3s.<\/p>\n<h3><strong>Caracter\u00edstiques:<\/strong><\/h3>\n<p>Diferents models disponibles:<\/p>\n<ul>\n<li>Cord\u00f3 negre trenat cor<\/li>\n<li>Fashion marr\u00f3<\/li>\n<li style=\"list-style-type: none;\">\n<\/li>\n<\/ul>\n","protected":false},"excerpt":{"rendered":"<p>Diferents models disponibles:<\/p>\n<ul>\n<li>Cord\u00f3 negre trenat cor<\/li>\n<li>Fashion marr\u00f3<\/li>\n<li style=\"list-style-type: none;\">\n<\/li>\n<\/ul>\n","protected":false},"featured_media":11524,"comment_status":"open","ping_status":"closed","template":"","meta":[],"product_brand":[],"product_cat":[902,609,610],"product_tag":[1159,706],"class_list":{"0":"post-14285","1":"product","2":"type-product","3":"status-publish","4":"has-post-thumbnail","6":"product_cat-joies-personalitzades","7":"product_cat-regala-productes-personalitzats","8":"product_cat-accessoris-personalitzables","9":"product_tag-esdeveniments","10":"product_tag-per-a-ella","12":"first","13":"instock","14":"taxable","15":"shipping-taxable","16":"purchasable","17":"product-type-simple"},"_links":{"self":[{"href":"https:\/\/i-moments.com\/ca\/wp-json\/wp\/v2\/product\/14285","targetHints":{"allow":["GET"]}}],"collection":[{"href":"https:\/\/i-moments.com\/ca\/wp-json\/wp\/v2\/product"}],"about":[{"href":"https:\/\/i-moments.com\/ca\/wp-json\/wp\/v2\/types\/product"}],"replies":[{"embeddable":true,"href":"https:\/\/i-moments.com\/ca\/wp-json\/wp\/v2\/comments?post=14285"}],"wp:featuredmedia":[{"embeddable":true,"href":"https:\/\/i-moments.com\/ca\/wp-json\/wp\/v2\/media\/11524"}],"wp:attachment":[{"href":"https:\/\/i-moments.com\/ca\/wp-json\/wp\/v2\/media?parent=14285"}],"wp:term":[{"taxonomy":"product_brand","embeddable":true,"href":"https:\/\/i-moments.com\/ca\/wp-json\/wp\/v2\/product_brand?post=14285"},{"taxonomy":"product_cat","embeddable":true,"href":"https:\/\/i-moments.com\/ca\/wp-json\/wp\/v2\/product_cat?post=14285"},{"taxonomy":"product_tag","embeddable":true,"href":"https:\/\/i-moments.com\/ca\/wp-json\/wp\/v2\/product_tag?post=14285"}],"curies":[{"name":"wp","href":"https:\/\/api.w.org\/{rel}","templated":true}]}}