{"id":14293,"date":"2021-01-21T09:30:19","date_gmt":"2021-01-21T09:30:19","guid":{"rendered":"https:\/\/i-moments.com\/p\/sense%20categoria\/samarreta-infantil-personalitzada\/"},"modified":"2025-09-30T14:52:31","modified_gmt":"2025-09-30T12:52:31","slug":"samarreta-infantil-personalitzada","status":"publish","type":"product","link":"https:\/\/i-moments.com\/ca\/p\/samarreta-infantil-personalitzada\/","title":{"rendered":"Samarreta Infantil Personalitzada"},"content":{"rendered":"<h2 style=\"text-align: center;\"><strong>SAMARRETA INFANTIL PERSONALITZADA<\/strong><\/h2>\n<p>Ideal per a Festes, per a l&#8217;Esport, per a Regalar o senzillament perqu\u00e8 vols ser diferent i exclusiu.<br \/>\nImpreses amb la tecnologia de Sublimaci\u00f3 T\u00e8rmica, per m\u00e9s que laves els colors queden vius i brillants.<\/p>\n<h3><strong>Caracter\u00edstiques:<\/strong><\/h3>\n<ul>\n<li>Color: Blanc<\/li>\n<li>Imprimible a 1 o 2 cares<\/li>\n<li>Impressi\u00f3: Sublimaci\u00f3 T\u00e8rmica<\/li>\n<li>Teixit: 100% poli\u00e8ster de 140 g\/m\u00b2<\/li>\n<li>Tacte alg\u00f3don<\/li>\n<li>Disponible en talles:<br \/>\nTalla 3\/4 \u2013 Talla 5\/6 -Talla 7\/8 \u2013 Talla 9\/10 \u2013 Talla 11\/12<\/li>\n<\/ul>\n<p>&nbsp;<\/p>\n<p>&nbsp;<\/p>\n","protected":false},"excerpt":{"rendered":"<ul>\n<li>Color: Blanc<\/li>\n<li>Imprimible a 1 o 2 cares<\/li>\n<li>Impressi\u00f3: Sublimaci\u00f3 T\u00e8rmica<\/li>\n<li>Teixit: 100% poli\u00e8ster de 140 g\/m\u00b2<\/li>\n<li>Tacte alg\u00f3don<\/li>\n<li>Disponible en talles:<br \/>\nTalla 3\/4 \u2013 Talla 5\/6 -Talla 7\/8 \u2013 Talla 9\/10 \u2013 Talla 11\/12 anys<\/li>\n<\/ul>\n","protected":false},"featured_media":11298,"comment_status":"open","ping_status":"closed","template":"","meta":[],"product_brand":[],"product_cat":[609,610,848,859],"product_tag":[638,854,1159],"class_list":{"0":"post-14293","1":"product","2":"type-product","3":"status-publish","4":"has-post-thumbnail","6":"product_cat-regala-productes-personalitzats","7":"product_cat-accessoris-personalitzables","8":"product_cat-samarretes-personalitzades","9":"product_cat-samarretes-personalitzades-per-a-nen","10":"product_tag-per-a-esportistes","11":"product_tag-tornada-al-colle","12":"product_tag-esdeveniments","14":"first","15":"instock","16":"taxable","17":"shipping-taxable","18":"purchasable","19":"product-type-simple"},"_links":{"self":[{"href":"https:\/\/i-moments.com\/ca\/wp-json\/wp\/v2\/product\/14293","targetHints":{"allow":["GET"]}}],"collection":[{"href":"https:\/\/i-moments.com\/ca\/wp-json\/wp\/v2\/product"}],"about":[{"href":"https:\/\/i-moments.com\/ca\/wp-json\/wp\/v2\/types\/product"}],"replies":[{"embeddable":true,"href":"https:\/\/i-moments.com\/ca\/wp-json\/wp\/v2\/comments?post=14293"}],"wp:featuredmedia":[{"embeddable":true,"href":"https:\/\/i-moments.com\/ca\/wp-json\/wp\/v2\/media\/11298"}],"wp:attachment":[{"href":"https:\/\/i-moments.com\/ca\/wp-json\/wp\/v2\/media?parent=14293"}],"wp:term":[{"taxonomy":"product_brand","embeddable":true,"href":"https:\/\/i-moments.com\/ca\/wp-json\/wp\/v2\/product_brand?post=14293"},{"taxonomy":"product_cat","embeddable":true,"href":"https:\/\/i-moments.com\/ca\/wp-json\/wp\/v2\/product_cat?post=14293"},{"taxonomy":"product_tag","embeddable":true,"href":"https:\/\/i-moments.com\/ca\/wp-json\/wp\/v2\/product_tag?post=14293"}],"curies":[{"name":"wp","href":"https:\/\/api.w.org\/{rel}","templated":true}]}}