{"id":14297,"date":"2021-01-21T09:27:07","date_gmt":"2021-01-21T09:27:07","guid":{"rendered":"https:\/\/i-moments.com\/p\/sense%20categoria\/xancletes-infantils-personalitzades\/"},"modified":"2025-09-30T14:52:15","modified_gmt":"2025-09-30T12:52:15","slug":"xancletes-infantils-personalitzades","status":"publish","type":"product","link":"https:\/\/i-moments.com\/ca\/p\/xancletes-infantils-personalitzades\/","title":{"rendered":"Xancletes infantils personalitzades"},"content":{"rendered":"<h2 style=\"text-align: center;\"><strong>XANCLETES INFANTILS PERSONALITZADES<\/strong><\/h2>\n<p>Doncs crea i dissenya les teves, ning\u00fa m\u00e9s en tindr\u00e0 unes d&#8217;iguals. Per a la platja, per al gimn\u00e0s o senzillament per a casa teva.<br \/>\nLes xancletes infantils d&#8217;i-moments, estan impreses amb la millor tecnologia del mercat en impressi\u00f3 digital.<br \/>\nAquest estiu es diferent amb les teves xancletes d&#8217;i-moments.<\/p>\n<h3><strong>Caracter\u00edstiques:<\/strong><\/h3>\n<p>Talles Disponibles:<\/p>\n<ul>\n<li>Talla S (n\u00ba 27-28) 17 cms<\/li>\n<li>Talla M (n\u00ba 30-32) 20 cms<\/li>\n<li>Talla L (n\u00ba35-36) 22,5 cms<\/li>\n<\/ul>\n","protected":false},"excerpt":{"rendered":"<p>Talles Disponibles:<\/p>\n<ul>\n<li>Talla S (n\u00ba 27-28) 17 cms<\/li>\n<li>Talla M (n\u00ba 30-32) 20 cms<\/li>\n<li>Talla L (n\u00ba35-36) 22,5 cms<\/li>\n<\/ul>\n","protected":false},"featured_media":10324,"comment_status":"open","ping_status":"closed","template":"","meta":[],"product_brand":[],"product_cat":[797,803,807,869,609],"product_tag":[841,854,612],"class_list":{"0":"post-14297","1":"product","2":"type-product","3":"status-publish","4":"has-post-thumbnail","6":"product_cat-nens","7":"product_cat-per-a-nens","8":"product_cat-xancletes-infantils-personalitzades","9":"product_cat-xancletes-personalitzades","10":"product_cat-regala-productes-personalitzats","11":"product_tag-per-a-nens","12":"product_tag-tornada-al-colle","13":"product_tag-summer-vibes-ca","15":"first","16":"instock","17":"taxable","18":"shipping-taxable","19":"purchasable","20":"product-type-simple"},"_links":{"self":[{"href":"https:\/\/i-moments.com\/ca\/wp-json\/wp\/v2\/product\/14297","targetHints":{"allow":["GET"]}}],"collection":[{"href":"https:\/\/i-moments.com\/ca\/wp-json\/wp\/v2\/product"}],"about":[{"href":"https:\/\/i-moments.com\/ca\/wp-json\/wp\/v2\/types\/product"}],"replies":[{"embeddable":true,"href":"https:\/\/i-moments.com\/ca\/wp-json\/wp\/v2\/comments?post=14297"}],"wp:featuredmedia":[{"embeddable":true,"href":"https:\/\/i-moments.com\/ca\/wp-json\/wp\/v2\/media\/10324"}],"wp:attachment":[{"href":"https:\/\/i-moments.com\/ca\/wp-json\/wp\/v2\/media?parent=14297"}],"wp:term":[{"taxonomy":"product_brand","embeddable":true,"href":"https:\/\/i-moments.com\/ca\/wp-json\/wp\/v2\/product_brand?post=14297"},{"taxonomy":"product_cat","embeddable":true,"href":"https:\/\/i-moments.com\/ca\/wp-json\/wp\/v2\/product_cat?post=14297"},{"taxonomy":"product_tag","embeddable":true,"href":"https:\/\/i-moments.com\/ca\/wp-json\/wp\/v2\/product_tag?post=14297"}],"curies":[{"name":"wp","href":"https:\/\/api.w.org\/{rel}","templated":true}]}}