{"id":14319,"date":"2021-01-21T10:31:10","date_gmt":"2021-01-21T10:31:10","guid":{"rendered":"https:\/\/i-moments.com\/p\/sense%20categoria\/rellotge-lux-de-fusta-personalitzat\/"},"modified":"2025-09-30T14:50:29","modified_gmt":"2025-09-30T12:50:29","slug":"rellotge-lux-de-fusta-personalitzat","status":"publish","type":"product","link":"https:\/\/i-moments.com\/ca\/p\/rellotge-lux-de-fusta-personalitzat\/","title":{"rendered":"Rellotge Lux de Fusta Personalitzat"},"content":{"rendered":"<h2 style=\"text-align: center;\"><strong>RELLOTGE LUX DE FUSTA PERSONALITZAT<\/strong><\/h2>\n<p>Dissenya un Rellotge Lux de paret amb les teves fotos, elegant i r\u00edgid quadrat de molt alta qualitat i distinci\u00f3. Donar\u00e0s un toc modern a les parets de la teva llar. Ideal per decorar casa teva, la teva botiga, oficina&#8230;<br \/>\nDisponible en diferents models i 3 mides a triar.<\/p>\n<h3><strong>Caracter\u00edstiques:<\/strong><\/h3>\n<ul>\n<li>Material: Fusta<\/li>\n<li>Mides: 20&#215;20 \/ 30&#215;30 \/ 40&#215;40 cm (Grosor 1 cm)<\/li>\n<li>3 models d&#8217;Agulles (Cl\u00e0ssiques \/ Fashion \/ Kitchen)<\/li>\n<li>Assortiment de colors per al darrere i el cant<\/li>\n<li>Marc opcional<\/li>\n<li>Inclou mecanisme amb les agulles, penjador i piles<\/li>\n<li>Disponible nom\u00e9s en botigues i-moments<\/li>\n<\/ul>\n","protected":false},"excerpt":{"rendered":"<ul>\n<li>Material: Fusta<\/li>\n<li>Mides: 20&#215;20 \/ 30&#215;30 \/ 40&#215;40 cm (Grosor 1 cm)<\/li>\n<li>3 models d&#8217;Agulles (Cl\u00e0ssiques \/ Fashion \/ Kitchen)<\/li>\n<li>Assortiment de colors per al darrere i el cant<\/li>\n<li>Marc opcional<\/li>\n<li>Inclou mecanisme amb les agulles, penjador i piles<\/li>\n<li>Disponible nom\u00e9s en botigues i-moments<\/li>\n<\/ul>\n","protected":false},"featured_media":11160,"comment_status":"open","ping_status":"closed","template":"","meta":[],"product_brand":[],"product_cat":[781,603],"product_tag":[637,839],"class_list":{"0":"post-14319","1":"product","2":"type-product","3":"status-publish","4":"has-post-thumbnail","6":"product_cat-rellotges-personalitzats","7":"product_cat-llar","8":"product_tag-per-a-la-llar","9":"product_tag-decora-ca","11":"first","12":"instock","13":"taxable","14":"shipping-taxable","15":"product-type-external"},"_links":{"self":[{"href":"https:\/\/i-moments.com\/ca\/wp-json\/wp\/v2\/product\/14319","targetHints":{"allow":["GET"]}}],"collection":[{"href":"https:\/\/i-moments.com\/ca\/wp-json\/wp\/v2\/product"}],"about":[{"href":"https:\/\/i-moments.com\/ca\/wp-json\/wp\/v2\/types\/product"}],"replies":[{"embeddable":true,"href":"https:\/\/i-moments.com\/ca\/wp-json\/wp\/v2\/comments?post=14319"}],"wp:featuredmedia":[{"embeddable":true,"href":"https:\/\/i-moments.com\/ca\/wp-json\/wp\/v2\/media\/11160"}],"wp:attachment":[{"href":"https:\/\/i-moments.com\/ca\/wp-json\/wp\/v2\/media?parent=14319"}],"wp:term":[{"taxonomy":"product_brand","embeddable":true,"href":"https:\/\/i-moments.com\/ca\/wp-json\/wp\/v2\/product_brand?post=14319"},{"taxonomy":"product_cat","embeddable":true,"href":"https:\/\/i-moments.com\/ca\/wp-json\/wp\/v2\/product_cat?post=14319"},{"taxonomy":"product_tag","embeddable":true,"href":"https:\/\/i-moments.com\/ca\/wp-json\/wp\/v2\/product_tag?post=14319"}],"curies":[{"name":"wp","href":"https:\/\/api.w.org\/{rel}","templated":true}]}}