{"id":14321,"date":"2021-01-21T10:28:59","date_gmt":"2021-01-21T10:28:59","guid":{"rendered":"https:\/\/i-moments.com\/p\/sense%20categoria\/rellotge-de-fusta-personalitzat\/"},"modified":"2025-11-04T12:22:06","modified_gmt":"2025-11-04T11:22:06","slug":"rellotge-de-fusta-personalitzat","status":"publish","type":"product","link":"https:\/\/i-moments.com\/ca\/p\/rellotge-de-fusta-personalitzat\/","title":{"rendered":"Rellotge de Fusta Personalitzat"},"content":{"rendered":"<h2 style=\"text-align: center;\"><strong>RELLOTGE DE FUSTA PERSONALITZAT<\/strong><\/h2>\n<p>Si volies un Rellotge de paret original, no busques m\u00e9s. Ja pots dissenyar el teu propi rellotge de fusta personalitzat amb les teves fotos, imatges i textos gr\u00e0cies al nostre senzill editor online i nosaltres ens encarreguem de la resta. Donar\u00e0s un toc modern a les parets de la teva llar. Ideal per decorar casa teva, la teva botiga, oficina&#8230; Disponible en diferents dissenys i 3 mides a triar.<\/p>\n<h3><strong>Caracter\u00edstiques:<\/strong><\/h3>\n<ul>\n<li>Material: Fusta<\/li>\n<li>Color Cant: Blanc o Negre<\/li>\n<li>Mides: 20&#215;20 \/ 30&#215;30 \/ 40&#215;40 cm (Grosor 1 cm)<\/li>\n<li>2 models d&#8217;Agulles (Classic \/ Kitchen)<\/li>\n<li>Inclou mecanisme amb les agulles, penjador i piles<\/li>\n<\/ul>\n","protected":false},"excerpt":{"rendered":"<ul>\n<li>Material: Fusta<\/li>\n<li>Color Cant: Blanc o Negre<\/li>\n<li>Mides: 20&#215;20 \/ 30&#215;30 \/ 40&#215;40 cm (Grosor 1 cm)<\/li>\n<li>2 models d&#8217;Agulles (Classic \/ Kitchen)<\/li>\n<li>Inclou mecanisme amb les agulles, penjador i piles<\/li>\n<\/ul>\n","protected":false},"featured_media":20515,"comment_status":"open","ping_status":"closed","template":"","meta":[],"product_brand":[],"product_cat":[781,603],"product_tag":[628,637,686,839,1338,621,627],"class_list":{"0":"post-14321","1":"product","2":"type-product","3":"status-publish","4":"has-post-thumbnail","6":"product_cat-rellotges-personalitzats","7":"product_cat-llar","8":"product_tag-dia-de-la-mare","9":"product_tag-per-a-la-llar","10":"product_tag-sant-valenti","11":"product_tag-decora-ca","12":"product_tag-mare","13":"product_tag-nadal","14":"product_tag-dia-del-pare","16":"first","17":"instock","18":"taxable","19":"shipping-taxable","20":"purchasable","21":"product-type-variable"},"_links":{"self":[{"href":"https:\/\/i-moments.com\/ca\/wp-json\/wp\/v2\/product\/14321","targetHints":{"allow":["GET"]}}],"collection":[{"href":"https:\/\/i-moments.com\/ca\/wp-json\/wp\/v2\/product"}],"about":[{"href":"https:\/\/i-moments.com\/ca\/wp-json\/wp\/v2\/types\/product"}],"replies":[{"embeddable":true,"href":"https:\/\/i-moments.com\/ca\/wp-json\/wp\/v2\/comments?post=14321"}],"wp:featuredmedia":[{"embeddable":true,"href":"https:\/\/i-moments.com\/ca\/wp-json\/wp\/v2\/media\/20515"}],"wp:attachment":[{"href":"https:\/\/i-moments.com\/ca\/wp-json\/wp\/v2\/media?parent=14321"}],"wp:term":[{"taxonomy":"product_brand","embeddable":true,"href":"https:\/\/i-moments.com\/ca\/wp-json\/wp\/v2\/product_brand?post=14321"},{"taxonomy":"product_cat","embeddable":true,"href":"https:\/\/i-moments.com\/ca\/wp-json\/wp\/v2\/product_cat?post=14321"},{"taxonomy":"product_tag","embeddable":true,"href":"https:\/\/i-moments.com\/ca\/wp-json\/wp\/v2\/product_tag?post=14321"}],"curies":[{"name":"wp","href":"https:\/\/api.w.org\/{rel}","templated":true}]}}