{"id":14325,"date":"2021-01-21T10:18:35","date_gmt":"2021-01-21T10:18:35","guid":{"rendered":"https:\/\/i-moments.com\/p\/sense%20categoria\/tovallola-personalitzada\/"},"modified":"2025-09-30T14:50:59","modified_gmt":"2025-09-30T12:50:59","slug":"tovalloles-personalitzades","status":"publish","type":"product","link":"https:\/\/i-moments.com\/ca\/p\/tovalloles-personalitzades\/","title":{"rendered":"Tovallola Personalitzada"},"content":{"rendered":"<h2 style=\"text-align: center;\"><strong>TOVALLOLA PERSONALITZADA<\/strong><\/h2>\n<p>Les Tovalloles Personalitzades de microfibra, s\u00f3n una soluci\u00f3 perfecta per a un Regal.<br \/>\nPer\u00f2 tamb\u00e9 s\u00f3n un producte de gran utilitat per a tota mena d&#8217;ocasions com per exemple gimn\u00e0s, piscina, per a l&#8217;escola dels teus fills o per quan facis esport.<br \/>\n\u00c9s un producte de gran qualitat que garanteix colors vius i duradors totalment aptes per a rentadora i assecadora.<\/p>\n<h3><strong>Caracter\u00edstiques:<\/strong><\/h3>\n<ul>\n<li>Color: Blanc<\/li>\n<li>Teixit: Microfibra, super-absorbent.<\/li>\n<li>Mides: 35&#215;20 \/ 70&#215;40 \/ 90&#215;60 cm<\/li>\n<\/ul>\n","protected":false},"excerpt":{"rendered":"<ul>\n<li>Color: Blanc<\/li>\n<li>Teixit: Microfibra, super-absorbent.<\/li>\n<li>Mides: 35&#215;20 \/ 70&#215;40 \/ 90&#215;60 cm<\/li>\n<\/ul>\n","protected":false},"featured_media":11350,"comment_status":"open","ping_status":"closed","template":"","meta":[],"product_brand":[],"product_cat":[603,605],"product_tag":[637,854],"class_list":{"0":"post-14325","1":"product","2":"type-product","3":"status-publish","4":"has-post-thumbnail","6":"product_cat-llar","7":"product_cat-cuina-i-bany","8":"product_tag-per-a-la-llar","9":"product_tag-tornada-al-colle","11":"first","12":"instock","13":"taxable","14":"shipping-taxable","15":"purchasable","16":"product-type-simple"},"_links":{"self":[{"href":"https:\/\/i-moments.com\/ca\/wp-json\/wp\/v2\/product\/14325","targetHints":{"allow":["GET"]}}],"collection":[{"href":"https:\/\/i-moments.com\/ca\/wp-json\/wp\/v2\/product"}],"about":[{"href":"https:\/\/i-moments.com\/ca\/wp-json\/wp\/v2\/types\/product"}],"replies":[{"embeddable":true,"href":"https:\/\/i-moments.com\/ca\/wp-json\/wp\/v2\/comments?post=14325"}],"wp:featuredmedia":[{"embeddable":true,"href":"https:\/\/i-moments.com\/ca\/wp-json\/wp\/v2\/media\/11350"}],"wp:attachment":[{"href":"https:\/\/i-moments.com\/ca\/wp-json\/wp\/v2\/media?parent=14325"}],"wp:term":[{"taxonomy":"product_brand","embeddable":true,"href":"https:\/\/i-moments.com\/ca\/wp-json\/wp\/v2\/product_brand?post=14325"},{"taxonomy":"product_cat","embeddable":true,"href":"https:\/\/i-moments.com\/ca\/wp-json\/wp\/v2\/product_cat?post=14325"},{"taxonomy":"product_tag","embeddable":true,"href":"https:\/\/i-moments.com\/ca\/wp-json\/wp\/v2\/product_tag?post=14325"}],"curies":[{"name":"wp","href":"https:\/\/api.w.org\/{rel}","templated":true}]}}