{"id":14329,"date":"2021-01-21T10:17:04","date_gmt":"2021-01-21T10:17:04","guid":{"rendered":"https:\/\/i-moments.com\/p\/sense%20categoria\/dessuadora-personalitzada\/"},"modified":"2025-09-30T14:50:41","modified_gmt":"2025-09-30T12:50:41","slug":"dessuadora-personalitzada","status":"publish","type":"product","link":"https:\/\/i-moments.com\/ca\/p\/dessuadora-personalitzada\/","title":{"rendered":"Dessuadora Personalitzada"},"content":{"rendered":"<h2 style=\"text-align: center;\"><strong>DESSUADORA PERSONALITZADA<\/strong><\/h2>\n<p>Dissenyar i personalitzar la teva Dessuadora \u00e9s s\u00faper f\u00e0cil, podr\u00e0s imprimir-la a 1 o 2 cares (Pecho-Espalda), impr\u00edmeles amb les teves fotos, logos, textos. Amb la impressi\u00f3 per Sublimaci\u00f3 T\u00e8rmica, per m\u00e9s que laves la teva dessuadora els colors queden vius i brillants. Totes les dessuadores i-moments, s\u00f3n d&#8217;alta qualitat de i confeccionades a Espanya.<\/p>\n<h3><strong>Caracter\u00edstiques:<\/strong><\/h3>\n<ul>\n<li>Color: Blanc<\/li>\n<li>Impressi\u00f3: 1 o 2 cares<\/li>\n<li>Confeccionada a Espanya, 75% sint\u00e8tic, 25% cot\u00f3 (interior)<\/li>\n<li>Impressi\u00f3 per sublimaci\u00f3 T\u00e8rmica<\/li>\n<\/ul>\n<p>Talla:<\/p>\n<ul>\n<li>Infantil: 6 \/ 10 \/ 14 anys<\/li>\n<li>Adult: XS \/ S \/ M \/ L \/ XL \/ XXL \/ XXXL<\/li>\n<\/ul>\n","protected":false},"excerpt":{"rendered":"<ul>\n<li>Color: Blanc<\/li>\n<li>Impressi\u00f3: 1 o 2 cares<\/li>\n<li>Confeccionada a Espanya, 75% sint\u00e8tic, 25% cot\u00f3 (interior)<\/li>\n<li>Impressi\u00f3 per sublimaci\u00f3 T\u00e8rmica<\/li>\n<\/ul>\n<p>Talla:<\/p>\n<ul>\n<li>Infantil: 6 \/ 10 \/ 14 anys<\/li>\n<li>Adult: XS \/ S \/ M \/ L \/ XL \/ XXL \/ XXXL<\/li>\n<\/ul>\n","protected":false},"featured_media":12822,"comment_status":"open","ping_status":"closed","template":"","meta":[],"product_brand":[],"product_cat":[609,610,938],"product_tag":[1159,636,638,686,854],"class_list":{"0":"post-14329","1":"product","2":"type-product","3":"status-publish","4":"has-post-thumbnail","6":"product_cat-regala-productes-personalitzats","7":"product_cat-accessoris-personalitzables","8":"product_cat-dessuadores-personalitzades","9":"product_tag-esdeveniments","10":"product_tag-per-a-ell","11":"product_tag-per-a-esportistes","12":"product_tag-sant-valenti","13":"product_tag-tornada-al-colle","15":"first","16":"instock","17":"taxable","18":"shipping-taxable","19":"purchasable","20":"product-type-simple"},"_links":{"self":[{"href":"https:\/\/i-moments.com\/ca\/wp-json\/wp\/v2\/product\/14329","targetHints":{"allow":["GET"]}}],"collection":[{"href":"https:\/\/i-moments.com\/ca\/wp-json\/wp\/v2\/product"}],"about":[{"href":"https:\/\/i-moments.com\/ca\/wp-json\/wp\/v2\/types\/product"}],"replies":[{"embeddable":true,"href":"https:\/\/i-moments.com\/ca\/wp-json\/wp\/v2\/comments?post=14329"}],"wp:featuredmedia":[{"embeddable":true,"href":"https:\/\/i-moments.com\/ca\/wp-json\/wp\/v2\/media\/12822"}],"wp:attachment":[{"href":"https:\/\/i-moments.com\/ca\/wp-json\/wp\/v2\/media?parent=14329"}],"wp:term":[{"taxonomy":"product_brand","embeddable":true,"href":"https:\/\/i-moments.com\/ca\/wp-json\/wp\/v2\/product_brand?post=14329"},{"taxonomy":"product_cat","embeddable":true,"href":"https:\/\/i-moments.com\/ca\/wp-json\/wp\/v2\/product_cat?post=14329"},{"taxonomy":"product_tag","embeddable":true,"href":"https:\/\/i-moments.com\/ca\/wp-json\/wp\/v2\/product_tag?post=14329"}],"curies":[{"name":"wp","href":"https:\/\/api.w.org\/{rel}","templated":true}]}}