{"id":14351,"date":"2021-01-21T08:48:28","date_gmt":"2021-01-21T08:48:28","guid":{"rendered":"https:\/\/i-moments.com\/p\/sense%20categoria\/coixi-cor-personalitzat\/"},"modified":"2025-09-30T14:53:27","modified_gmt":"2025-09-30T12:53:27","slug":"coixin-corazon-personalitzat","status":"publish","type":"product","link":"https:\/\/i-moments.com\/ca\/p\/coixin-corazon-personalitzat\/","title":{"rendered":"Coix\u00ed Cor Personalitzat"},"content":{"rendered":"<h2 style=\"text-align: center;\"><strong>COIX\u00cd COR PERSONALITZAT<\/strong><\/h2>\n<p>Crea i dissenya un Coix\u00ed amb forma de Cor a 1 cara, m\u00e9s divertits i alegres perqu\u00e8 t&#8217;acompanyin en els teus moments inoblidables. Per Sant Valent\u00ed, per a un familiar o per a aquesta persona que ocupa part de la teva vida. Escull les fotos que vulguis i comen\u00e7a a dissenyar el teu propi coix\u00ed gr\u00e0cies al nostre editor online.<\/p>\n<h3><strong>Caracter\u00edstiques<\/strong>:<\/h3>\n<ul>\n<li>Material: Poli\u00e8ster<\/li>\n<li>Personalitzable 1 cara.<\/li>\n<li>Inclou farciment.<\/li>\n<li>Mida: 43 x 40 cm<\/li>\n<\/ul>\n","protected":false},"excerpt":{"rendered":"<ul>\n<li>Material: Poli\u00e8ster<\/li>\n<li>Personalitzable 1 cara.<\/li>\n<li>Inclou farciment.<\/li>\n<li>Mida: 43 x 40 cm<\/li>\n<\/ul>\n","protected":false},"featured_media":18898,"comment_status":"open","ping_status":"closed","template":"","meta":[],"product_brand":[],"product_cat":[739,704],"product_tag":[651,686,706,707,637],"class_list":{"0":"post-14351","1":"product","2":"type-product","3":"status-publish","4":"has-post-thumbnail","6":"product_cat-coixi-cor-personalitzat","7":"product_cat-coixins-personalitzats","8":"product_tag-vacances","9":"product_tag-sant-valenti","10":"product_tag-per-a-ella","11":"product_tag-amic-invisible","12":"product_tag-per-a-la-llar","14":"first","15":"instock","16":"taxable","17":"shipping-taxable","18":"purchasable","19":"product-type-simple"},"_links":{"self":[{"href":"https:\/\/i-moments.com\/ca\/wp-json\/wp\/v2\/product\/14351","targetHints":{"allow":["GET"]}}],"collection":[{"href":"https:\/\/i-moments.com\/ca\/wp-json\/wp\/v2\/product"}],"about":[{"href":"https:\/\/i-moments.com\/ca\/wp-json\/wp\/v2\/types\/product"}],"replies":[{"embeddable":true,"href":"https:\/\/i-moments.com\/ca\/wp-json\/wp\/v2\/comments?post=14351"}],"wp:featuredmedia":[{"embeddable":true,"href":"https:\/\/i-moments.com\/ca\/wp-json\/wp\/v2\/media\/18898"}],"wp:attachment":[{"href":"https:\/\/i-moments.com\/ca\/wp-json\/wp\/v2\/media?parent=14351"}],"wp:term":[{"taxonomy":"product_brand","embeddable":true,"href":"https:\/\/i-moments.com\/ca\/wp-json\/wp\/v2\/product_brand?post=14351"},{"taxonomy":"product_cat","embeddable":true,"href":"https:\/\/i-moments.com\/ca\/wp-json\/wp\/v2\/product_cat?post=14351"},{"taxonomy":"product_tag","embeddable":true,"href":"https:\/\/i-moments.com\/ca\/wp-json\/wp\/v2\/product_tag?post=14351"}],"curies":[{"name":"wp","href":"https:\/\/api.w.org\/{rel}","templated":true}]}}