{"id":14358,"date":"2021-01-21T09:13:43","date_gmt":"2021-01-21T09:13:43","guid":{"rendered":"https:\/\/i-moments.com\/p\/sense%20categoria\/samarreta-tecnica-dona-m-c\/"},"modified":"2025-09-30T14:52:58","modified_gmt":"2025-09-30T12:52:58","slug":"samarreta-tecnica-dona-m-c","status":"publish","type":"product","link":"https:\/\/i-moments.com\/ca\/p\/samarreta-tecnica-dona-m-c\/","title":{"rendered":"Samarreta T\u00e8cnica Personalitzada Dona M\u00e0nega Curta"},"content":{"rendered":"<h2 style=\"text-align: center;\"><strong>SAMARRETA T\u00c8CNICA PERSONALITZADA DONA M\u00c0NIGA CURTA<\/strong><\/h2>\n<p>Runners, Bikers, per al gimn\u00e0s o un esdeveniment esportiu, per passejar. Ja pots dissenyar i personalitzar les teves pr\u00f2pies samarretes t\u00e8cniques.<br \/>\nImpr\u00edmeles a 1 o 2 cares (Pit-Espalda) amb les teves fotos, logos, textos.<br \/>\nImpreses amb la millor tecnologia de Sublimaci\u00f3 T\u00e8rmica, perqu\u00e8, per m\u00e9s que laves els colors quedessin vius i brillants.<\/p>\n<h3><strong>Caracter\u00edstiques Samarreta T\u00e8cnica Personalitzada Dona M\u00e0nega Curta:<\/strong><\/h3>\n<ul>\n<li>Totes les samarretes t\u00e8cniques d&#8217; i-moments, s\u00f3n d&#8217; alta qualitat.<\/li>\n<li>100% poli\u00e8ster texturat transpirable anti-bacteris.<\/li>\n<li>Amb tecnologia Mesh Yarn Dry Fit.<\/li>\n<li>A l&#8217;esquena Niu d&#8217;abella per a una major transpiraci\u00f3.<\/li>\n<li>Disponible en color Blanc.<\/li>\n<li>Imprimible a 1 o dues cares, per impressi\u00f3 en sublimaci\u00f3 T\u00e8rmica<\/li>\n<li>Disponible en talles:<br \/>\nTalla XS \u2013 Talla S \u2013 Talla M \u2013 Talla L \u2013 Talla XL<\/li>\n<\/ul>\n","protected":false},"excerpt":{"rendered":"<ul>\n<li>Totes les samarretes t\u00e8cniques d&#8217; i-moments, s\u00f3n d&#8217; alta qualitat.<\/li>\n<li>100% poli\u00e8ster texturat transpirable anti-bacteris.<\/li>\n<li>Amb tecnologia Mesh Yarn Dry Fit.<\/li>\n<li>A l&#8217;esquena Niu d&#8217;abella per a una major transpiraci\u00f3.<\/li>\n<li>Disponible en color Blanc.<\/li>\n<li>Imprimible a 1 o dues cares, per impressi\u00f3 en sublimaci\u00f3 T\u00e8rmica<\/li>\n<li>Disponible en talles:<br \/>\nTalla XS \u2013 Talla S \u2013 Talla M \u2013 Talla L \u2013 Talla XL<\/li>\n<\/ul>\n","protected":false},"featured_media":11908,"comment_status":"open","ping_status":"closed","template":"","meta":[],"product_brand":[],"product_cat":[609,610,848,856],"product_tag":[638,706,854,1159],"class_list":{"0":"post-14358","1":"product","2":"type-product","3":"status-publish","4":"has-post-thumbnail","6":"product_cat-regala-productes-personalitzats","7":"product_cat-accessoris-personalitzables","8":"product_cat-samarretes-personalitzades","9":"product_cat-samarretes-personalitzades-per-a-dona","10":"product_tag-per-a-esportistes","11":"product_tag-per-a-ella","12":"product_tag-tornada-al-colle","13":"product_tag-esdeveniments","15":"first","16":"instock","17":"taxable","18":"shipping-taxable","19":"purchasable","20":"product-type-simple"},"_links":{"self":[{"href":"https:\/\/i-moments.com\/ca\/wp-json\/wp\/v2\/product\/14358","targetHints":{"allow":["GET"]}}],"collection":[{"href":"https:\/\/i-moments.com\/ca\/wp-json\/wp\/v2\/product"}],"about":[{"href":"https:\/\/i-moments.com\/ca\/wp-json\/wp\/v2\/types\/product"}],"replies":[{"embeddable":true,"href":"https:\/\/i-moments.com\/ca\/wp-json\/wp\/v2\/comments?post=14358"}],"wp:featuredmedia":[{"embeddable":true,"href":"https:\/\/i-moments.com\/ca\/wp-json\/wp\/v2\/media\/11908"}],"wp:attachment":[{"href":"https:\/\/i-moments.com\/ca\/wp-json\/wp\/v2\/media?parent=14358"}],"wp:term":[{"taxonomy":"product_brand","embeddable":true,"href":"https:\/\/i-moments.com\/ca\/wp-json\/wp\/v2\/product_brand?post=14358"},{"taxonomy":"product_cat","embeddable":true,"href":"https:\/\/i-moments.com\/ca\/wp-json\/wp\/v2\/product_cat?post=14358"},{"taxonomy":"product_tag","embeddable":true,"href":"https:\/\/i-moments.com\/ca\/wp-json\/wp\/v2\/product_tag?post=14358"}],"curies":[{"name":"wp","href":"https:\/\/api.w.org\/{rel}","templated":true}]}}