{"id":14375,"date":"2021-01-21T08:22:04","date_gmt":"2021-01-21T08:22:04","guid":{"rendered":"https:\/\/i-moments.com\/p\/sense%20categoria\/xapes-amb-tancament-imant-pack-6-uds\/"},"modified":"2025-12-23T09:11:49","modified_gmt":"2025-12-23T08:11:49","slug":"xapes-amb-tancament-iman-pack-6-uds","status":"publish","type":"product","link":"https:\/\/i-moments.com\/ca\/p\/xapes-amb-tancament-iman-pack-6-uds\/","title":{"rendered":"Xapes amb tancament imant (Pack 6 Uds)"},"content":{"rendered":"<h2 style=\"text-align: center;\"><strong>XAPES AMB TANCAMENT IMANT (PACK 6 UDS)<\/strong><\/h2>\n<p>Personalitza-la amb la foto que m\u00e9s t&#8217;agradi o crea un record per als teus convidats, amics o familiars, sorpr\u00e8n els assistents de la teva festa, casament, comuni\u00f3, bateig&#8230;<\/p>\n<h3><strong>Caracter\u00edstiques:<\/strong><\/h3>\n<ul>\n<li>Mida: \u00f85,9 cm.<\/li>\n<li>Xapa amb imant per a roba (pin).<\/li>\n<li>Pack m\u00ednim 6 unitats.<\/li>\n<\/ul>\n","protected":false},"excerpt":{"rendered":"<ul>\n<li>Mida: \u00f85,9 cm.<\/li>\n<li>Xapa amb imant per a roba (pin).<\/li>\n<li>Pack m\u00ednim 6 unitats.<\/li>\n<\/ul>\n<div><\/div>\n","protected":false},"featured_media":10982,"comment_status":"open","ping_status":"closed","template":"","meta":[],"product_brand":[],"product_cat":[610,609,871],"product_tag":[1159],"class_list":{"0":"post-14375","1":"product","2":"type-product","3":"status-publish","4":"has-post-thumbnail","6":"product_cat-accessoris-personalitzables","7":"product_cat-regala-productes-personalitzats","8":"product_cat-xapes-personalitzades","9":"product_tag-esdeveniments","11":"first","12":"instock","13":"taxable","14":"shipping-taxable","15":"purchasable","16":"product-type-variable"},"_links":{"self":[{"href":"https:\/\/i-moments.com\/ca\/wp-json\/wp\/v2\/product\/14375","targetHints":{"allow":["GET"]}}],"collection":[{"href":"https:\/\/i-moments.com\/ca\/wp-json\/wp\/v2\/product"}],"about":[{"href":"https:\/\/i-moments.com\/ca\/wp-json\/wp\/v2\/types\/product"}],"replies":[{"embeddable":true,"href":"https:\/\/i-moments.com\/ca\/wp-json\/wp\/v2\/comments?post=14375"}],"wp:featuredmedia":[{"embeddable":true,"href":"https:\/\/i-moments.com\/ca\/wp-json\/wp\/v2\/media\/10982"}],"wp:attachment":[{"href":"https:\/\/i-moments.com\/ca\/wp-json\/wp\/v2\/media?parent=14375"}],"wp:term":[{"taxonomy":"product_brand","embeddable":true,"href":"https:\/\/i-moments.com\/ca\/wp-json\/wp\/v2\/product_brand?post=14375"},{"taxonomy":"product_cat","embeddable":true,"href":"https:\/\/i-moments.com\/ca\/wp-json\/wp\/v2\/product_cat?post=14375"},{"taxonomy":"product_tag","embeddable":true,"href":"https:\/\/i-moments.com\/ca\/wp-json\/wp\/v2\/product_tag?post=14375"}],"curies":[{"name":"wp","href":"https:\/\/api.w.org\/{rel}","templated":true}]}}