{"id":14391,"date":"2021-01-20T15:16:54","date_gmt":"2021-01-20T15:16:54","guid":{"rendered":"https:\/\/i-moments.com\/p\/sense%20categoria\/corretja-personalitzada\/"},"modified":"2025-12-29T09:46:46","modified_gmt":"2025-12-29T08:46:46","slug":"corretja-personalitzada","status":"publish","type":"product","link":"https:\/\/i-moments.com\/ca\/p\/corretja-personalitzada\/","title":{"rendered":"Correa Extensible Personalitzada"},"content":{"rendered":"<h2 style=\"text-align: center;\"><strong>CORREA EXTENSIBLE PER A MASCOTA PERSONALITZADA<\/strong><\/h2>\n<p>Corretja personalitzada i retr\u00e0ctil per a gossos. Com m\u00e9s t&#8217;agrada, perqu\u00e8 cada gos \u00e9s diferent, la seva corretja tamb\u00e9 ho pot ser. Passeja el teu gos amb gran llibertat i autonomia, gr\u00e0cies a aquesta corretja retr\u00e0ctil extensible per a gossos, que inclou sistema de seguretat de bloqueig. Amb un sol bot\u00f3, podr\u00e0s ajustar la longitud de la corretja, soltant quan vulguis donar m\u00e9s llibertat a la teva mascota, o recollint i fixant quan necessitis donar-li menys extensi\u00f3 de corretja.<\/p>\n<h3><strong>Caracter\u00edstiques:<\/strong><\/h3>\n<ul>\n<li>Impressi\u00f3: 2 Cares<\/li>\n<li>Materials: TPE, poli\u00e8ster PP i nailon.<\/li>\n<li>Assaja amb esgarrifan\u00e7a ergon\u00f2mica antilliscant<\/li>\n<li>Bot\u00f3 per bloquejar<\/li>\n<\/ul>\n<p><strong>Disponible en dues mides:<\/strong><\/p>\n<ul>\n<li>Mitjana: Extensible 5 m (per a gossos fins a 20 kg)<\/li>\n<li>Gran: Extensible 8 m (per a gossos fins a 40 kg)<\/li>\n<\/ul>\n","protected":false},"excerpt":{"rendered":"<ul>\n<li>Impressi\u00f3: 2 Cares<\/li>\n<li>Materials: TPE, poli\u00e8ster PP i nailon.<\/li>\n<li>Assaja amb esgarrifan\u00e7a ergon\u00f2mica antilliscant<\/li>\n<li>Bot\u00f3 per bloquejar<\/li>\n<\/ul>\n<p><strong>Disponible en dues mides:<\/strong><\/p>\n<ul>\n<li>Mitjana: Extensible 5 m (per a gossos fins a 20 kg)<\/li>\n<li>Gran: Extensible 8 m (per a gossos fins a 40 kg)<\/li>\n<\/ul>\n","protected":false},"featured_media":21242,"comment_status":"open","ping_status":"closed","template":"","meta":[],"product_brand":[],"product_cat":[1053,609],"product_tag":[847],"class_list":{"0":"post-14391","1":"product","2":"type-product","3":"status-publish","4":"has-post-thumbnail","6":"product_cat-per-a-la-teva-mascota","7":"product_cat-regala-productes-personalitzats","8":"product_tag-per-a-mascotes","10":"first","11":"instock","12":"taxable","13":"shipping-taxable","14":"purchasable","15":"product-type-simple"},"_links":{"self":[{"href":"https:\/\/i-moments.com\/ca\/wp-json\/wp\/v2\/product\/14391","targetHints":{"allow":["GET"]}}],"collection":[{"href":"https:\/\/i-moments.com\/ca\/wp-json\/wp\/v2\/product"}],"about":[{"href":"https:\/\/i-moments.com\/ca\/wp-json\/wp\/v2\/types\/product"}],"replies":[{"embeddable":true,"href":"https:\/\/i-moments.com\/ca\/wp-json\/wp\/v2\/comments?post=14391"}],"wp:featuredmedia":[{"embeddable":true,"href":"https:\/\/i-moments.com\/ca\/wp-json\/wp\/v2\/media\/21242"}],"wp:attachment":[{"href":"https:\/\/i-moments.com\/ca\/wp-json\/wp\/v2\/media?parent=14391"}],"wp:term":[{"taxonomy":"product_brand","embeddable":true,"href":"https:\/\/i-moments.com\/ca\/wp-json\/wp\/v2\/product_brand?post=14391"},{"taxonomy":"product_cat","embeddable":true,"href":"https:\/\/i-moments.com\/ca\/wp-json\/wp\/v2\/product_cat?post=14391"},{"taxonomy":"product_tag","embeddable":true,"href":"https:\/\/i-moments.com\/ca\/wp-json\/wp\/v2\/product_tag?post=14391"}],"curies":[{"name":"wp","href":"https:\/\/api.w.org\/{rel}","templated":true}]}}