{"id":14397,"date":"2021-01-21T07:54:52","date_gmt":"2021-01-21T07:54:52","guid":{"rendered":"https:\/\/i-moments.com\/p\/sense%20categoria\/davantal-personalitzat-blanc\/"},"modified":"2026-02-20T10:09:56","modified_gmt":"2026-02-20T09:09:56","slug":"davantals-personalitzats","status":"publish","type":"product","link":"https:\/\/i-moments.com\/ca\/p\/davantals-personalitzats\/","title":{"rendered":"Davantal Blanc Personalitzat"},"content":{"rendered":"<h2 style=\"text-align: center;\"><strong>DAVANTAL <\/strong><strong>BLANC <\/strong><strong>PERSONALITZAT<\/strong><\/h2>\n<p>Si buscaves un davantal per a tu o per regalar a aquest familiar o aquest \u00e9sser estimat que \u00e9s tot un cuinetes, aquest davantal personalitzat \u00e9s el que necessites. Si no pots deixar de provar noves receptes i vols ser el millor amfitri\u00f3, t&#8217;encantar\u00e0 aquest davantal blanc de cuina personalitzat amb la teva foto favorita o la d&#8217;aquella persona especial. Amb aquest davantal personalitzat podr\u00e0s aconseguir un regal \u00fanic.<\/p>\n<p>Sorpr\u00e8n amb els nostres davantals, crea dissenys especials, afegeix fotos, nom, logos&#8230; i di-li que l&#8217;estreni la pr\u00f2xima vegada que et convidi a menjar, \u00a1aix\u00ed surts guanyant tots dos!<\/p>\n<h3><strong>Caracter\u00edstiques d&#8217; aquest D<\/strong><strong>elantal Blanc Personalitzat:<\/strong><\/h3>\n<ul>\n<li>Teixit: Poli\u00e8ster Blanc<\/li>\n<li>Mida: 70 x 85 cm<\/li>\n<li>Impressi\u00f3: 35 x 35 cm<\/li>\n<li>Apte per a rentadora i assecadora<\/li>\n<\/ul>\n<p>&nbsp;<\/p>\n","protected":false},"excerpt":{"rendered":"<p>Vols un davantal personalitzat? En i-moments tenim el regal perfecte per als amants de la cuina. Sorpr\u00e9ndele amb dissenys especials, afegeix fotos, nom, logos&#8230; personalitza el teu davantal de cuina d&#8217;una forma f\u00e0cil i senzilla.<\/p>\n","protected":false},"featured_media":25411,"comment_status":"open","ping_status":"closed","template":"","meta":[],"product_brand":[],"product_cat":[604,603,605],"product_tag":[637,854,1318,1371,627,628],"class_list":{"0":"post-14397","1":"product","2":"type-product","3":"status-publish","4":"has-post-thumbnail","6":"product_cat-davantals-personalitzats","7":"product_cat-llar","8":"product_cat-cuina-i-bany","9":"product_tag-per-a-la-llar","10":"product_tag-tornada-al-colle","11":"product_tag-regal-original","12":"product_tag-per-a-cuinetes","13":"product_tag-dia-del-pare","14":"product_tag-dia-de-la-mare","16":"first","17":"instock","18":"taxable","19":"shipping-taxable","20":"purchasable","21":"product-type-simple"},"_links":{"self":[{"href":"https:\/\/i-moments.com\/ca\/wp-json\/wp\/v2\/product\/14397","targetHints":{"allow":["GET"]}}],"collection":[{"href":"https:\/\/i-moments.com\/ca\/wp-json\/wp\/v2\/product"}],"about":[{"href":"https:\/\/i-moments.com\/ca\/wp-json\/wp\/v2\/types\/product"}],"replies":[{"embeddable":true,"href":"https:\/\/i-moments.com\/ca\/wp-json\/wp\/v2\/comments?post=14397"}],"wp:featuredmedia":[{"embeddable":true,"href":"https:\/\/i-moments.com\/ca\/wp-json\/wp\/v2\/media\/25411"}],"wp:attachment":[{"href":"https:\/\/i-moments.com\/ca\/wp-json\/wp\/v2\/media?parent=14397"}],"wp:term":[{"taxonomy":"product_brand","embeddable":true,"href":"https:\/\/i-moments.com\/ca\/wp-json\/wp\/v2\/product_brand?post=14397"},{"taxonomy":"product_cat","embeddable":true,"href":"https:\/\/i-moments.com\/ca\/wp-json\/wp\/v2\/product_cat?post=14397"},{"taxonomy":"product_tag","embeddable":true,"href":"https:\/\/i-moments.com\/ca\/wp-json\/wp\/v2\/product_tag?post=14397"}],"curies":[{"name":"wp","href":"https:\/\/api.w.org\/{rel}","templated":true}]}}