{"id":14401,"date":"2021-01-21T07:51:36","date_gmt":"2021-01-21T07:51:36","guid":{"rendered":"https:\/\/i-moments.com\/p\/sense%20categoria\/borsa-personalitzada-blanca\/"},"modified":"2025-09-30T14:54:24","modified_gmt":"2025-09-30T12:54:24","slug":"bossa-per-la-compra-personalitzada","status":"publish","type":"product","link":"https:\/\/i-moments.com\/ca\/p\/bossa-per-la-compra-personalitzada\/","title":{"rendered":"Borsa Personalitzada Blanca"},"content":{"rendered":"<h2 style=\"text-align: center;\"><strong>BORSA PERSONALITZADA BLANCA<\/strong><\/h2>\n<p>Amb aquesta bossa personalitzada es va acabar acumular bosses de pl\u00e0stic sense sentit. Podr\u00e0s tenir una bossa personalitzada per a les teves compres o per al que vulguis: un dia de platja, un passeig pel centre de la teva ciutat, un passeig r\u00e0pid amb la teva fam\u00edlia&#8230; La comoditat est\u00e0 garantida amb aquesta bossa personalitza blanca en la qual podr\u00e0s portar tot i el que vulguis.<\/p>\n<p>Dissenya la teva bossa personalitzada amb la imatge o frase que m\u00e9s t&#8217;agradi. Amb i-moments \u00e9s molt senzill personalitzar-la! Ideal per anar a comprar amb estil, portar el berenar o joguines dels teus fills o com a regal especial.<\/p>\n<h3><strong>Caracter\u00edstiques Borsa Personalitzada Blanca:<\/strong><\/h3>\n<ul>\n<li>Color: Blanc<\/li>\n<li><span style=\"color: #555555;\">Impreses a dues cares<\/span><\/li>\n<li>Material: Poli\u00e8ster<\/li>\n<li>Mida: 35,5 x 41 cm (Asa 38 cm)<\/li>\n<\/ul>\n","protected":false},"excerpt":{"rendered":"<p>Necessites una bossa personalitzada pr\u00e0ctica? Amb aquesta tote bag blanca tindr\u00e0s un accessori per a les teves tardes de passeig, els dies de platja o perqu\u00e8 els teus fills puguin portar el seu berenar al col\u00b7legi c\u00f2modament sense por a equivocacions.<\/p>\n<p><strong>CARACTER\u00cdSTIQUES <\/strong><\/p>\n<ul>\n<li>Color: Blanc<\/li>\n<li><span style=\"color: #555555;\">Impreses a dues cares<\/span><\/li>\n<li>Material: Poli\u00e8ster<\/li>\n<li>Mida: 35,5 x 41 cm (Asa 38 cm)<\/li>\n<\/ul>\n","protected":false},"featured_media":20434,"comment_status":"open","ping_status":"closed","template":"","meta":[],"product_brand":[],"product_cat":[608,603,609,610],"product_tag":[651,706,707,1159,611,612,628,639],"class_list":{"0":"post-14401","1":"product","2":"type-product","3":"status-publish","4":"has-post-thumbnail","6":"product_cat-borses-personalitzades","7":"product_cat-llar","8":"product_cat-regala-productes-personalitzats","9":"product_cat-accessoris-personalitzables","10":"product_tag-vacances","11":"product_tag-per-a-ella","12":"product_tag-amic-invisible","13":"product_tag-esdeveniments","14":"product_tag-bossa-reutilitzable","15":"product_tag-summer-vibes-ca","16":"product_tag-dia-de-la-mare","17":"product_tag-regals-per-a-profes","19":"first","20":"instock","21":"taxable","22":"shipping-taxable","23":"purchasable","24":"product-type-simple"},"_links":{"self":[{"href":"https:\/\/i-moments.com\/ca\/wp-json\/wp\/v2\/product\/14401","targetHints":{"allow":["GET"]}}],"collection":[{"href":"https:\/\/i-moments.com\/ca\/wp-json\/wp\/v2\/product"}],"about":[{"href":"https:\/\/i-moments.com\/ca\/wp-json\/wp\/v2\/types\/product"}],"replies":[{"embeddable":true,"href":"https:\/\/i-moments.com\/ca\/wp-json\/wp\/v2\/comments?post=14401"}],"wp:featuredmedia":[{"embeddable":true,"href":"https:\/\/i-moments.com\/ca\/wp-json\/wp\/v2\/media\/20434"}],"wp:attachment":[{"href":"https:\/\/i-moments.com\/ca\/wp-json\/wp\/v2\/media?parent=14401"}],"wp:term":[{"taxonomy":"product_brand","embeddable":true,"href":"https:\/\/i-moments.com\/ca\/wp-json\/wp\/v2\/product_brand?post=14401"},{"taxonomy":"product_cat","embeddable":true,"href":"https:\/\/i-moments.com\/ca\/wp-json\/wp\/v2\/product_cat?post=14401"},{"taxonomy":"product_tag","embeddable":true,"href":"https:\/\/i-moments.com\/ca\/wp-json\/wp\/v2\/product_tag?post=14401"}],"curies":[{"name":"wp","href":"https:\/\/api.w.org\/{rel}","templated":true}]}}