{"id":14407,"date":"2021-01-21T08:54:07","date_gmt":"2021-01-21T08:54:07","guid":{"rendered":"https:\/\/i-moments.com\/p\/sense%20categoria\/coixi-45x45-personalitzat-1-cara\/"},"modified":"2025-09-30T14:53:02","modified_gmt":"2025-09-30T12:53:02","slug":"coixin-45x45-personalitzat-1-cara","status":"publish","type":"product","link":"https:\/\/i-moments.com\/ca\/p\/coixin-45x45-personalitzat-1-cara\/","title":{"rendered":"Coix\u00ed Personalitzat (1 Cara)"},"content":{"rendered":"<h2 style=\"text-align: center;\"><strong>COIX\u00cd PERSONALITZAT (1 CARA)<\/strong><\/h2>\n<p>Crea originals Coixins Personalitzats amb fotos i textos. Puja una foto o logo i dissenya el coix\u00ed m\u00e9s original. Els coixins s\u00f3n un regal per a totes les edats i per a qualsevol ocasi\u00f3, coixins decoratius per al sof\u00e0 o per al dormitori. N&#8217;hi ha d&#8217;infantils per a nens o per a gent gran. Tria entre diversos dissenys i fes un coix\u00ed amb foto personalitzat en pocs minuts.<\/p>\n<h3><strong>Caracter\u00edstiques<\/strong>:<\/h3>\n<ul>\n<li>Impr\u00e8s a una cara<\/li>\n<li>Coix\u00ed amb tacte sat\u00e9n<\/li>\n<li>Apte per a rentadora<\/li>\n<li>Inclou Rebliment<\/li>\n<li>Mida 45&#215;45 cm<\/li>\n<\/ul>\n","protected":false},"excerpt":{"rendered":"<ul>\n<li>Impr\u00e8s a una cara<\/li>\n<li>Coix\u00ed amb tacte sat\u00e9n<\/li>\n<li>Apte per a rentadora<\/li>\n<li>Inclou Rebliment<\/li>\n<li>Mida 45&#215;45 cm<\/li>\n<\/ul>\n<div><\/div>\n","protected":false},"featured_media":20393,"comment_status":"open","ping_status":"closed","template":"","meta":[],"product_brand":[],"product_cat":[705,704],"product_tag":[637,651,686,706,707,627,628],"class_list":{"0":"post-14407","1":"product","2":"type-product","3":"status-publish","4":"has-post-thumbnail","6":"product_cat-coixins-quadrats-personalitzats","7":"product_cat-coixins-personalitzats","8":"product_tag-per-a-la-llar","9":"product_tag-vacances","10":"product_tag-sant-valenti","11":"product_tag-per-a-ella","12":"product_tag-amic-invisible","13":"product_tag-dia-del-pare","14":"product_tag-dia-de-la-mare","16":"first","17":"instock","18":"taxable","19":"shipping-taxable","20":"purchasable","21":"product-type-simple"},"_links":{"self":[{"href":"https:\/\/i-moments.com\/ca\/wp-json\/wp\/v2\/product\/14407","targetHints":{"allow":["GET"]}}],"collection":[{"href":"https:\/\/i-moments.com\/ca\/wp-json\/wp\/v2\/product"}],"about":[{"href":"https:\/\/i-moments.com\/ca\/wp-json\/wp\/v2\/types\/product"}],"replies":[{"embeddable":true,"href":"https:\/\/i-moments.com\/ca\/wp-json\/wp\/v2\/comments?post=14407"}],"wp:featuredmedia":[{"embeddable":true,"href":"https:\/\/i-moments.com\/ca\/wp-json\/wp\/v2\/media\/20393"}],"wp:attachment":[{"href":"https:\/\/i-moments.com\/ca\/wp-json\/wp\/v2\/media?parent=14407"}],"wp:term":[{"taxonomy":"product_brand","embeddable":true,"href":"https:\/\/i-moments.com\/ca\/wp-json\/wp\/v2\/product_brand?post=14407"},{"taxonomy":"product_cat","embeddable":true,"href":"https:\/\/i-moments.com\/ca\/wp-json\/wp\/v2\/product_cat?post=14407"},{"taxonomy":"product_tag","embeddable":true,"href":"https:\/\/i-moments.com\/ca\/wp-json\/wp\/v2\/product_tag?post=14407"}],"curies":[{"name":"wp","href":"https:\/\/api.w.org\/{rel}","templated":true}]}}