{"id":14411,"date":"2021-01-21T08:50:21","date_gmt":"2021-01-21T08:50:21","guid":{"rendered":"https:\/\/i-moments.com\/p\/sense%20categoria\/coixi-lux-43x43-personalitzat\/"},"modified":"2026-03-30T13:15:21","modified_gmt":"2026-03-30T11:15:21","slug":"coixin-lux-45x45-personalitzat","status":"publish","type":"product","link":"https:\/\/i-moments.com\/ca\/p\/coixin-lux-45x45-personalitzat\/","title":{"rendered":"Coix\u00ed Lux Personalitzat"},"content":{"rendered":"<h1 style=\"text-align: center;\"><strong>COJ\u00cdN LUX PERSONALITZAT<\/strong><\/h1>\n<p>Personalitza el teu Coix\u00ed amb els teus millors moments. A una cara amb dors blau mar\u00ed. Puja una foto o logo i dissenya el coix\u00ed m\u00e9s original. Els coixins s\u00f3n un regal per a totes les edats i per a qualsevol ocasi\u00f3, coixins decoratius per al sof\u00e0 o per al dormitori. N&#8217;hi ha d&#8217;infantils per a nens o per a gent gran. Tria entre diversos dissenys i fes un coix\u00ed amb foto personalitzat en pocs minuts.<\/p>\n<h3><strong>Caracter\u00edstiques:<\/strong><\/h3>\n<ul>\n<li>Impr\u00e8s a una cara<\/li>\n<li>100% poli\u00e8ster<\/li>\n<li>Inclou farciment<\/li>\n<li>Mida: 43&#215;43 cm<\/li>\n<li>Apte per a rentadora<\/li>\n<\/ul>\n","protected":false},"excerpt":{"rendered":"<p>&nbsp;<\/p>\n<ul>\n<li>Impr\u00e8s a una cara<\/li>\n<li>100% poli\u00e8ster<\/li>\n<li>Inclou farciment<\/li>\n<li>Mida: 43&#215;43 cm<\/li>\n<li>Apte per a rentadora<\/li>\n<\/ul>\n","protected":false},"featured_media":20539,"comment_status":"open","ping_status":"closed","template":"","meta":[],"product_brand":[],"product_cat":[704,705],"product_tag":[686,706,628,637,651],"class_list":{"0":"post-14411","1":"product","2":"type-product","3":"status-publish","4":"has-post-thumbnail","6":"product_cat-coixins-personalitzats","7":"product_cat-coixins-quadrats-personalitzats","8":"product_tag-sant-valenti","9":"product_tag-per-a-ella","10":"product_tag-dia-de-la-mare","11":"product_tag-per-a-la-llar","12":"product_tag-vacances","14":"first","15":"instock","16":"taxable","17":"shipping-taxable","18":"purchasable","19":"product-type-simple"},"_links":{"self":[{"href":"https:\/\/i-moments.com\/ca\/wp-json\/wp\/v2\/product\/14411","targetHints":{"allow":["GET"]}}],"collection":[{"href":"https:\/\/i-moments.com\/ca\/wp-json\/wp\/v2\/product"}],"about":[{"href":"https:\/\/i-moments.com\/ca\/wp-json\/wp\/v2\/types\/product"}],"replies":[{"embeddable":true,"href":"https:\/\/i-moments.com\/ca\/wp-json\/wp\/v2\/comments?post=14411"}],"wp:featuredmedia":[{"embeddable":true,"href":"https:\/\/i-moments.com\/ca\/wp-json\/wp\/v2\/media\/20539"}],"wp:attachment":[{"href":"https:\/\/i-moments.com\/ca\/wp-json\/wp\/v2\/media?parent=14411"}],"wp:term":[{"taxonomy":"product_brand","embeddable":true,"href":"https:\/\/i-moments.com\/ca\/wp-json\/wp\/v2\/product_brand?post=14411"},{"taxonomy":"product_cat","embeddable":true,"href":"https:\/\/i-moments.com\/ca\/wp-json\/wp\/v2\/product_cat?post=14411"},{"taxonomy":"product_tag","embeddable":true,"href":"https:\/\/i-moments.com\/ca\/wp-json\/wp\/v2\/product_tag?post=14411"}],"curies":[{"name":"wp","href":"https:\/\/api.w.org\/{rel}","templated":true}]}}