{"id":14419,"date":"2021-01-21T08:02:19","date_gmt":"2021-01-21T08:02:19","guid":{"rendered":"https:\/\/i-moments.com\/p\/sense%20categoria\/mantell-personalitzat\/"},"modified":"2025-09-30T14:54:06","modified_gmt":"2025-09-30T12:54:06","slug":"mantell-personalitzat","status":"publish","type":"product","link":"https:\/\/i-moments.com\/ca\/p\/mantell-personalitzat\/","title":{"rendered":"Mantell Personalitzat"},"content":{"rendered":"<h2 style=\"text-align: center;\"><strong>MANTELL PERSONALITZAT<\/strong><\/h2>\n<p>Esmorzar, dinar o sopar ser\u00e0 m\u00e9s divertit, tamb\u00e9 pots posar-li la teva publicitat.<br \/>\nFabricat amb una base de cautx\u00fa anti-lliscaments i impr\u00e8s amb la millor tecnologia d&#8217;impressi\u00f3 t\u00e8rmica, el teu mantell ser\u00e0 exclusiu.<\/p>\n<h3><strong>Caracter\u00edstiques:<\/strong><\/h3>\n<ul>\n<li>Mides: 40&#215;25 \/ 60\u00d740<\/li>\n<li>Base Antilliscant<\/li>\n<li>Material: Cautx\u00fa negre \/ Poli\u00e8ster<\/li>\n<li>Anti-taques<\/li>\n<li>Apta per a Rentadora<\/li>\n<\/ul>\n","protected":false},"excerpt":{"rendered":"<ul>\n<li>Mides: 40&#215;25 \/ 60\u00d740<\/li>\n<li>Base Antilliscant<\/li>\n<li>Material: Cautx\u00fa negre \/ Poli\u00e8ster<\/li>\n<li>Anti-taques<\/li>\n<li>Apta per a Rentadora<\/li>\n<\/ul>\n<div><\/div>\n","protected":false},"featured_media":11090,"comment_status":"open","ping_status":"closed","template":"","meta":[],"product_brand":[],"product_cat":[603,605],"product_tag":[637],"class_list":{"0":"post-14419","1":"product","2":"type-product","3":"status-publish","4":"has-post-thumbnail","6":"product_cat-llar","7":"product_cat-cuina-i-bany","8":"product_tag-per-a-la-llar","10":"first","11":"instock","12":"taxable","13":"shipping-taxable","14":"purchasable","15":"product-type-simple"},"_links":{"self":[{"href":"https:\/\/i-moments.com\/ca\/wp-json\/wp\/v2\/product\/14419","targetHints":{"allow":["GET"]}}],"collection":[{"href":"https:\/\/i-moments.com\/ca\/wp-json\/wp\/v2\/product"}],"about":[{"href":"https:\/\/i-moments.com\/ca\/wp-json\/wp\/v2\/types\/product"}],"replies":[{"embeddable":true,"href":"https:\/\/i-moments.com\/ca\/wp-json\/wp\/v2\/comments?post=14419"}],"wp:featuredmedia":[{"embeddable":true,"href":"https:\/\/i-moments.com\/ca\/wp-json\/wp\/v2\/media\/11090"}],"wp:attachment":[{"href":"https:\/\/i-moments.com\/ca\/wp-json\/wp\/v2\/media?parent=14419"}],"wp:term":[{"taxonomy":"product_brand","embeddable":true,"href":"https:\/\/i-moments.com\/ca\/wp-json\/wp\/v2\/product_brand?post=14419"},{"taxonomy":"product_cat","embeddable":true,"href":"https:\/\/i-moments.com\/ca\/wp-json\/wp\/v2\/product_cat?post=14419"},{"taxonomy":"product_tag","embeddable":true,"href":"https:\/\/i-moments.com\/ca\/wp-json\/wp\/v2\/product_tag?post=14419"}],"curies":[{"name":"wp","href":"https:\/\/api.w.org\/{rel}","templated":true}]}}