{"id":14423,"date":"2021-01-21T07:58:11","date_gmt":"2021-01-21T07:58:11","guid":{"rendered":"https:\/\/i-moments.com\/p\/sense%20categoria\/fiambrera-personalitzada-2\/"},"modified":"2025-09-30T14:54:15","modified_gmt":"2025-09-30T12:54:15","slug":"fiambrera-personalitzada-2","status":"publish","type":"product","link":"https:\/\/i-moments.com\/ca\/p\/fiambrera-personalitzada-2\/","title":{"rendered":"Fiambrera Personalitzada"},"content":{"rendered":"<h2 style=\"text-align: center;\"><strong>FIAMBRERA PERSONALITZADA<\/strong><\/h2>\n<p>Perqu\u00e8 els m\u00e9s peques no la perdin, per estalviar en paper d&#8217;alumini, per portar-te la teva ensaladita o maced\u00f2nia a la feina.<br \/>\nCrea, dissenya i personalitza la teva fiambrera amb les teves fotos posa-li el teu nom, text o frase. La teva fiambrera ser\u00e0 la m\u00e9s exclusiva.<\/p>\n<h3><strong>Caracter\u00edstiques:<\/strong><\/h3>\n<ul>\n<li>Colors: Rosa \/ Blau<\/li>\n<li>Mida: 18 x 12 x 6 cm<\/li>\n<li>Mida impressi\u00f3: 17 x 11 cm<\/li>\n<li>Apta per a microones sense la tapa (la tapa cont\u00e9 una planxa met\u00e0l\u00b7lica)<\/li>\n<\/ul>\n","protected":false},"excerpt":{"rendered":"<ul>\n<li>Colors: Rosa \/ Blau<\/li>\n<li>Mida: 18 x 12 x 6 cm<\/li>\n<li>Mida impressi\u00f3: 17 x 11 cm<\/li>\n<li>Apta per a microones sense la tapa (la tapa cont\u00e9 una planxa met\u00e0l\u00b7lica)<\/li>\n<\/ul>\n","protected":false},"featured_media":11094,"comment_status":"open","ping_status":"closed","template":"","meta":[],"product_brand":[],"product_cat":[801,797,803,603,605],"product_tag":[854,637],"class_list":{"0":"post-14423","1":"product","2":"type-product","3":"status-publish","4":"has-post-thumbnail","6":"product_cat-carmanyola-personalitzada","7":"product_cat-nens","8":"product_cat-per-a-nens","9":"product_cat-llar","10":"product_cat-cuina-i-bany","11":"product_tag-tornada-al-colle","12":"product_tag-per-a-la-llar","14":"first","15":"instock","16":"taxable","17":"shipping-taxable","18":"purchasable","19":"product-type-simple"},"_links":{"self":[{"href":"https:\/\/i-moments.com\/ca\/wp-json\/wp\/v2\/product\/14423","targetHints":{"allow":["GET"]}}],"collection":[{"href":"https:\/\/i-moments.com\/ca\/wp-json\/wp\/v2\/product"}],"about":[{"href":"https:\/\/i-moments.com\/ca\/wp-json\/wp\/v2\/types\/product"}],"replies":[{"embeddable":true,"href":"https:\/\/i-moments.com\/ca\/wp-json\/wp\/v2\/comments?post=14423"}],"wp:featuredmedia":[{"embeddable":true,"href":"https:\/\/i-moments.com\/ca\/wp-json\/wp\/v2\/media\/11094"}],"wp:attachment":[{"href":"https:\/\/i-moments.com\/ca\/wp-json\/wp\/v2\/media?parent=14423"}],"wp:term":[{"taxonomy":"product_brand","embeddable":true,"href":"https:\/\/i-moments.com\/ca\/wp-json\/wp\/v2\/product_brand?post=14423"},{"taxonomy":"product_cat","embeddable":true,"href":"https:\/\/i-moments.com\/ca\/wp-json\/wp\/v2\/product_cat?post=14423"},{"taxonomy":"product_tag","embeddable":true,"href":"https:\/\/i-moments.com\/ca\/wp-json\/wp\/v2\/product_tag?post=14423"}],"curies":[{"name":"wp","href":"https:\/\/api.w.org\/{rel}","templated":true}]}}