{"id":14429,"date":"2021-01-21T07:44:38","date_gmt":"2021-01-21T07:44:38","guid":{"rendered":"https:\/\/i-moments.com\/p\/sense%20categoria\/catifa-de-bany-personalitzada\/"},"modified":"2025-09-30T14:54:45","modified_gmt":"2025-09-30T12:54:45","slug":"catifa-de-an-personalitzada","status":"publish","type":"product","link":"https:\/\/i-moments.com\/ca\/p\/catifa-de-an-personalitzada\/","title":{"rendered":"Catifa de Bany Personalitzada"},"content":{"rendered":"<h2 style=\"text-align: center;\"><strong>CATIFA DE BANY PERSONALITZADA<\/strong><\/h2>\n<p>Amb aquesta catifa personalitzada li donar\u00e0s un toc original i divertit al teu bany, \u00e9s s\u00faper suau, encoixinada i amb base antilliscant per a m\u00e9s seguretat.<\/p>\n<h3><strong>Caracter\u00edstiques:<\/strong><\/h3>\n<ul>\n<li>Mida: 60 x 40 cm<\/li>\n<li>Material: Poli\u00e8ster<\/li>\n<li>Base antilliscant<\/li>\n<li>Tacte suau<\/li>\n<li>Encoixonada<\/li>\n<\/ul>\n","protected":false},"excerpt":{"rendered":"<ul>\n<li>Mida: 60 x 40 cm<\/li>\n<li>Material: Poli\u00e8ster<\/li>\n<li>Base antilliscant<\/li>\n<li>Tacte suau<\/li>\n<li>Encoixonada<\/li>\n<\/ul>\n","protected":false},"featured_media":9350,"comment_status":"open","ping_status":"closed","template":"","meta":[],"product_brand":[],"product_cat":[603,605],"product_tag":[637],"class_list":{"0":"post-14429","1":"product","2":"type-product","3":"status-publish","4":"has-post-thumbnail","6":"product_cat-llar","7":"product_cat-cuina-i-bany","8":"product_tag-per-a-la-llar","10":"first","11":"instock","12":"taxable","13":"shipping-taxable","14":"purchasable","15":"product-type-simple"},"_links":{"self":[{"href":"https:\/\/i-moments.com\/ca\/wp-json\/wp\/v2\/product\/14429","targetHints":{"allow":["GET"]}}],"collection":[{"href":"https:\/\/i-moments.com\/ca\/wp-json\/wp\/v2\/product"}],"about":[{"href":"https:\/\/i-moments.com\/ca\/wp-json\/wp\/v2\/types\/product"}],"replies":[{"embeddable":true,"href":"https:\/\/i-moments.com\/ca\/wp-json\/wp\/v2\/comments?post=14429"}],"wp:featuredmedia":[{"embeddable":true,"href":"https:\/\/i-moments.com\/ca\/wp-json\/wp\/v2\/media\/9350"}],"wp:attachment":[{"href":"https:\/\/i-moments.com\/ca\/wp-json\/wp\/v2\/media?parent=14429"}],"wp:term":[{"taxonomy":"product_brand","embeddable":true,"href":"https:\/\/i-moments.com\/ca\/wp-json\/wp\/v2\/product_brand?post=14429"},{"taxonomy":"product_cat","embeddable":true,"href":"https:\/\/i-moments.com\/ca\/wp-json\/wp\/v2\/product_cat?post=14429"},{"taxonomy":"product_tag","embeddable":true,"href":"https:\/\/i-moments.com\/ca\/wp-json\/wp\/v2\/product_tag?post=14429"}],"curies":[{"name":"wp","href":"https:\/\/api.w.org\/{rel}","templated":true}]}}