{"id":14433,"date":"2021-01-20T15:26:08","date_gmt":"2021-01-20T15:26:08","guid":{"rendered":"https:\/\/i-moments.com\/p\/sense%20categoria\/tovallola-personalitzada\/"},"modified":"2025-12-30T07:53:19","modified_gmt":"2025-12-30T06:53:19","slug":"tovallola-personalitzada","status":"publish","type":"product","link":"https:\/\/i-moments.com\/ca\/p\/tovallola-personalitzada\/","title":{"rendered":"Tovallola per a Mascota Personalitzada"},"content":{"rendered":"<h2 class=\"f-primary-b b-title-b-hr f-title-b-hr f-h4-special hidden-xs hidden-sm\" style=\"text-align: center;\"><strong>TOVALLOLA PER A MASCOTA PERSONALITZADA<\/strong><\/h2>\n<p>Sabem que la mascota \u00e9s un membre m\u00e9s dins de la fam\u00edlia al qual se&#8217;l tracta amb molt afecte. Les tovalloles per a mascotes s\u00f3n un element imprescindible durant el bany.<\/p>\n<h3><strong>Caracter\u00edstiques:<\/strong><\/h3>\n<ul>\n<li>Mides: 70&#215;40 cm \/ 90&#215;60 cm<\/li>\n<li>Impressi\u00f3: 1 Cara<\/li>\n<li>Color: Blanc<\/li>\n<li>Tacte Terciopelo<\/li>\n<li>Cara: Poli\u00e8ster 100% Microfibra<\/li>\n<li>Dors: 100% Cot\u00f3<\/li>\n<li>Pes: 400 gr m2<\/li>\n<li>Aptes per a rentadora i assecadora<\/li>\n<\/ul>\n","protected":false},"excerpt":{"rendered":"<ul>\n<li>Mides: 70&#215;40 cm \/ 90&#215;60 cm<\/li>\n<li>Impressi\u00f3: 1 Cara<\/li>\n<li>Color: Blanc<\/li>\n<li>Tacte Terciopelo<\/li>\n<li>Cara: Poli\u00e8ster 100% Microfibra<\/li>\n<li>Dors: 100% Cot\u00f3<\/li>\n<li>Pes: 400 gr m2<\/li>\n<li>Aptes per a rentadora i assecadora<\/li>\n<\/ul>\n","protected":false},"featured_media":10210,"comment_status":"open","ping_status":"closed","template":"","meta":[],"product_brand":[],"product_cat":[1053,609],"product_tag":[847],"class_list":{"0":"post-14433","1":"product","2":"type-product","3":"status-publish","4":"has-post-thumbnail","6":"product_cat-per-a-la-teva-mascota","7":"product_cat-regala-productes-personalitzats","8":"product_tag-per-a-mascotes","10":"first","11":"instock","12":"taxable","13":"shipping-taxable","14":"purchasable","15":"product-type-variable"},"_links":{"self":[{"href":"https:\/\/i-moments.com\/ca\/wp-json\/wp\/v2\/product\/14433","targetHints":{"allow":["GET"]}}],"collection":[{"href":"https:\/\/i-moments.com\/ca\/wp-json\/wp\/v2\/product"}],"about":[{"href":"https:\/\/i-moments.com\/ca\/wp-json\/wp\/v2\/types\/product"}],"replies":[{"embeddable":true,"href":"https:\/\/i-moments.com\/ca\/wp-json\/wp\/v2\/comments?post=14433"}],"wp:featuredmedia":[{"embeddable":true,"href":"https:\/\/i-moments.com\/ca\/wp-json\/wp\/v2\/media\/10210"}],"wp:attachment":[{"href":"https:\/\/i-moments.com\/ca\/wp-json\/wp\/v2\/media?parent=14433"}],"wp:term":[{"taxonomy":"product_brand","embeddable":true,"href":"https:\/\/i-moments.com\/ca\/wp-json\/wp\/v2\/product_brand?post=14433"},{"taxonomy":"product_cat","embeddable":true,"href":"https:\/\/i-moments.com\/ca\/wp-json\/wp\/v2\/product_cat?post=14433"},{"taxonomy":"product_tag","embeddable":true,"href":"https:\/\/i-moments.com\/ca\/wp-json\/wp\/v2\/product_tag?post=14433"}],"curies":[{"name":"wp","href":"https:\/\/api.w.org\/{rel}","templated":true}]}}