{"id":14437,"date":"2021-01-20T12:53:17","date_gmt":"2021-01-20T12:53:17","guid":{"rendered":"https:\/\/i-moments.com\/p\/sense%20categoria\/catifa-encoixal-personalitzada\/"},"modified":"2025-09-30T14:55:15","modified_gmt":"2025-09-30T12:55:15","slug":"catifa-encoixonada-personalitzada","status":"publish","type":"product","link":"https:\/\/i-moments.com\/ca\/p\/catifa-encoixonada-personalitzada\/","title":{"rendered":"Catifa Encoixal Personalitzada"},"content":{"rendered":"<h2 style=\"text-align: center;\"><strong>CATIFA ENCOIXUDA PERSONALITZADA<\/strong><\/h2>\n<p>Catifa encoixal personalitzada (Cama plana) per a mascotes.<br \/>\nS\u00f3n encoixinades, s\u00faper suaus i de f\u00e0cil rentat. Un \u00fatil producte per a amors de quatre potes. Tria una foto de la teva mascota i posa-li el seu nom.<\/p>\n<h3><strong>Caracter\u00edstiques:<\/strong><\/h3>\n<ul>\n<li>Mida: 60 x 40 cm<\/li>\n<li>Material: Poli\u00e8ster<\/li>\n<li>Base antilliscant<\/li>\n<li>Tacte suau<\/li>\n<li>Encoixonada<\/li>\n<\/ul>\n","protected":false},"excerpt":{"rendered":"<ul>\n<li>Mida: 60 x 40 cm<\/li>\n<li>Material: Poli\u00e8ster<\/li>\n<li>Base antilliscant<\/li>\n<li>Tacte suau<\/li>\n<li>Encoixonada<\/li>\n<\/ul>\n","protected":false},"featured_media":10136,"comment_status":"open","ping_status":"closed","template":"","meta":[],"product_brand":[],"product_cat":[1053,609],"product_tag":[847],"class_list":{"0":"post-14437","1":"product","2":"type-product","3":"status-publish","4":"has-post-thumbnail","6":"product_cat-per-a-la-teva-mascota","7":"product_cat-regala-productes-personalitzats","8":"product_tag-per-a-mascotes","10":"first","11":"instock","12":"taxable","13":"shipping-taxable","14":"purchasable","15":"product-type-simple"},"_links":{"self":[{"href":"https:\/\/i-moments.com\/ca\/wp-json\/wp\/v2\/product\/14437","targetHints":{"allow":["GET"]}}],"collection":[{"href":"https:\/\/i-moments.com\/ca\/wp-json\/wp\/v2\/product"}],"about":[{"href":"https:\/\/i-moments.com\/ca\/wp-json\/wp\/v2\/types\/product"}],"replies":[{"embeddable":true,"href":"https:\/\/i-moments.com\/ca\/wp-json\/wp\/v2\/comments?post=14437"}],"wp:featuredmedia":[{"embeddable":true,"href":"https:\/\/i-moments.com\/ca\/wp-json\/wp\/v2\/media\/10136"}],"wp:attachment":[{"href":"https:\/\/i-moments.com\/ca\/wp-json\/wp\/v2\/media?parent=14437"}],"wp:term":[{"taxonomy":"product_brand","embeddable":true,"href":"https:\/\/i-moments.com\/ca\/wp-json\/wp\/v2\/product_brand?post=14437"},{"taxonomy":"product_cat","embeddable":true,"href":"https:\/\/i-moments.com\/ca\/wp-json\/wp\/v2\/product_cat?post=14437"},{"taxonomy":"product_tag","embeddable":true,"href":"https:\/\/i-moments.com\/ca\/wp-json\/wp\/v2\/product_tag?post=14437"}],"curies":[{"name":"wp","href":"https:\/\/api.w.org\/{rel}","templated":true}]}}